{"id":6004,"date":"2024-11-15T18:36:57","date_gmt":"2024-11-15T16:36:57","guid":{"rendered":"https:\/\/hardflightcase.lt\/?post_type=product&#038;p=6004"},"modified":"2025-04-03T12:11:42","modified_gmt":"2025-04-03T09:11:42","slug":"apsaugine-transportavimo-deze-is-plastiko-hfc-h51-hard-case-serija-h","status":"publish","type":"product","link":"https:\/\/hardflightcase.com\/lt\/produktas\/apsaugine-transportavimo-deze-is-plastiko-hfc-h51-hard-case-serija-h\/","title":{"rendered":"Apsaugin\u0117 transportavimo d\u0117\u017e\u0117 i\u0161 plastiko HFC  H51 Hard Case Serija H"},"content":{"rendered":"<p>[et_pb_section fb_built=&#8221;1&#8243; _builder_version=&#8221;4.27.4&#8243; background_color=&#8221;RGBA(255,255,255,0)&#8221; custom_margin=&#8221;0px||0px||false|false&#8221; custom_padding=&#8221;0px||0px||false|false&#8221; global_colors_info=&#8221;{}&#8221;][et_pb_row _builder_version=&#8221;4.27.4&#8243; background_color=&#8221;RGBA(255,255,255,0)&#8221; background_size=&#8221;initial&#8221; background_position=&#8221;top_left&#8221; background_repeat=&#8221;repeat&#8221; width=&#8221;90%&#8221; max_width=&#8221;100%&#8221; module_alignment=&#8221;center&#8221; global_colors_info=&#8221;{}&#8221;][et_pb_column type=&#8221;4_4&#8243; _builder_version=&#8221;4.16&#8243; custom_padding=&#8221;|||&#8221; global_colors_info=&#8221;{}&#8221; custom_padding__hover=&#8221;|||&#8221;][et_pb_text _builder_version=&#8221;4.27.4&#8243; _module_preset=&#8221;default&#8221; text_font_size=&#8221;17px&#8221; hover_enabled=&#8221;0&#8243; global_colors_info=&#8221;{}&#8221; sticky_enabled=&#8221;0&#8243;]<\/p>\n<p><strong>\u0160i apsaugin\u0117 transportavimo d\u0117\u017e\u0117 i\u0161 plastiko <\/strong>suprojektuota taip, kad j\u0105 b\u016bt\u0173 lengva transportuoti vienam asmeniui, o transportavimo d\u0117\u017e\u0117s ilgis ir plotis suteikia neribotas transportavimo galimybes..<\/p>\n<p>[\/et_pb_text][et_pb_text _builder_version=&#8221;4.27.4&#8243; _module_preset=&#8221;default&#8221; text_font=&#8221;|600|||||||&#8221; text_font_size=&#8221;24px&#8221; global_colors_info=&#8221;{}&#8221;]<\/p>\n<p>Specifikacijos:<\/p>\n<p>[\/et_pb_text][\/et_pb_column][\/et_pb_row][et_pb_row use_custom_gutter=&#8221;on&#8221; gutter_width=&#8221;1&#8243; make_equal=&#8221;on&#8221; _builder_version=&#8221;4.27.4&#8243; _module_preset=&#8221;default&#8221; background_color=&#8221;RGBA(255,255,255,0)&#8221; width=&#8221;90%&#8221; max_width=&#8221;100%&#8221; module_alignment=&#8221;center&#8221; custom_margin=&#8221;0px||0px||false|false&#8221; custom_padding=&#8221;0px||0px||false|false&#8221; custom_css_main_element=&#8221;display: flex;&#8221; global_colors_info=&#8221;{}&#8221;][et_pb_column type=&#8221;4_4&#8243; _builder_version=&#8221;4.27.4&#8243; _module_preset=&#8221;default&#8221; global_colors_info=&#8221;{}&#8221;][et_pb_text _builder_version=&#8221;4.27.4&#8243; _module_preset=&#8221;default&#8221; text_font_size=&#8221;17px&#8221; background_color=&#8221;#FFFFFF&#8221; global_colors_info=&#8221;{}&#8221;]<\/p>\n<table style=\"border-collapse: collapse; width: 100%;\" border=\"1\">\n<tbody>\n<tr>\n<td style=\"width: 50%; text-align: center;\"><strong>I\u0161oriniai matmenys<\/strong><\/td>\n<td style=\"width: 50%; text-align: center;\">103 x 51 x 37.5 cm<\/td>\n<\/tr>\n<tr>\n<td style=\"width: 50%; text-align: center;\"><strong>Med\u017eiaga:<\/strong><\/td>\n<td style=\"width: 50%; text-align: center;\">\u00a0polietilenas (PE)<\/td>\n<\/tr>\n<tr>\n<td style=\"width: 50%; text-align: center;\"><strong>U\u017eraktai:<\/strong><\/td>\n<td style=\"width: 50%; text-align: center;\">4 &#8222;Butterfly&#8221; tipo<\/td>\n<\/tr>\n<tr>\n<td style=\"width: 50%; text-align: center;\"><strong>Rankenos:<\/strong><\/td>\n<td style=\"width: 50%; text-align: center;\">\n<p>3 plienin\u0117s rankenos, su pritraukimo funkcija<\/p>\n<\/td>\n<\/tr>\n<tr>\n<td style=\"width: 50%; text-align: center;\"><strong>Kampai:<\/strong><\/td>\n<td style=\"width: 50%; text-align: center;\">Sustiprinti, sm\u016bgiams atspar\u016bs<\/td>\n<\/tr>\n<tr>\n<td style=\"width: 50%; text-align: center;\"><strong>Vidiniai matmenys (PxGxA):<\/strong><\/td>\n<td style=\"width: 50%; text-align: center;\">93.3 x 42.5 x 28.6 cm<\/td>\n<\/tr>\n<tr>\n<td style=\"width: 50%; text-align: center;\"><strong>Svoris:<\/strong><\/td>\n<td style=\"width: 50%; text-align: center;\">Apytiksliai 14 kg<\/td>\n<\/tr>\n<\/tbody>\n<\/table>\n<p>[\/et_pb_text][\/et_pb_column][\/et_pb_row][\/et_pb_section][et_pb_section fb_built=&#8221;1&#8243; _builder_version=&#8221;4.27.4&#8243; background_color=&#8221;RGBA(255,255,255,0)&#8221; custom_margin=&#8221;0px||0px||false|false&#8221; custom_padding=&#8221;0px||0px||false|false&#8221; global_colors_info=&#8221;{}&#8221;][et_pb_row _builder_version=&#8221;4.27.4&#8243; background_color=&#8221;RGBA(255,255,255,0)&#8221; background_size=&#8221;initial&#8221; background_position=&#8221;top_left&#8221; background_repeat=&#8221;repeat&#8221; width=&#8221;90%&#8221; max_width=&#8221;100%&#8221; module_alignment=&#8221;center&#8221; global_colors_info=&#8221;{}&#8221;][et_pb_column type=&#8221;4_4&#8243; _builder_version=&#8221;4.16&#8243; custom_padding=&#8221;|||&#8221; global_colors_info=&#8221;{}&#8221; custom_padding__hover=&#8221;|||&#8221;][et_pb_text _builder_version=&#8221;4.27.4&#8243; _module_preset=&#8221;default&#8221; text_font=&#8221;|600|||||||&#8221; text_font_size=&#8221;24px&#8221; global_colors_info=&#8221;{}&#8221;]<\/p>\n<p>Papildoma informacija:<\/p>\n<p>[\/et_pb_text][\/et_pb_column][\/et_pb_row][et_pb_row use_custom_gutter=&#8221;on&#8221; gutter_width=&#8221;1&#8243; make_equal=&#8221;on&#8221; _builder_version=&#8221;4.27.4&#8243; _module_preset=&#8221;default&#8221; background_color=&#8221;RGBA(255,255,255,0)&#8221; width=&#8221;90%&#8221; max_width=&#8221;100%&#8221; module_alignment=&#8221;center&#8221; custom_margin=&#8221;0px||0px||false|false&#8221; custom_padding=&#8221;0px||0px||false|false&#8221; global_colors_info=&#8221;{}&#8221;][et_pb_column type=&#8221;4_4&#8243; _builder_version=&#8221;4.27.4&#8243; _module_preset=&#8221;default&#8221; global_colors_info=&#8221;{}&#8221;][et_pb_text _builder_version=&#8221;4.27.4&#8243; _module_preset=&#8221;default&#8221; text_font=&#8221;|300|||||||&#8221; text_text_color=&#8221;#000000&#8243; text_font_size=&#8221;17px&#8221; background_color=&#8221;#FFFFFF&#8221; text_orientation=&#8221;justified&#8221; custom_padding=&#8221;5px|5px|5px|5px|false|false&#8221; border_width_all=&#8221;1px&#8221; border_color_all=&#8221;#DBDBDB&#8221; global_colors_info=&#8221;{}&#8221;]<\/p>\n<p>Plastikin\u0119 transportavimo d\u0117\u017e\u0119 HFS H51 \u2013 tvirta, sm\u016bgi\u0173 nebijanti plastikin\u0117 transportavimo d\u0117\u017e\u0117, pagaminta naudojant ROTOMOLDING technologij\u0105. Plastikin\u0117s transportavimo d\u0117\u017e\u0117s\u00a0HFS H51\u00a0paskirtis:\u00a0karin\u0117s \u012frangos, amunicijos, ekipuot\u0117s, amunicijos, ginkl\u0173, med\u017eiokl\u0117s reikmen\u0173, geodezin\u0117s \u012frangos, \u012franki\u0173, kompiuterin\u0117s technikos, foto \u012frangos, asmenini\u0173 daikt\u0173 ekstremaliose i\u0161vykose ar situacijose transportavimui.<\/p>\n<p>[\/et_pb_text][\/et_pb_column][\/et_pb_row][et_pb_row _builder_version=&#8221;4.27.4&#8243; background_color=&#8221;RGBA(255,255,255,0)&#8221; background_size=&#8221;initial&#8221; background_position=&#8221;top_left&#8221; background_repeat=&#8221;repeat&#8221; width=&#8221;90%&#8221; max_width=&#8221;100%&#8221; module_alignment=&#8221;center&#8221; global_colors_info=&#8221;{}&#8221;][et_pb_column type=&#8221;4_4&#8243; _builder_version=&#8221;4.16&#8243; custom_padding=&#8221;|||&#8221; global_colors_info=&#8221;{}&#8221; custom_padding__hover=&#8221;|||&#8221;][et_pb_text _builder_version=&#8221;4.27.4&#8243; _module_preset=&#8221;default&#8221; text_font=&#8221;|600||on|||||&#8221; text_font_size=&#8221;24px&#8221; text_orientation=&#8221;center&#8221; custom_margin=&#8221;0px|0px|0px|0px|false|false&#8221; custom_padding=&#8221;0px|0px|15px|0px|false|false&#8221; text_orientation_phone=&#8221;center&#8221; text_orientation_last_edited=&#8221;off|desktop&#8221; global_colors_info=&#8221;{}&#8221;]<\/p>\n<p>Neradai ko ie\u0161kai?<\/p>\n<p>[\/et_pb_text][dsm_button button_two_text=&#8221;SUSIKURK SAVO D\u0116\u017d\u0118&#8221; button_two_url=&#8221;\/susikurkite-savo-transportavimo-deze\/&#8221; button_alignment=&#8221;center&#8221; button_alignment_tablet=&#8221;center&#8221; button_alignment_phone=&#8221;center&#8221; button_alignment_last_edited=&#8221;on|phone&#8221; _builder_version=&#8221;4.27.4&#8243; _module_preset=&#8221;default&#8221; custom_button_one=&#8221;on&#8221; button_one_text_color=&#8221;#FFFFFF&#8221; button_one_bg_color=&#8221;#000000&#8243; button_one_border_width=&#8221;0px&#8221; button_one_border_radius=&#8221;3px&#8221; button_one_font=&#8221;|300|||||||&#8221; custom_button_two=&#8221;on&#8221; button_two_text_color=&#8221;#FFFFFF&#8221; button_two_bg_color=&#8221;#0C71C3&#8243; button_two_border_width=&#8221;0px&#8221; button_two_border_radius=&#8221;3px&#8221; button_two_font=&#8221;|300|||||||&#8221; button_two_custom_margin=&#8221;|0px||0px|false|false&#8221; custom_margin=&#8221;0px||||false|false&#8221; custom_padding=&#8221;0px|||||&#8221; button_two_text_size_tablet=&#8221;&#8221; button_two_text_size_phone=&#8221;18px&#8221; button_two_text_size_last_edited=&#8221;on|phone&#8221; button_two_text_shadow_style=&#8221;preset4&#8243; button_two_text_shadow_color=&#8221;#000000&#8243; box_shadow_style_button_one=&#8221;preset2&#8243; box_shadow_horizontal_button_one=&#8221;2px&#8221; box_shadow_vertical_button_one=&#8221;2px&#8221; box_shadow_blur_button_one=&#8221;3px&#8221; box_shadow_style_button_two=&#8221;preset2&#8243; box_shadow_horizontal_button_two=&#8221;2px&#8221; box_shadow_vertical_button_two=&#8221;2px&#8221; box_shadow_blur_button_two=&#8221;3px&#8221; global_module=&#8221;7791&#8243; locked=&#8221;off&#8221; global_colors_info=&#8221;{}&#8221;][\/dsm_button][\/et_pb_column][\/et_pb_row][\/et_pb_section]<\/p>\n","protected":false},"excerpt":{"rendered":"<p>Pristatome H serijos plastikin\u0119 transportavimo d\u0117\u017e\u0119 <strong>HFS H51<\/strong>, kuri, kaip ir transportavimo d\u0117\u017e\u0117 <strong>HFS H52<\/strong> buvo suprojektuota ir pagaminta, i\u0161k\u0117lus konkre\u010di\u0105 u\u017eduot\u012f: transportavimo d\u0117\u017e\u0117je, reik\u0117s saugiai transportuoti karin\u0119 \u012frang\u0105, karo lauko s\u0105lygomis.<\/p>\n","protected":false},"featured_media":5979,"template":"","meta":{"_et_pb_use_builder":"on","_et_pb_old_content":"Tvirta, sm\u016bgi\u0173 nebijanti plastikin\u0117 transportavimo d\u0117\u017e\u0117, buvo pagaminta naudojant ROTOMOLDING technologij\u0105, i\u0161 polietileno (PE). Polietilenas tai med\u017eiaga, kuri leid\u017eia i\u0161lieti sm\u016bgiams ir gniu\u017edymui atsparias transportavimo d\u0117\u017ees, neturin\u010dias joki\u0173 vidini\u0173 si\u016bli\u0173 ar sujungim\u0173, ko pasekoje gaunamas gaminys turintis daug didesn\u012f atsparum\u0105, lyginant su kitomis technologijomis.\r\n\r\nPlastikin\u0119 transportavimo d\u0117\u017e\u0119 HFS H51 suprojektavome taip, kad j\u0105 b\u016bt\u0173 lengva transportuoti vienam asmeniui, o transportavimo d\u0117\u017e\u0117s ilgis ir plotis suteikia neribotas transportavimo galimybes.\r\n\r\nPlastikin\u0117s transportavimo d\u0117\u017e\u0117s <strong>HFS H51<\/strong> paskirtis:\u00a0karin\u0117s \u012frangos, amunicijos, ekipuot\u0117s, amunicijos, ginkl\u0173, med\u017eiokl\u0117s reikmen\u0173, geodezin\u0117s \u012frangos, \u012franki\u0173, kompiuterin\u0117s technikos, foto \u012frangos, asmenini\u0173 daikt\u0173 ekstremaliose i\u0161vykose ar situacijose transportavimui.\r\n\r\nPagal individual\u0173 poreik\u012f, galime i\u0161frezuoti reikiamos formos XPE putplast\u012f, kad gal\u0117tum\u0117te saugiai transportuoti jautri\u0105 sm\u016bgiams \u012frang\u0105, transportavimo d\u0117\u017e\u0117je <strong>HFS H51<\/strong>.\r\n<ul>\r\n \t<li>4 patikimi ir stipr\u016bs plieniniai Batterfly \/ peteli\u0161k\u0117s tipo u\u017eraktai<\/li>\r\n \t<li>2 patikimi plieniniai vyriai<\/li>\r\n \t<li>3 patikimos plienin\u0117s rankenos, su pritraukimo funkcija<\/li>\r\n \t<li>Plastikiniai sm\u016bgiams atspar\u016bs ratukai<\/li>\r\n \t<li>Sustiprinti, sm\u016bgiams atspar\u016bs kampai<\/li>\r\n \t<li>Tvirtumo briaunos visoje d\u0117\u017e\u0117s konstrukcijoje<\/li>\r\n \t<li>\u012egilinimai transportavimui sud\u0117jus vien\u0105 ant kitos<\/li>\r\n \t<li>Pagaminta Lietuvoje<\/li>\r\n<\/ul>\r\n<h3>Plastikin\u0117s transportavimo d\u0117\u017e\u0117s technin\u0117 specifikacija<\/h3>\r\n<ul>\r\n \t<li>I\u0161oriniai \u00a0transportavimo d\u0117\u017e\u0117s matmenys\r\n<ul>\r\n \t<li>Ilgis\u00a0\u00a0\u00a0\u00a0\u00a0\u00a0\u00a0 \u00a0103.0 cm<\/li>\r\n \t<li>Plotis\u00a0\u00a0\u00a0\u00a0 \u00a051.0 cm<\/li>\r\n \t<li>Auk\u0161tis\u00a0 \u00a037.5\u00a0 cm<\/li>\r\n \t<li>I\u0161matavimai 103 x 51 x 37.5 cm<\/li>\r\n<\/ul>\r\n<\/li>\r\n \t<li>Vidiniai transportavimo d\u0117\u017e\u0117s matmenys\r\n<ul>\r\n \t<li>Ilgis\u00a0\u00a0\u00a0\u00a0\u00a0\u00a0\u00a0\u00a0 93.3 cm<\/li>\r\n \t<li>Plotis\u00a0\u00a0\u00a0\u00a0\u00a0 42.5 cm<\/li>\r\n \t<li>Auk\u0161tis\u00a0\u00a0 28.6\u00a0 cm<\/li>\r\n \t<li>I\u0161matavimai 93.3 x 42.5 x 28.6 cm<\/li>\r\n<\/ul>\r\n<\/li>\r\n \t<li>Svoris 13.6 kg.<\/li>\r\n \t<li>Transportavimo d\u0117\u017e\u0117s spalva Olive Green<\/li>\r\n \t<li>Transportavimo d\u0117\u017e\u0117s eksploatacin\u0117 temperat\u016bra nuo -40 \u00b0C\u00a0 iki + 52 \u00b0C<\/li>\r\n<\/ul>\r\n<h4>Plastikin\u0117 transportavimo d\u0117\u017e\u0117 pagaminta i\u0161:<\/h4>\r\n<ul>\r\n \t<li>Polietilenas (PE)<\/li>\r\n \t<li>U\u017eraktai - cinkuotas, da\u017eytas plienas<\/li>\r\n \t<li>Vyriai - cinkuotas, da\u017eytas plienas<\/li>\r\n \t<li>Rankenos - cinkuotas, da\u017eytas plienas<\/li>\r\n \t<li>Ratukai \u2013 plastikas<\/li>\r\n<\/ul>","_et_gb_content_width":"","inline_featured_image":false},"product_brand":[],"product_cat":[114],"product_tag":[],"class_list":{"0":"post-6004","1":"product","2":"type-product","3":"status-publish","4":"has-post-thumbnail","6":"product_cat-plastikines-transportavimo-dezes","8":"first","9":"onbackorder","10":"taxable","11":"shipping-taxable","12":"purchasable","13":"product-type-simple"},"yoast_head":"<!-- This site is optimized with the Yoast SEO plugin v27.4 - https:\/\/yoast.com\/product\/yoast-seo-wordpress\/ -->\n<title>Apsaugin\u0117 transportavimo d\u0117\u017e\u0117 i\u0161 plastiko - Hardflightcase.lt<\/title>\n<meta name=\"description\" content=\"Apsaugin\u0117 transportavimo d\u0117\u017e\u0117 i\u0161 plastiko - transportavimo d\u0117\u017e\u0117je, saugiai transportuosite bet koki\u0105 \u012frang\u0105, bet kokiomis lauko s\u0105lygomis.\" \/>\n<meta name=\"robots\" content=\"index, follow, max-snippet:-1, max-image-preview:large, max-video-preview:-1\" \/>\n<link rel=\"canonical\" href=\"https:\/\/hardflightcase.com\/lt\/produktas\/apsaugine-transportavimo-deze-is-plastiko-hfc-h51-hard-case-serija-h\/\" \/>\n<meta property=\"og:locale\" content=\"lt_LT\" \/>\n<meta property=\"og:type\" content=\"article\" \/>\n<meta property=\"og:title\" content=\"Apsaugin\u0117 transportavimo d\u0117\u017e\u0117 i\u0161 plastiko - Hardflightcase.lt\" \/>\n<meta property=\"og:description\" content=\"Apsaugin\u0117 transportavimo d\u0117\u017e\u0117 i\u0161 plastiko - transportavimo d\u0117\u017e\u0117je, saugiai transportuosite bet koki\u0105 \u012frang\u0105, bet kokiomis lauko s\u0105lygomis.\" \/>\n<meta property=\"og:url\" content=\"https:\/\/hardflightcase.com\/lt\/produktas\/apsaugine-transportavimo-deze-is-plastiko-hfc-h51-hard-case-serija-h\/\" \/>\n<meta property=\"article:modified_time\" content=\"2025-04-03T09:11:42+00:00\" \/>\n<meta property=\"og:image\" content=\"https:\/\/hardflightcase.com\/wp-content\/uploads\/2024\/11\/didele-plastikine-transportavimo-deze-hard-case-hfc-h51-su-ratukais-dangciu-kaina.webp\" \/>\n\t<meta property=\"og:image:width\" content=\"1000\" \/>\n\t<meta property=\"og:image:height\" content=\"666\" \/>\n\t<meta property=\"og:image:type\" content=\"image\/webp\" \/>\n<meta name=\"twitter:card\" content=\"summary_large_image\" \/>\n<meta name=\"twitter:label1\" content=\"Est. reading time\" \/>\n\t<meta name=\"twitter:data1\" content=\"1 minut\u0117\" \/>\n<script type=\"application\/ld+json\" class=\"yoast-schema-graph\">{\"@context\":\"https:\\\/\\\/schema.org\",\"@graph\":[{\"@type\":\"WebPage\",\"@id\":\"https:\\\/\\\/hardflightcase.com\\\/lt\\\/produktas\\\/apsaugine-transportavimo-deze-is-plastiko-hfc-h51-hard-case-serija-h\\\/\",\"url\":\"https:\\\/\\\/hardflightcase.com\\\/lt\\\/produktas\\\/apsaugine-transportavimo-deze-is-plastiko-hfc-h51-hard-case-serija-h\\\/\",\"name\":\"Apsaugin\u0117 transportavimo d\u0117\u017e\u0117 i\u0161 plastiko - Hardflightcase.lt\",\"isPartOf\":{\"@id\":\"https:\\\/\\\/hardflightcase.com\\\/lt\\\/#website\"},\"primaryImageOfPage\":{\"@id\":\"https:\\\/\\\/hardflightcase.com\\\/lt\\\/produktas\\\/apsaugine-transportavimo-deze-is-plastiko-hfc-h51-hard-case-serija-h\\\/#primaryimage\"},\"image\":{\"@id\":\"https:\\\/\\\/hardflightcase.com\\\/lt\\\/produktas\\\/apsaugine-transportavimo-deze-is-plastiko-hfc-h51-hard-case-serija-h\\\/#primaryimage\"},\"thumbnailUrl\":\"https:\\\/\\\/hardflightcase.com\\\/wp-content\\\/uploads\\\/2024\\\/11\\\/didele-plastikine-transportavimo-deze-hard-case-hfc-h51-su-ratukais-dangciu-kaina.webp\",\"datePublished\":\"2024-11-15T16:36:57+00:00\",\"dateModified\":\"2025-04-03T09:11:42+00:00\",\"description\":\"Apsaugin\u0117 transportavimo d\u0117\u017e\u0117 i\u0161 plastiko - transportavimo d\u0117\u017e\u0117je, saugiai transportuosite bet koki\u0105 \u012frang\u0105, bet kokiomis lauko s\u0105lygomis.\",\"breadcrumb\":{\"@id\":\"https:\\\/\\\/hardflightcase.com\\\/lt\\\/produktas\\\/apsaugine-transportavimo-deze-is-plastiko-hfc-h51-hard-case-serija-h\\\/#breadcrumb\"},\"inLanguage\":\"lt-LT\",\"potentialAction\":[{\"@type\":\"ReadAction\",\"target\":[\"https:\\\/\\\/hardflightcase.com\\\/lt\\\/produktas\\\/apsaugine-transportavimo-deze-is-plastiko-hfc-h51-hard-case-serija-h\\\/\"]}]},{\"@type\":\"ImageObject\",\"inLanguage\":\"lt-LT\",\"@id\":\"https:\\\/\\\/hardflightcase.com\\\/lt\\\/produktas\\\/apsaugine-transportavimo-deze-is-plastiko-hfc-h51-hard-case-serija-h\\\/#primaryimage\",\"url\":\"https:\\\/\\\/hardflightcase.com\\\/wp-content\\\/uploads\\\/2024\\\/11\\\/didele-plastikine-transportavimo-deze-hard-case-hfc-h51-su-ratukais-dangciu-kaina.webp\",\"contentUrl\":\"https:\\\/\\\/hardflightcase.com\\\/wp-content\\\/uploads\\\/2024\\\/11\\\/didele-plastikine-transportavimo-deze-hard-case-hfc-h51-su-ratukais-dangciu-kaina.webp\",\"width\":1000,\"height\":666,\"caption\":\"Stipri saugi, pritaikyta ekstremalioms salygoms plastikine transportavimo deze hard case hfc h52 su ratukais ir dangciu kaina\"},{\"@type\":\"BreadcrumbList\",\"@id\":\"https:\\\/\\\/hardflightcase.com\\\/lt\\\/produktas\\\/apsaugine-transportavimo-deze-is-plastiko-hfc-h51-hard-case-serija-h\\\/#breadcrumb\",\"itemListElement\":[{\"@type\":\"ListItem\",\"position\":1,\"name\":\"Home\",\"item\":\"https:\\\/\\\/hardflightcase.com\\\/lt\\\/\"},{\"@type\":\"ListItem\",\"position\":2,\"name\":\"Parduotuv\u0117\",\"item\":\"https:\\\/\\\/hardflightcase.com\\\/shop\\\/\"},{\"@type\":\"ListItem\",\"position\":3,\"name\":\"Apsaugin\u0117 transportavimo d\u0117\u017e\u0117 i\u0161 plastiko HFC H51 Hard Case Serija H\"}]},{\"@type\":\"WebSite\",\"@id\":\"https:\\\/\\\/hardflightcase.com\\\/lt\\\/#website\",\"url\":\"https:\\\/\\\/hardflightcase.com\\\/lt\\\/\",\"name\":\"\",\"description\":\"DEV - Transportavimo d\u0117\u017ei\u0173 gamyba ir projektavimas\",\"publisher\":{\"@id\":\"https:\\\/\\\/hardflightcase.com\\\/lt\\\/#organization\"},\"potentialAction\":[{\"@type\":\"SearchAction\",\"target\":{\"@type\":\"EntryPoint\",\"urlTemplate\":\"https:\\\/\\\/hardflightcase.com\\\/lt\\\/?s={search_term_string}\"},\"query-input\":{\"@type\":\"PropertyValueSpecification\",\"valueRequired\":true,\"valueName\":\"search_term_string\"}}],\"inLanguage\":\"lt-LT\"},{\"@type\":\"Organization\",\"@id\":\"https:\\\/\\\/hardflightcase.com\\\/lt\\\/#organization\",\"name\":\"HardFlightCase\",\"url\":\"https:\\\/\\\/hardflightcase.com\\\/lt\\\/\",\"logo\":{\"@type\":\"ImageObject\",\"inLanguage\":\"lt-LT\",\"@id\":\"https:\\\/\\\/hardflightcase.com\\\/lt\\\/#\\\/schema\\\/logo\\\/image\\\/\",\"url\":\"https:\\\/\\\/hardflightcase.com\\\/wp-content\\\/uploads\\\/2023\\\/01\\\/Baltas-logo-paprastas.svg\",\"contentUrl\":\"https:\\\/\\\/hardflightcase.com\\\/wp-content\\\/uploads\\\/2023\\\/01\\\/Baltas-logo-paprastas.svg\",\"width\":2245,\"height\":1587,\"caption\":\"HardFlightCase\"},\"image\":{\"@id\":\"https:\\\/\\\/hardflightcase.com\\\/lt\\\/#\\\/schema\\\/logo\\\/image\\\/\"}}]}<\/script>\n<!-- \/ Yoast SEO plugin. -->","yoast_head_json":{"title":"Apsaugin\u0117 transportavimo d\u0117\u017e\u0117 i\u0161 plastiko - Hardflightcase.lt","description":"Apsaugin\u0117 transportavimo d\u0117\u017e\u0117 i\u0161 plastiko - transportavimo d\u0117\u017e\u0117je, saugiai transportuosite bet koki\u0105 \u012frang\u0105, bet kokiomis lauko s\u0105lygomis.","robots":{"index":"index","follow":"follow","max-snippet":"max-snippet:-1","max-image-preview":"max-image-preview:large","max-video-preview":"max-video-preview:-1"},"canonical":"https:\/\/hardflightcase.com\/lt\/produktas\/apsaugine-transportavimo-deze-is-plastiko-hfc-h51-hard-case-serija-h\/","og_locale":"lt_LT","og_type":"article","og_title":"Apsaugin\u0117 transportavimo d\u0117\u017e\u0117 i\u0161 plastiko - Hardflightcase.lt","og_description":"Apsaugin\u0117 transportavimo d\u0117\u017e\u0117 i\u0161 plastiko - transportavimo d\u0117\u017e\u0117je, saugiai transportuosite bet koki\u0105 \u012frang\u0105, bet kokiomis lauko s\u0105lygomis.","og_url":"https:\/\/hardflightcase.com\/lt\/produktas\/apsaugine-transportavimo-deze-is-plastiko-hfc-h51-hard-case-serija-h\/","article_modified_time":"2025-04-03T09:11:42+00:00","og_image":[{"width":1000,"height":666,"url":"https:\/\/hardflightcase.com\/wp-content\/uploads\/2024\/11\/didele-plastikine-transportavimo-deze-hard-case-hfc-h51-su-ratukais-dangciu-kaina.webp","type":"image\/webp"}],"twitter_card":"summary_large_image","twitter_misc":{"Est. reading time":"1 minut\u0117"},"schema":{"@context":"https:\/\/schema.org","@graph":[{"@type":"WebPage","@id":"https:\/\/hardflightcase.com\/lt\/produktas\/apsaugine-transportavimo-deze-is-plastiko-hfc-h51-hard-case-serija-h\/","url":"https:\/\/hardflightcase.com\/lt\/produktas\/apsaugine-transportavimo-deze-is-plastiko-hfc-h51-hard-case-serija-h\/","name":"Apsaugin\u0117 transportavimo d\u0117\u017e\u0117 i\u0161 plastiko - Hardflightcase.lt","isPartOf":{"@id":"https:\/\/hardflightcase.com\/lt\/#website"},"primaryImageOfPage":{"@id":"https:\/\/hardflightcase.com\/lt\/produktas\/apsaugine-transportavimo-deze-is-plastiko-hfc-h51-hard-case-serija-h\/#primaryimage"},"image":{"@id":"https:\/\/hardflightcase.com\/lt\/produktas\/apsaugine-transportavimo-deze-is-plastiko-hfc-h51-hard-case-serija-h\/#primaryimage"},"thumbnailUrl":"https:\/\/hardflightcase.com\/wp-content\/uploads\/2024\/11\/didele-plastikine-transportavimo-deze-hard-case-hfc-h51-su-ratukais-dangciu-kaina.webp","datePublished":"2024-11-15T16:36:57+00:00","dateModified":"2025-04-03T09:11:42+00:00","description":"Apsaugin\u0117 transportavimo d\u0117\u017e\u0117 i\u0161 plastiko - transportavimo d\u0117\u017e\u0117je, saugiai transportuosite bet koki\u0105 \u012frang\u0105, bet kokiomis lauko s\u0105lygomis.","breadcrumb":{"@id":"https:\/\/hardflightcase.com\/lt\/produktas\/apsaugine-transportavimo-deze-is-plastiko-hfc-h51-hard-case-serija-h\/#breadcrumb"},"inLanguage":"lt-LT","potentialAction":[{"@type":"ReadAction","target":["https:\/\/hardflightcase.com\/lt\/produktas\/apsaugine-transportavimo-deze-is-plastiko-hfc-h51-hard-case-serija-h\/"]}]},{"@type":"ImageObject","inLanguage":"lt-LT","@id":"https:\/\/hardflightcase.com\/lt\/produktas\/apsaugine-transportavimo-deze-is-plastiko-hfc-h51-hard-case-serija-h\/#primaryimage","url":"https:\/\/hardflightcase.com\/wp-content\/uploads\/2024\/11\/didele-plastikine-transportavimo-deze-hard-case-hfc-h51-su-ratukais-dangciu-kaina.webp","contentUrl":"https:\/\/hardflightcase.com\/wp-content\/uploads\/2024\/11\/didele-plastikine-transportavimo-deze-hard-case-hfc-h51-su-ratukais-dangciu-kaina.webp","width":1000,"height":666,"caption":"Stipri saugi, pritaikyta ekstremalioms salygoms plastikine transportavimo deze hard case hfc h52 su ratukais ir dangciu kaina"},{"@type":"BreadcrumbList","@id":"https:\/\/hardflightcase.com\/lt\/produktas\/apsaugine-transportavimo-deze-is-plastiko-hfc-h51-hard-case-serija-h\/#breadcrumb","itemListElement":[{"@type":"ListItem","position":1,"name":"Home","item":"https:\/\/hardflightcase.com\/lt\/"},{"@type":"ListItem","position":2,"name":"Parduotuv\u0117","item":"https:\/\/hardflightcase.com\/shop\/"},{"@type":"ListItem","position":3,"name":"Apsaugin\u0117 transportavimo d\u0117\u017e\u0117 i\u0161 plastiko HFC H51 Hard Case Serija H"}]},{"@type":"WebSite","@id":"https:\/\/hardflightcase.com\/lt\/#website","url":"https:\/\/hardflightcase.com\/lt\/","name":"","description":"DEV - Transportavimo d\u0117\u017ei\u0173 gamyba ir projektavimas","publisher":{"@id":"https:\/\/hardflightcase.com\/lt\/#organization"},"potentialAction":[{"@type":"SearchAction","target":{"@type":"EntryPoint","urlTemplate":"https:\/\/hardflightcase.com\/lt\/?s={search_term_string}"},"query-input":{"@type":"PropertyValueSpecification","valueRequired":true,"valueName":"search_term_string"}}],"inLanguage":"lt-LT"},{"@type":"Organization","@id":"https:\/\/hardflightcase.com\/lt\/#organization","name":"HardFlightCase","url":"https:\/\/hardflightcase.com\/lt\/","logo":{"@type":"ImageObject","inLanguage":"lt-LT","@id":"https:\/\/hardflightcase.com\/lt\/#\/schema\/logo\/image\/","url":"https:\/\/hardflightcase.com\/wp-content\/uploads\/2023\/01\/Baltas-logo-paprastas.svg","contentUrl":"https:\/\/hardflightcase.com\/wp-content\/uploads\/2023\/01\/Baltas-logo-paprastas.svg","width":2245,"height":1587,"caption":"HardFlightCase"},"image":{"@id":"https:\/\/hardflightcase.com\/lt\/#\/schema\/logo\/image\/"}}]}},"_links":{"self":[{"href":"https:\/\/hardflightcase.com\/lt\/wp-json\/wp\/v2\/product\/6004","targetHints":{"allow":["GET"]}}],"collection":[{"href":"https:\/\/hardflightcase.com\/lt\/wp-json\/wp\/v2\/product"}],"about":[{"href":"https:\/\/hardflightcase.com\/lt\/wp-json\/wp\/v2\/types\/product"}],"wp:featuredmedia":[{"embeddable":true,"href":"https:\/\/hardflightcase.com\/lt\/wp-json\/wp\/v2\/media\/5979"}],"wp:attachment":[{"href":"https:\/\/hardflightcase.com\/lt\/wp-json\/wp\/v2\/media?parent=6004"}],"wp:term":[{"taxonomy":"product_brand","embeddable":true,"href":"https:\/\/hardflightcase.com\/lt\/wp-json\/wp\/v2\/product_brand?post=6004"},{"taxonomy":"product_cat","embeddable":true,"href":"https:\/\/hardflightcase.com\/lt\/wp-json\/wp\/v2\/product_cat?post=6004"},{"taxonomy":"product_tag","embeddable":true,"href":"https:\/\/hardflightcase.com\/lt\/wp-json\/wp\/v2\/product_tag?post=6004"}],"curies":[{"name":"wp","href":"https:\/\/api.w.org\/{rel}","templated":true}]}}