{"id":5413,"date":"2024-07-15T10:29:48","date_gmt":"2024-07-15T07:29:48","guid":{"rendered":"https:\/\/hardflightcase.lt\/?post_type=product&#038;p=5413"},"modified":"2025-08-04T15:16:39","modified_gmt":"2025-08-04T12:16:39","slug":"transportavimo-deze-irankiams-pdr","status":"publish","type":"product","link":"https:\/\/hardflightcase.com\/lt\/produktas\/transportavimo-deze-irankiams-pdr\/","title":{"rendered":"Transportavimo d\u0117\u017e\u0117 \u012frankiams PDR"},"content":{"rendered":"<p>[et_pb_section fb_built=&#8221;1&#8243; _builder_version=&#8221;4.27.4&#8243; background_color=&#8221;RGBA(255,255,255,0)&#8221; custom_margin=&#8221;0px||0px||false|false&#8221; custom_padding=&#8221;0px||0px||false|false&#8221; locked=&#8221;off&#8221; global_colors_info=&#8221;{}&#8221;][et_pb_row _builder_version=&#8221;4.27.4&#8243; background_color=&#8221;RGBA(255,255,255,0)&#8221; background_size=&#8221;initial&#8221; background_position=&#8221;top_left&#8221; background_repeat=&#8221;repeat&#8221; width=&#8221;90%&#8221; max_width=&#8221;100%&#8221; module_alignment=&#8221;center&#8221; global_colors_info=&#8221;{}&#8221;][et_pb_column type=&#8221;4_4&#8243; _builder_version=&#8221;4.16&#8243; custom_padding=&#8221;|||&#8221; global_colors_info=&#8221;{}&#8221; custom_padding__hover=&#8221;|||&#8221;][et_pb_text _builder_version=&#8221;4.27.4&#8243; _module_preset=&#8221;default&#8221; text_font_size=&#8221;17px&#8221; global_colors_info=&#8221;{}&#8221;]<\/p>\n<p>\u0160i d\u0117\u017e\u0117, pagaminta i\u0161 patvari\u0173 ir sm\u016bgiams atspari\u0173 med\u017eiag\u0173, u\u017etikrina maksimali\u0105 apsaug\u0105 net ir sud\u0117tingiausiomis darbo s\u0105lygomis. Ji idealiai tinka \u012frankiams, naudojamiems be da\u017eymo atliekamam \u012flenkim\u0173 taisymui, suteikiant tvarking\u0105 ir lengvai pasiekiam\u0105 organizavimo sistem\u0105. Ergonomi\u0161kas dizainas ir tvirta konstrukcija garantuoja ilgaam\u017ei\u0161kum\u0105, mobilum\u0105 ir patikim\u0105 \u012franki\u0173 apsaug\u0105 \u2013 visur, kur tik j\u0173 prireikt\u0173.<\/p>\n<p><strong>Pagrindin\u0117s savyb\u0117s:<\/strong><\/p>\n<ul>\n<li>Tvirta konstrukcija: PDR \u012franki\u0173 d\u0117\u017e\u0117 pagaminta i\u0161 auk\u0161tos kokyb\u0117s med\u017eiag\u0173, u\u017etikrinan\u010di\u0173 ilgaam\u017ei\u0161kum\u0105 ir atsparum\u0105 sm\u016bgiams.<\/li>\n<li>Funkcionalus dizainas: viduje esantys skyreliai leid\u017eia pritaikyti \u012franli\u0173 d\u0117\u017e\u0117s erdv\u0119 pagal individualius poreikius, u\u017etikrinant tvarking\u0105 \u012franki\u0173 i\u0161d\u0117stym\u0105 ir greit\u0105 prieig\u0105 prie j\u0173.<\/li>\n<li>Integruota \u012franki\u0173 juosta: greitam ir patogiam da\u017eniausiai naudojam\u0173 \u012franki\u0173 pasiekimui.<\/li>\n<li>Smulki\u0173 \u012franki\u0173 d\u0117tuv\u0117: keturi\u0173 skyri\u0173 d\u0117tuv\u0117 smulkiems priedams laikyti, padedanti palaikyti tvark\u0105 d\u0117\u017e\u0117s viduje.<\/li>\n<li>Metalinis u\u017eraktas: patikimi metaliniai u\u017eraktai u\u017etikrina saugum\u0105 transportavimo metu.<\/li>\n<li>Apatin\u0117s dalies auk\u0161tis &#8211; 23 cm, centrin\u0117s dalies auk\u0161tis &#8211; 10 cm, dang\u010dio dalies auk\u0161tis &#8211; 5 cm.<\/li>\n<\/ul>\n<p>[\/et_pb_text][et_pb_text _builder_version=&#8221;4.27.4&#8243; _module_preset=&#8221;default&#8221; text_font=&#8221;|600|||||||&#8221; text_font_size=&#8221;24px&#8221; global_colors_info=&#8221;{}&#8221;]Techniniai duomenys:<\/p>\n<p>&nbsp;<br \/>\n[\/et_pb_text][\/et_pb_column][\/et_pb_row][et_pb_row use_custom_gutter=&#8221;on&#8221; gutter_width=&#8221;1&#8243; make_equal=&#8221;on&#8221; _builder_version=&#8221;4.27.4&#8243; _module_preset=&#8221;default&#8221; background_color=&#8221;RGBA(255,255,255,0)&#8221; width=&#8221;90%&#8221; max_width=&#8221;100%&#8221; module_alignment=&#8221;center&#8221; custom_margin=&#8221;0px||0px||false|false&#8221; custom_padding=&#8221;0px||0px||false|false&#8221; custom_css_main_element=&#8221;display: flex;&#8221; global_colors_info=&#8221;{}&#8221;][et_pb_column type=&#8221;4_4&#8243; _builder_version=&#8221;4.27.4&#8243; _module_preset=&#8221;default&#8221; global_colors_info=&#8221;{}&#8221;][et_pb_text _builder_version=&#8221;4.27.4&#8243; _module_preset=&#8221;default&#8221; text_font_size=&#8221;17px&#8221; background_color=&#8221;#FFFFFF&#8221; global_colors_info=&#8221;{}&#8221;]<\/p>\n<table style=\"border-collapse: collapse; width: 100%; height: 207px;\" border=\"1\">\n<tbody>\n<tr style=\"height: 23px;\">\n<td style=\"width: 49.9374%; height: 23px; text-align: center;\"><strong>I\u0161oriniai matmenys (PxGxA):<\/strong><\/td>\n<td style=\"width: 49.9374%; height: 23px; text-align: center;\">110 x 41 x 55 mm<\/td>\n<\/tr>\n<tr style=\"height: 23px;\">\n<td style=\"width: 49.9374%; height: 23px; text-align: center;\"><strong>Med\u017eiaga:<\/strong><\/td>\n<td style=\"width: 49.9374%; text-align: center;\">6,8 mm ber\u017eo fanera, padengta fenolio derva<\/td>\n<\/tr>\n<tr style=\"height: 23px;\">\n<td style=\"width: 49.9374%; height: 23px; text-align: center;\"><strong>Aliuminio profilis:<\/strong><\/td>\n<td style=\"width: 49.9374%; text-align: center;\">30 x 30 mm<\/td>\n<\/tr>\n<tr style=\"height: 23px;\">\n<td style=\"width: 49.9374%; height: 23px; text-align: center;\"><strong>U\u017eraktai:<\/strong><\/td>\n<td style=\"width: 49.9374%; text-align: center;\">2 \u201eButterfly\u201d tipo<\/td>\n<\/tr>\n<tr style=\"height: 23px;\">\n<td style=\"width: 49.9374%; height: 23px; text-align: center;\"><strong>Rankenos:<\/strong><\/td>\n<td style=\"width: 49.9374%; text-align: center;\">4 spyruoklin\u0117s<\/td>\n<\/tr>\n<tr style=\"height: 23px;\">\n<td style=\"width: 49.9374%; height: 23px; text-align: center;\"><strong>Kampai:<\/strong><\/td>\n<td style=\"width: 49.9374%; text-align: center;\">8 rutuliniai<\/td>\n<\/tr>\n<tr style=\"height: 23px;\">\n<td style=\"width: 49.9374%; height: 23px; text-align: center;\"><strong>Ratukai:<\/strong><strong><br \/><\/strong><\/td>\n<td style=\"width: 49.9374%; text-align: center;\">\u00a02 apsisukantys ratukais su stabd\u017eiais + 2 nesisukantys ratukai be stabd\u017ei\u0173<\/td>\n<\/tr>\n<tr style=\"height: 23px;\">\n<td style=\"width: 49.9374%; height: 23px; text-align: center;\"><strong>Vidiniai matmenys (PxGxA):<\/strong><\/td>\n<td style=\"width: 49.9374%; text-align: center;\"><\/td>\n<\/tr>\n<tr style=\"height: 23px;\">\n<td style=\"width: 49.9374%; height: 23px; text-align: center;\"><strong>Svoris:<\/strong><\/td>\n<td style=\"width: 49.9374%; height: 23px; text-align: center;\">\u00a0Apie 28 kg<\/td>\n<\/tr>\n<\/tbody>\n<\/table>\n<p>[\/et_pb_text][\/et_pb_column][\/et_pb_row][\/et_pb_section][et_pb_section fb_built=&#8221;1&#8243; _builder_version=&#8221;4.27.4&#8243; background_color=&#8221;RGBA(255,255,255,0)&#8221; custom_margin=&#8221;0px||0px||false|false&#8221; custom_padding=&#8221;0px||0px||false|false&#8221; locked=&#8221;off&#8221; global_colors_info=&#8221;{}&#8221;][et_pb_row _builder_version=&#8221;4.27.4&#8243; background_color=&#8221;RGBA(255,255,255,0)&#8221; background_size=&#8221;initial&#8221; background_position=&#8221;top_left&#8221; background_repeat=&#8221;repeat&#8221; width=&#8221;90%&#8221; max_width=&#8221;100%&#8221; module_alignment=&#8221;center&#8221; global_colors_info=&#8221;{}&#8221;][et_pb_column type=&#8221;4_4&#8243; _builder_version=&#8221;4.16&#8243; custom_padding=&#8221;|||&#8221; global_colors_info=&#8221;{}&#8221; custom_padding__hover=&#8221;|||&#8221;][et_pb_text _builder_version=&#8221;4.27.4&#8243; _module_preset=&#8221;default&#8221; text_font=&#8221;|600|||||||&#8221; text_font_size=&#8221;24px&#8221; global_colors_info=&#8221;{}&#8221;]Papildoma informacija:<br \/>\n[\/et_pb_text][\/et_pb_column][\/et_pb_row][et_pb_row use_custom_gutter=&#8221;on&#8221; gutter_width=&#8221;1&#8243; make_equal=&#8221;on&#8221; _builder_version=&#8221;4.27.4&#8243; _module_preset=&#8221;default&#8221; background_color=&#8221;RGBA(255,255,255,0)&#8221; width=&#8221;90%&#8221; max_width=&#8221;100%&#8221; module_alignment=&#8221;center&#8221; custom_margin=&#8221;0px||0px||false|false&#8221; custom_padding=&#8221;0px||0px||false|false&#8221; global_colors_info=&#8221;{}&#8221;][et_pb_column type=&#8221;4_4&#8243; _builder_version=&#8221;4.27.4&#8243; _module_preset=&#8221;default&#8221; global_colors_info=&#8221;{}&#8221;][et_pb_text _builder_version=&#8221;4.27.4&#8243; _module_preset=&#8221;default&#8221; text_font=&#8221;|300|||||||&#8221; text_text_color=&#8221;#000000&#8243; text_font_size=&#8221;17px&#8221; background_color=&#8221;#FFFFFF&#8221; text_orientation=&#8221;justified&#8221; custom_padding=&#8221;5px|5px|5px|5px|false|false&#8221; border_width_all=&#8221;1px&#8221; border_color_all=&#8221;#DBDBDB&#8221; global_colors_info=&#8221;{}&#8221;]D\u0117\u017e\u0117s vidus gali b\u016bti pritaikytas pagal individualius poreikius, \u012frengiant papildomus skyrius ar pamink\u0161tinimus, atsi\u017evelgiant \u012f transportuojam\u0173 daikt\u0173 specifik\u0105. Tvirta konstrukcija ir kokybi\u0161kos med\u017eiagos u\u017etikrina ilgalaik\u012f naudojim\u0105 bei patikim\u0105 apsaug\u0105 nuo mechanini\u0173 pa\u017eeidim\u0173 ir aplinkos poveikio.<br \/>\n[\/et_pb_text][\/et_pb_column][\/et_pb_row][et_pb_row _builder_version=&#8221;4.27.4&#8243; background_color=&#8221;RGBA(255,255,255,0)&#8221; background_size=&#8221;initial&#8221; background_position=&#8221;top_left&#8221; background_repeat=&#8221;repeat&#8221; width=&#8221;90%&#8221; max_width=&#8221;100%&#8221; module_alignment=&#8221;center&#8221; global_colors_info=&#8221;{}&#8221;][et_pb_column type=&#8221;4_4&#8243; _builder_version=&#8221;4.16&#8243; custom_padding=&#8221;|||&#8221; global_colors_info=&#8221;{}&#8221; custom_padding__hover=&#8221;|||&#8221;][et_pb_text _builder_version=&#8221;4.27.4&#8243; _module_preset=&#8221;default&#8221; text_font=&#8221;|600||on|||||&#8221; text_font_size=&#8221;24px&#8221; text_orientation=&#8221;center&#8221; custom_margin=&#8221;0px|0px|0px|0px|false|false&#8221; custom_padding=&#8221;0px|0px|15px|0px|false|false&#8221; text_orientation_phone=&#8221;center&#8221; text_orientation_last_edited=&#8221;off|desktop&#8221; global_colors_info=&#8221;{}&#8221;]Neradai ko ie\u0161kai?<br \/>\n[\/et_pb_text][dsm_button button_two_text=&#8221;SUSIKURK SAVO D\u0116\u017d\u0118&#8221; button_two_url=&#8221;@ET-DC@eyJkeW5hbWljIjp0cnVlLCJjb250ZW50IjoicG9zdF9saW5rX3VybF9wYWdlIiwic2V0dGluZ3MiOnsicG9zdF9pZCI6IjY3ODMifX0=@&#8221; button_alignment=&#8221;center&#8221; button_alignment_tablet=&#8221;center&#8221; button_alignment_phone=&#8221;center&#8221; button_alignment_last_edited=&#8221;on|phone&#8221; _builder_version=&#8221;4.27.4&#8243; _dynamic_attributes=&#8221;button_two_url&#8221; _module_preset=&#8221;default&#8221; custom_button_one=&#8221;on&#8221; button_one_text_color=&#8221;#FFFFFF&#8221; button_one_bg_color=&#8221;#000000&#8243; button_one_border_width=&#8221;0px&#8221; button_one_border_radius=&#8221;3px&#8221; button_one_font=&#8221;|300|||||||&#8221; custom_button_two=&#8221;on&#8221; button_two_text_color=&#8221;#FFFFFF&#8221; button_two_bg_color=&#8221;#0C71C3&#8243; button_two_border_width=&#8221;0px&#8221; button_two_border_radius=&#8221;3px&#8221; button_two_font=&#8221;|300|||||||&#8221; button_two_custom_margin=&#8221;|0px||0px|false|false&#8221; custom_margin=&#8221;0px||||false|false&#8221; custom_padding=&#8221;0px|||||&#8221; button_two_text_size_tablet=&#8221;&#8221; button_two_text_size_phone=&#8221;18px&#8221; button_two_text_size_last_edited=&#8221;on|phone&#8221; button_two_text_shadow_style=&#8221;preset4&#8243; button_two_text_shadow_color=&#8221;#000000&#8243; box_shadow_style_button_one=&#8221;preset2&#8243; box_shadow_horizontal_button_one=&#8221;2px&#8221; box_shadow_vertical_button_one=&#8221;2px&#8221; box_shadow_blur_button_one=&#8221;3px&#8221; box_shadow_style_button_two=&#8221;preset2&#8243; box_shadow_horizontal_button_two=&#8221;2px&#8221; box_shadow_vertical_button_two=&#8221;2px&#8221; box_shadow_blur_button_two=&#8221;3px&#8221; global_module=&#8221;7791&#8243; saved_tabs=&#8221;all&#8221; locked=&#8221;off&#8221; global_colors_info=&#8221;{}&#8221;][\/dsm_button][\/et_pb_column][\/et_pb_row][\/et_pb_section]<\/p>\n","protected":false},"excerpt":{"rendered":"<p>M\u016bs\u0173 auk\u0161tos kokyb\u0117s <strong>PDR \u012franki\u0173 transportavimo d\u0117\u017e\u0117<\/strong> yra specialiai sukurta <strong>Paintless Dent Repair (PDR)<\/strong> specialistams, siekiantiems saugiai ir patogiai laikyti bei transportuoti savo \u012frankius.<\/p>\n","protected":false},"featured_media":5426,"template":"","meta":{"_et_pb_use_builder":"on","_et_pb_old_content":"","_et_gb_content_width":"","inline_featured_image":false},"product_brand":[],"product_cat":[69],"product_tag":[],"class_list":{"0":"post-5413","1":"product","2":"type-product","3":"status-publish","4":"has-post-thumbnail","6":"product_cat-transportavimo-dezes","8":"first","9":"onbackorder","10":"taxable","11":"shipping-taxable","12":"purchasable","13":"product-type-variable"},"yoast_head":"<!-- This site is optimized with the Yoast SEO plugin v27.5 - https:\/\/yoast.com\/product\/yoast-seo-wordpress\/ -->\n<title>Transportavimo d\u0117\u017e\u0117 \u012frankiams PDR -<\/title>\n<meta name=\"description\" content=\"M\u016bs\u0173 pagaminta PDR \u012franki\u0173 transportavimo d\u0117\u017e\u0117 yra patikimas sprendimas, u\u017etikrinantis j\u016bs\u0173 \u012franki\u0173 apsaug\u0105 ir patog\u0173 transportavim\u0105.\" \/>\n<meta name=\"robots\" content=\"index, follow, max-snippet:-1, max-image-preview:large, max-video-preview:-1\" \/>\n<link rel=\"canonical\" href=\"https:\/\/hardflightcase.com\/lt\/produktas\/transportavimo-deze-irankiams-pdr\/\" \/>\n<meta property=\"og:locale\" content=\"lt_LT\" \/>\n<meta property=\"og:type\" content=\"article\" \/>\n<meta property=\"og:title\" content=\"Transportavimo d\u0117\u017e\u0117 \u012frankiams PDR -\" \/>\n<meta property=\"og:description\" content=\"M\u016bs\u0173 pagaminta PDR \u012franki\u0173 transportavimo d\u0117\u017e\u0117 yra patikimas sprendimas, u\u017etikrinantis j\u016bs\u0173 \u012franki\u0173 apsaug\u0105 ir patog\u0173 transportavim\u0105.\" \/>\n<meta property=\"og:url\" content=\"https:\/\/hardflightcase.com\/lt\/produktas\/transportavimo-deze-irankiams-pdr\/\" \/>\n<meta property=\"article:modified_time\" content=\"2025-08-04T12:16:39+00:00\" \/>\n<meta property=\"og:image\" content=\"https:\/\/hardflightcase.com\/wp-content\/uploads\/2024\/07\/transportavimo-deze-flight-case-irankiams-pdr-paintless-dent-repair-kaina-parduotuve.webp\" \/>\n\t<meta property=\"og:image:width\" content=\"1500\" \/>\n\t<meta property=\"og:image:height\" content=\"1500\" \/>\n\t<meta property=\"og:image:type\" content=\"image\/webp\" \/>\n<meta name=\"twitter:card\" content=\"summary_large_image\" \/>\n<meta name=\"twitter:label1\" content=\"Est. reading time\" \/>\n\t<meta name=\"twitter:data1\" content=\"2 minut\u0117s\" \/>\n<script type=\"application\/ld+json\" class=\"yoast-schema-graph\">{\"@context\":\"https:\\\/\\\/schema.org\",\"@graph\":[{\"@type\":\"WebPage\",\"@id\":\"https:\\\/\\\/hardflightcase.com\\\/lt\\\/produktas\\\/transportavimo-deze-irankiams-pdr\\\/\",\"url\":\"https:\\\/\\\/hardflightcase.com\\\/lt\\\/produktas\\\/transportavimo-deze-irankiams-pdr\\\/\",\"name\":\"Transportavimo d\u0117\u017e\u0117 \u012frankiams PDR -\",\"isPartOf\":{\"@id\":\"https:\\\/\\\/hardflightcase.com\\\/lt\\\/#website\"},\"primaryImageOfPage\":{\"@id\":\"https:\\\/\\\/hardflightcase.com\\\/lt\\\/produktas\\\/transportavimo-deze-irankiams-pdr\\\/#primaryimage\"},\"image\":{\"@id\":\"https:\\\/\\\/hardflightcase.com\\\/lt\\\/produktas\\\/transportavimo-deze-irankiams-pdr\\\/#primaryimage\"},\"thumbnailUrl\":\"https:\\\/\\\/hardflightcase.com\\\/wp-content\\\/uploads\\\/2024\\\/07\\\/transportavimo-deze-flight-case-irankiams-pdr-paintless-dent-repair-kaina-parduotuve.webp\",\"datePublished\":\"2024-07-15T07:29:48+00:00\",\"dateModified\":\"2025-08-04T12:16:39+00:00\",\"description\":\"M\u016bs\u0173 pagaminta PDR \u012franki\u0173 transportavimo d\u0117\u017e\u0117 yra patikimas sprendimas, u\u017etikrinantis j\u016bs\u0173 \u012franki\u0173 apsaug\u0105 ir patog\u0173 transportavim\u0105.\",\"breadcrumb\":{\"@id\":\"https:\\\/\\\/hardflightcase.com\\\/lt\\\/produktas\\\/transportavimo-deze-irankiams-pdr\\\/#breadcrumb\"},\"inLanguage\":\"lt-LT\",\"potentialAction\":[{\"@type\":\"ReadAction\",\"target\":[\"https:\\\/\\\/hardflightcase.com\\\/lt\\\/produktas\\\/transportavimo-deze-irankiams-pdr\\\/\"]}]},{\"@type\":\"ImageObject\",\"inLanguage\":\"lt-LT\",\"@id\":\"https:\\\/\\\/hardflightcase.com\\\/lt\\\/produktas\\\/transportavimo-deze-irankiams-pdr\\\/#primaryimage\",\"url\":\"https:\\\/\\\/hardflightcase.com\\\/wp-content\\\/uploads\\\/2024\\\/07\\\/transportavimo-deze-flight-case-irankiams-pdr-paintless-dent-repair-kaina-parduotuve.webp\",\"contentUrl\":\"https:\\\/\\\/hardflightcase.com\\\/wp-content\\\/uploads\\\/2024\\\/07\\\/transportavimo-deze-flight-case-irankiams-pdr-paintless-dent-repair-kaina-parduotuve.webp\",\"width\":1500,\"height\":1500,\"caption\":\"Pagal individualu uzsakyma, suprojektuosime ir pagaminsime reikiamo dydzio ir konstrukcijos transportavimo deze flight case irankiams PDR Paintless Dent Repair, parduotuve\"},{\"@type\":\"BreadcrumbList\",\"@id\":\"https:\\\/\\\/hardflightcase.com\\\/lt\\\/produktas\\\/transportavimo-deze-irankiams-pdr\\\/#breadcrumb\",\"itemListElement\":[{\"@type\":\"ListItem\",\"position\":1,\"name\":\"Home\",\"item\":\"https:\\\/\\\/hardflightcase.com\\\/lt\\\/\"},{\"@type\":\"ListItem\",\"position\":2,\"name\":\"Parduotuv\u0117\",\"item\":\"https:\\\/\\\/hardflightcase.com\\\/shop\\\/\"},{\"@type\":\"ListItem\",\"position\":3,\"name\":\"Transportavimo d\u0117\u017e\u0117 \u012frankiams PDR\"}]},{\"@type\":\"WebSite\",\"@id\":\"https:\\\/\\\/hardflightcase.com\\\/lt\\\/#website\",\"url\":\"https:\\\/\\\/hardflightcase.com\\\/lt\\\/\",\"name\":\"\",\"description\":\"DEV - Transportavimo d\u0117\u017ei\u0173 gamyba ir projektavimas\",\"publisher\":{\"@id\":\"https:\\\/\\\/hardflightcase.com\\\/lt\\\/#organization\"},\"potentialAction\":[{\"@type\":\"SearchAction\",\"target\":{\"@type\":\"EntryPoint\",\"urlTemplate\":\"https:\\\/\\\/hardflightcase.com\\\/lt\\\/?s={search_term_string}\"},\"query-input\":{\"@type\":\"PropertyValueSpecification\",\"valueRequired\":true,\"valueName\":\"search_term_string\"}}],\"inLanguage\":\"lt-LT\"},{\"@type\":\"Organization\",\"@id\":\"https:\\\/\\\/hardflightcase.com\\\/lt\\\/#organization\",\"name\":\"HardFlightCase\",\"url\":\"https:\\\/\\\/hardflightcase.com\\\/lt\\\/\",\"logo\":{\"@type\":\"ImageObject\",\"inLanguage\":\"lt-LT\",\"@id\":\"https:\\\/\\\/hardflightcase.com\\\/lt\\\/#\\\/schema\\\/logo\\\/image\\\/\",\"url\":\"https:\\\/\\\/hardflightcase.com\\\/wp-content\\\/uploads\\\/2023\\\/01\\\/Baltas-logo-paprastas.svg\",\"contentUrl\":\"https:\\\/\\\/hardflightcase.com\\\/wp-content\\\/uploads\\\/2023\\\/01\\\/Baltas-logo-paprastas.svg\",\"width\":2245,\"height\":1587,\"caption\":\"HardFlightCase\"},\"image\":{\"@id\":\"https:\\\/\\\/hardflightcase.com\\\/lt\\\/#\\\/schema\\\/logo\\\/image\\\/\"}}]}<\/script>\n<!-- \/ Yoast SEO plugin. -->","yoast_head_json":{"title":"Transportavimo d\u0117\u017e\u0117 \u012frankiams PDR -","description":"M\u016bs\u0173 pagaminta PDR \u012franki\u0173 transportavimo d\u0117\u017e\u0117 yra patikimas sprendimas, u\u017etikrinantis j\u016bs\u0173 \u012franki\u0173 apsaug\u0105 ir patog\u0173 transportavim\u0105.","robots":{"index":"index","follow":"follow","max-snippet":"max-snippet:-1","max-image-preview":"max-image-preview:large","max-video-preview":"max-video-preview:-1"},"canonical":"https:\/\/hardflightcase.com\/lt\/produktas\/transportavimo-deze-irankiams-pdr\/","og_locale":"lt_LT","og_type":"article","og_title":"Transportavimo d\u0117\u017e\u0117 \u012frankiams PDR -","og_description":"M\u016bs\u0173 pagaminta PDR \u012franki\u0173 transportavimo d\u0117\u017e\u0117 yra patikimas sprendimas, u\u017etikrinantis j\u016bs\u0173 \u012franki\u0173 apsaug\u0105 ir patog\u0173 transportavim\u0105.","og_url":"https:\/\/hardflightcase.com\/lt\/produktas\/transportavimo-deze-irankiams-pdr\/","article_modified_time":"2025-08-04T12:16:39+00:00","og_image":[{"width":1500,"height":1500,"url":"https:\/\/hardflightcase.com\/wp-content\/uploads\/2024\/07\/transportavimo-deze-flight-case-irankiams-pdr-paintless-dent-repair-kaina-parduotuve.webp","type":"image\/webp"}],"twitter_card":"summary_large_image","twitter_misc":{"Est. reading time":"2 minut\u0117s"},"schema":{"@context":"https:\/\/schema.org","@graph":[{"@type":"WebPage","@id":"https:\/\/hardflightcase.com\/lt\/produktas\/transportavimo-deze-irankiams-pdr\/","url":"https:\/\/hardflightcase.com\/lt\/produktas\/transportavimo-deze-irankiams-pdr\/","name":"Transportavimo d\u0117\u017e\u0117 \u012frankiams PDR -","isPartOf":{"@id":"https:\/\/hardflightcase.com\/lt\/#website"},"primaryImageOfPage":{"@id":"https:\/\/hardflightcase.com\/lt\/produktas\/transportavimo-deze-irankiams-pdr\/#primaryimage"},"image":{"@id":"https:\/\/hardflightcase.com\/lt\/produktas\/transportavimo-deze-irankiams-pdr\/#primaryimage"},"thumbnailUrl":"https:\/\/hardflightcase.com\/wp-content\/uploads\/2024\/07\/transportavimo-deze-flight-case-irankiams-pdr-paintless-dent-repair-kaina-parduotuve.webp","datePublished":"2024-07-15T07:29:48+00:00","dateModified":"2025-08-04T12:16:39+00:00","description":"M\u016bs\u0173 pagaminta PDR \u012franki\u0173 transportavimo d\u0117\u017e\u0117 yra patikimas sprendimas, u\u017etikrinantis j\u016bs\u0173 \u012franki\u0173 apsaug\u0105 ir patog\u0173 transportavim\u0105.","breadcrumb":{"@id":"https:\/\/hardflightcase.com\/lt\/produktas\/transportavimo-deze-irankiams-pdr\/#breadcrumb"},"inLanguage":"lt-LT","potentialAction":[{"@type":"ReadAction","target":["https:\/\/hardflightcase.com\/lt\/produktas\/transportavimo-deze-irankiams-pdr\/"]}]},{"@type":"ImageObject","inLanguage":"lt-LT","@id":"https:\/\/hardflightcase.com\/lt\/produktas\/transportavimo-deze-irankiams-pdr\/#primaryimage","url":"https:\/\/hardflightcase.com\/wp-content\/uploads\/2024\/07\/transportavimo-deze-flight-case-irankiams-pdr-paintless-dent-repair-kaina-parduotuve.webp","contentUrl":"https:\/\/hardflightcase.com\/wp-content\/uploads\/2024\/07\/transportavimo-deze-flight-case-irankiams-pdr-paintless-dent-repair-kaina-parduotuve.webp","width":1500,"height":1500,"caption":"Pagal individualu uzsakyma, suprojektuosime ir pagaminsime reikiamo dydzio ir konstrukcijos transportavimo deze flight case irankiams PDR Paintless Dent Repair, parduotuve"},{"@type":"BreadcrumbList","@id":"https:\/\/hardflightcase.com\/lt\/produktas\/transportavimo-deze-irankiams-pdr\/#breadcrumb","itemListElement":[{"@type":"ListItem","position":1,"name":"Home","item":"https:\/\/hardflightcase.com\/lt\/"},{"@type":"ListItem","position":2,"name":"Parduotuv\u0117","item":"https:\/\/hardflightcase.com\/shop\/"},{"@type":"ListItem","position":3,"name":"Transportavimo d\u0117\u017e\u0117 \u012frankiams PDR"}]},{"@type":"WebSite","@id":"https:\/\/hardflightcase.com\/lt\/#website","url":"https:\/\/hardflightcase.com\/lt\/","name":"","description":"DEV - Transportavimo d\u0117\u017ei\u0173 gamyba ir projektavimas","publisher":{"@id":"https:\/\/hardflightcase.com\/lt\/#organization"},"potentialAction":[{"@type":"SearchAction","target":{"@type":"EntryPoint","urlTemplate":"https:\/\/hardflightcase.com\/lt\/?s={search_term_string}"},"query-input":{"@type":"PropertyValueSpecification","valueRequired":true,"valueName":"search_term_string"}}],"inLanguage":"lt-LT"},{"@type":"Organization","@id":"https:\/\/hardflightcase.com\/lt\/#organization","name":"HardFlightCase","url":"https:\/\/hardflightcase.com\/lt\/","logo":{"@type":"ImageObject","inLanguage":"lt-LT","@id":"https:\/\/hardflightcase.com\/lt\/#\/schema\/logo\/image\/","url":"https:\/\/hardflightcase.com\/wp-content\/uploads\/2023\/01\/Baltas-logo-paprastas.svg","contentUrl":"https:\/\/hardflightcase.com\/wp-content\/uploads\/2023\/01\/Baltas-logo-paprastas.svg","width":2245,"height":1587,"caption":"HardFlightCase"},"image":{"@id":"https:\/\/hardflightcase.com\/lt\/#\/schema\/logo\/image\/"}}]}},"_links":{"self":[{"href":"https:\/\/hardflightcase.com\/lt\/wp-json\/wp\/v2\/product\/5413","targetHints":{"allow":["GET"]}}],"collection":[{"href":"https:\/\/hardflightcase.com\/lt\/wp-json\/wp\/v2\/product"}],"about":[{"href":"https:\/\/hardflightcase.com\/lt\/wp-json\/wp\/v2\/types\/product"}],"wp:featuredmedia":[{"embeddable":true,"href":"https:\/\/hardflightcase.com\/lt\/wp-json\/wp\/v2\/media\/5426"}],"wp:attachment":[{"href":"https:\/\/hardflightcase.com\/lt\/wp-json\/wp\/v2\/media?parent=5413"}],"wp:term":[{"taxonomy":"product_brand","embeddable":true,"href":"https:\/\/hardflightcase.com\/lt\/wp-json\/wp\/v2\/product_brand?post=5413"},{"taxonomy":"product_cat","embeddable":true,"href":"https:\/\/hardflightcase.com\/lt\/wp-json\/wp\/v2\/product_cat?post=5413"},{"taxonomy":"product_tag","embeddable":true,"href":"https:\/\/hardflightcase.com\/lt\/wp-json\/wp\/v2\/product_tag?post=5413"}],"curies":[{"name":"wp","href":"https:\/\/api.w.org\/{rel}","templated":true}]}}