{"id":4982,"date":"2024-03-21T14:19:57","date_gmt":"2024-03-21T12:19:57","guid":{"rendered":"https:\/\/hardflightcase.lt\/?post_type=product&#038;p=4982"},"modified":"2025-07-09T12:02:07","modified_gmt":"2025-07-09T09:02:07","slug":"universalios-paskirties-transportavimo-deze-flight-case-cube","status":"publish","type":"product","link":"https:\/\/hardflightcase.com\/lt\/produktas\/universalios-paskirties-transportavimo-deze-flight-case-cube\/","title":{"rendered":"Universalios paskirties transportavimo d\u0117\u017e\u0117 \/ Flight Case Cube"},"content":{"rendered":"<p>[et_pb_section fb_built=&#8221;1&#8243; _builder_version=&#8221;4.27.4&#8243; background_color=&#8221;RGBA(255,255,255,0)&#8221; custom_margin=&#8221;0px||0px||false|false&#8221; custom_padding=&#8221;0px||0px||false|false&#8221; global_colors_info=&#8221;{}&#8221;][et_pb_row _builder_version=&#8221;4.27.4&#8243; background_color=&#8221;RGBA(255,255,255,0)&#8221; background_size=&#8221;initial&#8221; background_position=&#8221;top_left&#8221; background_repeat=&#8221;repeat&#8221; width=&#8221;90%&#8221; max_width=&#8221;100%&#8221; module_alignment=&#8221;center&#8221; global_colors_info=&#8221;{}&#8221;][et_pb_column type=&#8221;4_4&#8243; _builder_version=&#8221;4.16&#8243; custom_padding=&#8221;|||&#8221; global_colors_info=&#8221;{}&#8221; custom_padding__hover=&#8221;|||&#8221;][et_pb_text _builder_version=&#8221;4.27.4&#8243; _module_preset=&#8221;default&#8221; text_font_size=&#8221;17px&#8221; hover_enabled=&#8221;0&#8243; global_colors_info=&#8221;{}&#8221; sticky_enabled=&#8221;0&#8243;]<\/p>\n<p><strong>\u0160i<\/strong> <strong>universalios paskirties transportavimo d\u0117\u017e\u0117 \/ Flight Case Cube<\/strong> yra sukurta siekiant u\u017etikrinti saug\u0173 \u012fvairi\u0173 daikt\u0173 transportavim\u0105 ir saugojim\u0105. D\u0117l savo kubin\u0117s formos ir tvirtos konstrukcijos, ji idealiai tinka muzikos instrumentams, garso ir ap\u0161vietimo \u012frangai, elektronikai, \u012frankiams bei kitiems jautriems ar vertingiems daiktams.<\/p>\n<p>[\/et_pb_text][et_pb_text _builder_version=&#8221;4.27.4&#8243; _module_preset=&#8221;default&#8221; text_font=&#8221;|600|||||||&#8221; text_font_size=&#8221;24px&#8221; global_colors_info=&#8221;{}&#8221;]<\/p>\n<p>Specifikacijos:<\/p>\n<p>[\/et_pb_text][\/et_pb_column][\/et_pb_row][et_pb_row use_custom_gutter=&#8221;on&#8221; gutter_width=&#8221;1&#8243; make_equal=&#8221;on&#8221; _builder_version=&#8221;4.27.4&#8243; _module_preset=&#8221;default&#8221; background_color=&#8221;RGBA(255,255,255,0)&#8221; width=&#8221;90%&#8221; max_width=&#8221;100%&#8221; module_alignment=&#8221;center&#8221; custom_margin=&#8221;0px||0px||false|false&#8221; custom_padding=&#8221;0px||0px||false|false&#8221; custom_css_main_element=&#8221;display: flex;&#8221; global_colors_info=&#8221;{}&#8221;][et_pb_column type=&#8221;4_4&#8243; _builder_version=&#8221;4.27.4&#8243; _module_preset=&#8221;default&#8221; global_colors_info=&#8221;{}&#8221;][et_pb_text _builder_version=&#8221;4.27.4&#8243; _module_preset=&#8221;default&#8221; text_font_size=&#8221;17px&#8221; background_color=&#8221;#FFFFFF&#8221; global_colors_info=&#8221;{}&#8221;]<\/p>\n<table style=\"border-collapse: collapse; width: 100%; height: 184px;\" border=\"1\">\n<tbody>\n<tr style=\"height: 23px;\">\n<td style=\"width: 50%; text-align: center; height: 23px;\"><strong>I\u0161oriniai matmenys (PxGxA):<\/strong><\/td>\n<td style=\"width: 50%; text-align: center; height: 23px;\">500 x 500 x 500 mm<\/td>\n<\/tr>\n<tr style=\"height: 23px;\">\n<td style=\"width: 50%; text-align: center; height: 23px;\"><strong>Med\u017eiaga:<\/strong><\/td>\n<td style=\"width: 50%; text-align: center; height: 23px;\">6,8 mm ber\u017eo fanera, padengta fenolio derva<\/td>\n<\/tr>\n<tr style=\"height: 23px;\">\n<td style=\"width: 50%; text-align: center; height: 23px;\"><strong>Aliuminio profilis:<\/strong><\/td>\n<td style=\"width: 50%; text-align: center; height: 23px;\">30 x 30 mm<\/td>\n<\/tr>\n<tr style=\"height: 23px;\">\n<td style=\"width: 50%; text-align: center; height: 23px;\"><strong>U\u017eraktai:<\/strong><\/td>\n<td style=\"width: 50%; text-align: center; height: 23px;\">2 &#8222;Butterfly&#8221; tipo<\/td>\n<\/tr>\n<tr style=\"height: 23px;\">\n<td style=\"width: 50%; text-align: center; height: 23px;\"><strong>Rankenos:<\/strong><\/td>\n<td style=\"width: 50%; text-align: center; height: 23px;\">2 spyruoklin\u0117s<\/td>\n<\/tr>\n<tr style=\"height: 23px;\">\n<td style=\"width: 50%; text-align: center; height: 23px;\"><strong>Kampai:<\/strong><\/td>\n<td style=\"width: 50%; text-align: center; height: 23px;\">8 rutuliniai<\/td>\n<\/tr>\n<tr>\n<td style=\"width: 50%; text-align: center;\"><strong>Ratukai:<\/strong> <strong><br \/>\n<\/strong><\/td>\n<td style=\"width: 50%; text-align: center;\">4 pasukami, i\u0161 j\u0173 2 su stabd\u017eiais<\/td>\n<\/tr>\n<tr style=\"height: 23px;\">\n<td style=\"width: 50%; text-align: center; height: 23px;\"><strong>Vidiniai matmenys (PxGxA):<\/strong><\/td>\n<td style=\"width: 50%; text-align: center; height: 23px;\">480 x 480 x 480 mm<\/td>\n<\/tr>\n<tr style=\"height: 23px;\">\n<td style=\"width: 50%; text-align: center; height: 23px;\"><strong>Svoris:<\/strong><\/td>\n<td style=\"width: 50%; text-align: center; height: 23px;\">Apytiksliai 14 kg<\/td>\n<\/tr>\n<\/tbody>\n<\/table>\n<p>[\/et_pb_text][\/et_pb_column][\/et_pb_row][\/et_pb_section][et_pb_section fb_built=&#8221;1&#8243; _builder_version=&#8221;4.27.4&#8243; background_color=&#8221;RGBA(255,255,255,0)&#8221; custom_margin=&#8221;0px||0px||false|false&#8221; custom_padding=&#8221;0px||0px||false|false&#8221; global_colors_info=&#8221;{}&#8221;][et_pb_row _builder_version=&#8221;4.27.4&#8243; background_color=&#8221;RGBA(255,255,255,0)&#8221; background_size=&#8221;initial&#8221; background_position=&#8221;top_left&#8221; background_repeat=&#8221;repeat&#8221; width=&#8221;90%&#8221; max_width=&#8221;100%&#8221; module_alignment=&#8221;center&#8221; global_colors_info=&#8221;{}&#8221;][et_pb_column type=&#8221;4_4&#8243; _builder_version=&#8221;4.16&#8243; custom_padding=&#8221;|||&#8221; global_colors_info=&#8221;{}&#8221; custom_padding__hover=&#8221;|||&#8221;][et_pb_text _builder_version=&#8221;4.27.4&#8243; _module_preset=&#8221;default&#8221; text_font=&#8221;|600|||||||&#8221; text_font_size=&#8221;24px&#8221; global_colors_info=&#8221;{}&#8221;]<\/p>\n<p>Papildoma informacija:<\/p>\n<p>[\/et_pb_text][\/et_pb_column][\/et_pb_row][et_pb_row use_custom_gutter=&#8221;on&#8221; gutter_width=&#8221;1&#8243; make_equal=&#8221;on&#8221; _builder_version=&#8221;4.27.4&#8243; _module_preset=&#8221;default&#8221; background_color=&#8221;RGBA(255,255,255,0)&#8221; width=&#8221;90%&#8221; max_width=&#8221;100%&#8221; module_alignment=&#8221;center&#8221; custom_margin=&#8221;0px||0px||false|false&#8221; custom_padding=&#8221;0px||0px||false|false&#8221; global_colors_info=&#8221;{}&#8221;][et_pb_column type=&#8221;4_4&#8243; _builder_version=&#8221;4.27.4&#8243; _module_preset=&#8221;default&#8221; global_colors_info=&#8221;{}&#8221;][et_pb_text _builder_version=&#8221;4.27.4&#8243; _module_preset=&#8221;default&#8221; text_font=&#8221;|300|||||||&#8221; text_text_color=&#8221;#000000&#8243; text_font_size=&#8221;17px&#8221; background_color=&#8221;#FFFFFF&#8221; text_orientation=&#8221;justified&#8221; custom_padding=&#8221;5px|5px|5px|5px|false|false&#8221; border_width_all=&#8221;1px&#8221; border_color_all=&#8221;#DBDBDB&#8221; global_colors_info=&#8221;{}&#8221;]<\/p>\n<p>D\u0117\u017e\u0117s vidus gali b\u016bti pritaikytas pagal individualius poreikius, \u012frengiant papildomus skyrius ar pamink\u0161tinimus, atsi\u017evelgiant \u012f transportuojam\u0173 daikt\u0173 specifik\u0105. Tvirta konstrukcija ir kokybi\u0161kos med\u017eiagos u\u017etikrina ilgalaik\u012f naudojim\u0105 bei patikim\u0105 apsaug\u0105 nuo mechanini\u0173 pa\u017eeidim\u0173 ir aplinkos poveikio.<\/p>\n<p>[\/et_pb_text][\/et_pb_column][\/et_pb_row][et_pb_row _builder_version=&#8221;4.27.4&#8243; background_color=&#8221;RGBA(255,255,255,0)&#8221; background_size=&#8221;initial&#8221; background_position=&#8221;top_left&#8221; background_repeat=&#8221;repeat&#8221; width=&#8221;90%&#8221; max_width=&#8221;100%&#8221; module_alignment=&#8221;center&#8221; global_colors_info=&#8221;{}&#8221;][et_pb_column type=&#8221;4_4&#8243; _builder_version=&#8221;4.16&#8243; custom_padding=&#8221;|||&#8221; global_colors_info=&#8221;{}&#8221; custom_padding__hover=&#8221;|||&#8221;][et_pb_text _builder_version=&#8221;4.27.4&#8243; _module_preset=&#8221;default&#8221; text_font=&#8221;|600||on|||||&#8221; text_font_size=&#8221;24px&#8221; text_orientation=&#8221;center&#8221; custom_margin=&#8221;0px|0px|0px|0px|false|false&#8221; custom_padding=&#8221;0px|0px|15px|0px|false|false&#8221; text_orientation_phone=&#8221;center&#8221; text_orientation_last_edited=&#8221;off|desktop&#8221; global_colors_info=&#8221;{}&#8221;]<\/p>\n<p>Neradai ko ie\u0161kai?<\/p>\n<p>[\/et_pb_text][dsm_button button_two_text=&#8221;SUSIKURK SAVO D\u0116\u017d\u0118&#8221; button_two_url=&#8221;\/susikurkite-savo-transportavimo-deze\/&#8221; button_alignment=&#8221;center&#8221; button_alignment_tablet=&#8221;center&#8221; button_alignment_phone=&#8221;center&#8221; button_alignment_last_edited=&#8221;on|phone&#8221; _builder_version=&#8221;4.27.4&#8243; _module_preset=&#8221;default&#8221; custom_button_one=&#8221;on&#8221; button_one_text_color=&#8221;#FFFFFF&#8221; button_one_bg_color=&#8221;#000000&#8243; button_one_border_width=&#8221;0px&#8221; button_one_border_radius=&#8221;3px&#8221; button_one_font=&#8221;|300|||||||&#8221; custom_button_two=&#8221;on&#8221; button_two_text_color=&#8221;#FFFFFF&#8221; button_two_bg_color=&#8221;#0C71C3&#8243; button_two_border_width=&#8221;0px&#8221; button_two_border_radius=&#8221;3px&#8221; button_two_font=&#8221;|300|||||||&#8221; button_two_custom_margin=&#8221;|0px||0px|false|false&#8221; custom_margin=&#8221;0px||||false|false&#8221; custom_padding=&#8221;0px|||||&#8221; button_two_text_size_tablet=&#8221;&#8221; button_two_text_size_phone=&#8221;18px&#8221; button_two_text_size_last_edited=&#8221;on|phone&#8221; button_two_text_shadow_style=&#8221;preset4&#8243; button_two_text_shadow_color=&#8221;#000000&#8243; box_shadow_style_button_one=&#8221;preset2&#8243; box_shadow_horizontal_button_one=&#8221;2px&#8221; box_shadow_vertical_button_one=&#8221;2px&#8221; box_shadow_blur_button_one=&#8221;3px&#8221; box_shadow_style_button_two=&#8221;preset2&#8243; box_shadow_horizontal_button_two=&#8221;2px&#8221; box_shadow_vertical_button_two=&#8221;2px&#8221; box_shadow_blur_button_two=&#8221;3px&#8221; global_module=&#8221;7791&#8243; locked=&#8221;off&#8221; global_colors_info=&#8221;{}&#8221;][\/dsm_button][\/et_pb_column][\/et_pb_row][\/et_pb_section]<\/p>\n","protected":false},"excerpt":{"rendered":"<p><strong>Universalios paskirties transportavimo d\u0117\u017e\u0117 \/ Flight Case Cube<\/strong> yra sukurta siekiant u\u017etikrinti saug\u0173 \u012fvairi\u0173 daikt\u0173 transportavim\u0105 ir saugojim\u0105. D\u0117l savo kubin\u0117s formos ir tvirtos konstrukcijos, ji idealiai tinka muzikos instrumentams, garso ir ap\u0161vietimo \u012frangai, elektronikai, \u012frankiams bei kitiems jautriems ar vertingiems daiktams.<\/p>\n","protected":false},"featured_media":5041,"template":"","meta":{"_et_pb_use_builder":"on","_et_pb_old_content":"","_et_gb_content_width":"","inline_featured_image":false},"product_brand":[],"product_cat":[69],"product_tag":[],"class_list":{"0":"post-4982","1":"product","2":"type-product","3":"status-publish","4":"has-post-thumbnail","6":"product_cat-transportavimo-dezes","8":"first","9":"onbackorder","10":"taxable","11":"shipping-taxable","12":"purchasable","13":"product-type-variable"},"yoast_head":"<!-- This site is optimized with the Yoast SEO plugin v27.5 - https:\/\/yoast.com\/product\/yoast-seo-wordpress\/ -->\n<title>Universalios paskirties transportavimo d\u0117\u017e\u0117 \/ Flight Case Cube -<\/title>\n<meta name=\"description\" content=\"Transportavimo d\u0117\u017e\u0117 Cube\" \/>\n<meta name=\"robots\" content=\"index, follow, max-snippet:-1, max-image-preview:large, max-video-preview:-1\" \/>\n<link rel=\"canonical\" href=\"https:\/\/hardflightcase.com\/lt\/produktas\/universalios-paskirties-transportavimo-deze-flight-case-cube\/\" \/>\n<meta property=\"og:locale\" content=\"lt_LT\" \/>\n<meta property=\"og:type\" content=\"article\" \/>\n<meta property=\"og:title\" content=\"Universalios paskirties transportavimo d\u0117\u017e\u0117 \/ Flight Case Cube -\" \/>\n<meta property=\"og:description\" content=\"Transportavimo d\u0117\u017e\u0117 Cube\" \/>\n<meta property=\"og:url\" content=\"https:\/\/hardflightcase.com\/lt\/produktas\/universalios-paskirties-transportavimo-deze-flight-case-cube\/\" \/>\n<meta property=\"article:modified_time\" content=\"2025-07-09T09:02:07+00:00\" \/>\n<meta property=\"og:image\" content=\"https:\/\/hardflightcase.com\/wp-content\/uploads\/2024\/03\/universalios-paskirties-transportavimo-deze-flight-case-cube-kaina-parduotuve.webp\" \/>\n\t<meta property=\"og:image:width\" content=\"1500\" \/>\n\t<meta property=\"og:image:height\" content=\"1500\" \/>\n\t<meta property=\"og:image:type\" content=\"image\/webp\" \/>\n<meta name=\"twitter:card\" content=\"summary_large_image\" \/>\n<meta name=\"twitter:label1\" content=\"Est. reading time\" \/>\n\t<meta name=\"twitter:data1\" content=\"1 minut\u0117\" \/>\n<script type=\"application\/ld+json\" class=\"yoast-schema-graph\">{\"@context\":\"https:\\\/\\\/schema.org\",\"@graph\":[{\"@type\":\"WebPage\",\"@id\":\"https:\\\/\\\/hardflightcase.com\\\/lt\\\/produktas\\\/universalios-paskirties-transportavimo-deze-flight-case-cube\\\/\",\"url\":\"https:\\\/\\\/hardflightcase.com\\\/lt\\\/produktas\\\/universalios-paskirties-transportavimo-deze-flight-case-cube\\\/\",\"name\":\"Universalios paskirties transportavimo d\u0117\u017e\u0117 \\\/ Flight Case Cube -\",\"isPartOf\":{\"@id\":\"https:\\\/\\\/hardflightcase.com\\\/lt\\\/#website\"},\"primaryImageOfPage\":{\"@id\":\"https:\\\/\\\/hardflightcase.com\\\/lt\\\/produktas\\\/universalios-paskirties-transportavimo-deze-flight-case-cube\\\/#primaryimage\"},\"image\":{\"@id\":\"https:\\\/\\\/hardflightcase.com\\\/lt\\\/produktas\\\/universalios-paskirties-transportavimo-deze-flight-case-cube\\\/#primaryimage\"},\"thumbnailUrl\":\"https:\\\/\\\/hardflightcase.com\\\/wp-content\\\/uploads\\\/2024\\\/03\\\/universalios-paskirties-transportavimo-deze-flight-case-cube-kaina-parduotuve.webp\",\"datePublished\":\"2024-03-21T12:19:57+00:00\",\"dateModified\":\"2025-07-09T09:02:07+00:00\",\"description\":\"Transportavimo d\u0117\u017e\u0117 Cube\",\"breadcrumb\":{\"@id\":\"https:\\\/\\\/hardflightcase.com\\\/lt\\\/produktas\\\/universalios-paskirties-transportavimo-deze-flight-case-cube\\\/#breadcrumb\"},\"inLanguage\":\"lt-LT\",\"potentialAction\":[{\"@type\":\"ReadAction\",\"target\":[\"https:\\\/\\\/hardflightcase.com\\\/lt\\\/produktas\\\/universalios-paskirties-transportavimo-deze-flight-case-cube\\\/\"]}]},{\"@type\":\"ImageObject\",\"inLanguage\":\"lt-LT\",\"@id\":\"https:\\\/\\\/hardflightcase.com\\\/lt\\\/produktas\\\/universalios-paskirties-transportavimo-deze-flight-case-cube\\\/#primaryimage\",\"url\":\"https:\\\/\\\/hardflightcase.com\\\/wp-content\\\/uploads\\\/2024\\\/03\\\/universalios-paskirties-transportavimo-deze-flight-case-cube-kaina-parduotuve.webp\",\"contentUrl\":\"https:\\\/\\\/hardflightcase.com\\\/wp-content\\\/uploads\\\/2024\\\/03\\\/universalios-paskirties-transportavimo-deze-flight-case-cube-kaina-parduotuve.webp\",\"width\":1500,\"height\":1500,\"caption\":\"Projektuojame ir gaminame universalios paskirties transportavimo dezes, muzikos instrumentams, irangai, irankiams, elektronikai, zemes ukio, apsvietimo, garso technikai\"},{\"@type\":\"BreadcrumbList\",\"@id\":\"https:\\\/\\\/hardflightcase.com\\\/lt\\\/produktas\\\/universalios-paskirties-transportavimo-deze-flight-case-cube\\\/#breadcrumb\",\"itemListElement\":[{\"@type\":\"ListItem\",\"position\":1,\"name\":\"Home\",\"item\":\"https:\\\/\\\/hardflightcase.com\\\/lt\\\/\"},{\"@type\":\"ListItem\",\"position\":2,\"name\":\"Parduotuv\u0117\",\"item\":\"https:\\\/\\\/hardflightcase.com\\\/shop\\\/\"},{\"@type\":\"ListItem\",\"position\":3,\"name\":\"Universalios paskirties transportavimo d\u0117\u017e\u0117 \\\/ Flight Case Cube\"}]},{\"@type\":\"WebSite\",\"@id\":\"https:\\\/\\\/hardflightcase.com\\\/lt\\\/#website\",\"url\":\"https:\\\/\\\/hardflightcase.com\\\/lt\\\/\",\"name\":\"\",\"description\":\"DEV - Transportavimo d\u0117\u017ei\u0173 gamyba ir projektavimas\",\"publisher\":{\"@id\":\"https:\\\/\\\/hardflightcase.com\\\/lt\\\/#organization\"},\"potentialAction\":[{\"@type\":\"SearchAction\",\"target\":{\"@type\":\"EntryPoint\",\"urlTemplate\":\"https:\\\/\\\/hardflightcase.com\\\/lt\\\/?s={search_term_string}\"},\"query-input\":{\"@type\":\"PropertyValueSpecification\",\"valueRequired\":true,\"valueName\":\"search_term_string\"}}],\"inLanguage\":\"lt-LT\"},{\"@type\":\"Organization\",\"@id\":\"https:\\\/\\\/hardflightcase.com\\\/lt\\\/#organization\",\"name\":\"HardFlightCase\",\"url\":\"https:\\\/\\\/hardflightcase.com\\\/lt\\\/\",\"logo\":{\"@type\":\"ImageObject\",\"inLanguage\":\"lt-LT\",\"@id\":\"https:\\\/\\\/hardflightcase.com\\\/lt\\\/#\\\/schema\\\/logo\\\/image\\\/\",\"url\":\"https:\\\/\\\/hardflightcase.com\\\/wp-content\\\/uploads\\\/2023\\\/01\\\/Baltas-logo-paprastas.svg\",\"contentUrl\":\"https:\\\/\\\/hardflightcase.com\\\/wp-content\\\/uploads\\\/2023\\\/01\\\/Baltas-logo-paprastas.svg\",\"width\":2245,\"height\":1587,\"caption\":\"HardFlightCase\"},\"image\":{\"@id\":\"https:\\\/\\\/hardflightcase.com\\\/lt\\\/#\\\/schema\\\/logo\\\/image\\\/\"}}]}<\/script>\n<!-- \/ Yoast SEO plugin. -->","yoast_head_json":{"title":"Universalios paskirties transportavimo d\u0117\u017e\u0117 \/ Flight Case Cube -","description":"Transportavimo d\u0117\u017e\u0117 Cube","robots":{"index":"index","follow":"follow","max-snippet":"max-snippet:-1","max-image-preview":"max-image-preview:large","max-video-preview":"max-video-preview:-1"},"canonical":"https:\/\/hardflightcase.com\/lt\/produktas\/universalios-paskirties-transportavimo-deze-flight-case-cube\/","og_locale":"lt_LT","og_type":"article","og_title":"Universalios paskirties transportavimo d\u0117\u017e\u0117 \/ Flight Case Cube -","og_description":"Transportavimo d\u0117\u017e\u0117 Cube","og_url":"https:\/\/hardflightcase.com\/lt\/produktas\/universalios-paskirties-transportavimo-deze-flight-case-cube\/","article_modified_time":"2025-07-09T09:02:07+00:00","og_image":[{"width":1500,"height":1500,"url":"https:\/\/hardflightcase.com\/wp-content\/uploads\/2024\/03\/universalios-paskirties-transportavimo-deze-flight-case-cube-kaina-parduotuve.webp","type":"image\/webp"}],"twitter_card":"summary_large_image","twitter_misc":{"Est. reading time":"1 minut\u0117"},"schema":{"@context":"https:\/\/schema.org","@graph":[{"@type":"WebPage","@id":"https:\/\/hardflightcase.com\/lt\/produktas\/universalios-paskirties-transportavimo-deze-flight-case-cube\/","url":"https:\/\/hardflightcase.com\/lt\/produktas\/universalios-paskirties-transportavimo-deze-flight-case-cube\/","name":"Universalios paskirties transportavimo d\u0117\u017e\u0117 \/ Flight Case Cube -","isPartOf":{"@id":"https:\/\/hardflightcase.com\/lt\/#website"},"primaryImageOfPage":{"@id":"https:\/\/hardflightcase.com\/lt\/produktas\/universalios-paskirties-transportavimo-deze-flight-case-cube\/#primaryimage"},"image":{"@id":"https:\/\/hardflightcase.com\/lt\/produktas\/universalios-paskirties-transportavimo-deze-flight-case-cube\/#primaryimage"},"thumbnailUrl":"https:\/\/hardflightcase.com\/wp-content\/uploads\/2024\/03\/universalios-paskirties-transportavimo-deze-flight-case-cube-kaina-parduotuve.webp","datePublished":"2024-03-21T12:19:57+00:00","dateModified":"2025-07-09T09:02:07+00:00","description":"Transportavimo d\u0117\u017e\u0117 Cube","breadcrumb":{"@id":"https:\/\/hardflightcase.com\/lt\/produktas\/universalios-paskirties-transportavimo-deze-flight-case-cube\/#breadcrumb"},"inLanguage":"lt-LT","potentialAction":[{"@type":"ReadAction","target":["https:\/\/hardflightcase.com\/lt\/produktas\/universalios-paskirties-transportavimo-deze-flight-case-cube\/"]}]},{"@type":"ImageObject","inLanguage":"lt-LT","@id":"https:\/\/hardflightcase.com\/lt\/produktas\/universalios-paskirties-transportavimo-deze-flight-case-cube\/#primaryimage","url":"https:\/\/hardflightcase.com\/wp-content\/uploads\/2024\/03\/universalios-paskirties-transportavimo-deze-flight-case-cube-kaina-parduotuve.webp","contentUrl":"https:\/\/hardflightcase.com\/wp-content\/uploads\/2024\/03\/universalios-paskirties-transportavimo-deze-flight-case-cube-kaina-parduotuve.webp","width":1500,"height":1500,"caption":"Projektuojame ir gaminame universalios paskirties transportavimo dezes, muzikos instrumentams, irangai, irankiams, elektronikai, zemes ukio, apsvietimo, garso technikai"},{"@type":"BreadcrumbList","@id":"https:\/\/hardflightcase.com\/lt\/produktas\/universalios-paskirties-transportavimo-deze-flight-case-cube\/#breadcrumb","itemListElement":[{"@type":"ListItem","position":1,"name":"Home","item":"https:\/\/hardflightcase.com\/lt\/"},{"@type":"ListItem","position":2,"name":"Parduotuv\u0117","item":"https:\/\/hardflightcase.com\/shop\/"},{"@type":"ListItem","position":3,"name":"Universalios paskirties transportavimo d\u0117\u017e\u0117 \/ Flight Case Cube"}]},{"@type":"WebSite","@id":"https:\/\/hardflightcase.com\/lt\/#website","url":"https:\/\/hardflightcase.com\/lt\/","name":"","description":"DEV - Transportavimo d\u0117\u017ei\u0173 gamyba ir projektavimas","publisher":{"@id":"https:\/\/hardflightcase.com\/lt\/#organization"},"potentialAction":[{"@type":"SearchAction","target":{"@type":"EntryPoint","urlTemplate":"https:\/\/hardflightcase.com\/lt\/?s={search_term_string}"},"query-input":{"@type":"PropertyValueSpecification","valueRequired":true,"valueName":"search_term_string"}}],"inLanguage":"lt-LT"},{"@type":"Organization","@id":"https:\/\/hardflightcase.com\/lt\/#organization","name":"HardFlightCase","url":"https:\/\/hardflightcase.com\/lt\/","logo":{"@type":"ImageObject","inLanguage":"lt-LT","@id":"https:\/\/hardflightcase.com\/lt\/#\/schema\/logo\/image\/","url":"https:\/\/hardflightcase.com\/wp-content\/uploads\/2023\/01\/Baltas-logo-paprastas.svg","contentUrl":"https:\/\/hardflightcase.com\/wp-content\/uploads\/2023\/01\/Baltas-logo-paprastas.svg","width":2245,"height":1587,"caption":"HardFlightCase"},"image":{"@id":"https:\/\/hardflightcase.com\/lt\/#\/schema\/logo\/image\/"}}]}},"_links":{"self":[{"href":"https:\/\/hardflightcase.com\/lt\/wp-json\/wp\/v2\/product\/4982","targetHints":{"allow":["GET"]}}],"collection":[{"href":"https:\/\/hardflightcase.com\/lt\/wp-json\/wp\/v2\/product"}],"about":[{"href":"https:\/\/hardflightcase.com\/lt\/wp-json\/wp\/v2\/types\/product"}],"wp:featuredmedia":[{"embeddable":true,"href":"https:\/\/hardflightcase.com\/lt\/wp-json\/wp\/v2\/media\/5041"}],"wp:attachment":[{"href":"https:\/\/hardflightcase.com\/lt\/wp-json\/wp\/v2\/media?parent=4982"}],"wp:term":[{"taxonomy":"product_brand","embeddable":true,"href":"https:\/\/hardflightcase.com\/lt\/wp-json\/wp\/v2\/product_brand?post=4982"},{"taxonomy":"product_cat","embeddable":true,"href":"https:\/\/hardflightcase.com\/lt\/wp-json\/wp\/v2\/product_cat?post=4982"},{"taxonomy":"product_tag","embeddable":true,"href":"https:\/\/hardflightcase.com\/lt\/wp-json\/wp\/v2\/product_tag?post=4982"}],"curies":[{"name":"wp","href":"https:\/\/api.w.org\/{rel}","templated":true}]}}