{"id":4951,"date":"2024-03-21T14:19:54","date_gmt":"2024-03-21T12:19:54","guid":{"rendered":"https:\/\/hardflightcase.lt\/?post_type=product&#038;p=4951"},"modified":"2025-07-09T12:33:21","modified_gmt":"2025-07-09T09:33:21","slug":"universalios-paskirties-transportavimo-deze-flight-case-sw","status":"publish","type":"product","link":"https:\/\/hardflightcase.com\/lt\/produktas\/universalios-paskirties-transportavimo-deze-flight-case-sw\/","title":{"rendered":"Universalios paskirties transportavimo d\u0117\u017e\u0117 \/ Flight Case SW"},"content":{"rendered":"<p>[et_pb_section fb_built=&#8221;1&#8243; _builder_version=&#8221;4.27.4&#8243; background_color=&#8221;RGBA(255,255,255,0)&#8221; custom_margin=&#8221;0px||0px||false|false&#8221; custom_padding=&#8221;0px||0px||false|false&#8221; global_colors_info=&#8221;{}&#8221;][et_pb_row _builder_version=&#8221;4.27.4&#8243; background_color=&#8221;RGBA(255,255,255,0)&#8221; background_size=&#8221;initial&#8221; background_position=&#8221;top_left&#8221; background_repeat=&#8221;repeat&#8221; width=&#8221;90%&#8221; max_width=&#8221;100%&#8221; module_alignment=&#8221;center&#8221; global_colors_info=&#8221;{}&#8221;][et_pb_column type=&#8221;4_4&#8243; _builder_version=&#8221;4.16&#8243; custom_padding=&#8221;|||&#8221; global_colors_info=&#8221;{}&#8221; custom_padding__hover=&#8221;|||&#8221;][et_pb_text _builder_version=&#8221;4.27.4&#8243; _module_preset=&#8221;default&#8221; text_font_size=&#8221;17px&#8221; global_colors_info=&#8221;{}&#8221;]<\/p>\n<p><strong>\u0160i universalios paskirties transportavimo d\u0117\u017e\u0117 \/ Flight Case SW<\/strong> suteikia lankstumo ir patikimumo transportuojant \u012fvairius daiktus, u\u017etikrinant j\u0173 saugum\u0105 ir apsaug\u0105 nuo pa\u017eeidim\u0173.<\/p>\n<p>[\/et_pb_text][et_pb_text _builder_version=&#8221;4.27.4&#8243; _module_preset=&#8221;default&#8221; text_font=&#8221;|600|||||||&#8221; text_font_size=&#8221;24px&#8221; global_colors_info=&#8221;{}&#8221;]<\/p>\n<p>Specifikacijos:<\/p>\n<p>[\/et_pb_text][\/et_pb_column][\/et_pb_row][et_pb_row use_custom_gutter=&#8221;on&#8221; gutter_width=&#8221;1&#8243; make_equal=&#8221;on&#8221; _builder_version=&#8221;4.27.4&#8243; _module_preset=&#8221;default&#8221; background_color=&#8221;RGBA(255,255,255,0)&#8221; width=&#8221;90%&#8221; max_width=&#8221;100%&#8221; module_alignment=&#8221;center&#8221; custom_margin=&#8221;0px||0px||false|false&#8221; custom_padding=&#8221;0px||0px||false|false&#8221; custom_css_main_element=&#8221;display: flex;&#8221; global_colors_info=&#8221;{}&#8221;][et_pb_column type=&#8221;4_4&#8243; _builder_version=&#8221;4.27.4&#8243; _module_preset=&#8221;default&#8221; global_colors_info=&#8221;{}&#8221;][et_pb_text _builder_version=&#8221;4.27.4&#8243; _module_preset=&#8221;default&#8221; text_font_size=&#8221;17px&#8221; background_color=&#8221;#FFFFFF&#8221; global_colors_info=&#8221;{}&#8221;]<\/p>\n<table style=\"border-collapse: collapse; width: 100%;\" border=\"1\">\n<tbody>\n<tr>\n<td style=\"width: 50%; text-align: center;\"><strong>I\u0161oriniai matmenys<\/strong><\/td>\n<td style=\"width: 50%; text-align: center;\">940 x 430 x 400 mm<\/td>\n<\/tr>\n<tr>\n<td style=\"width: 50%; text-align: center;\"><strong>Med\u017eiaga:<\/strong><\/td>\n<td style=\"width: 50%; text-align: center;\">6,8 mm ber\u017eo fanera, padengta fenolio derva<\/td>\n<\/tr>\n<tr>\n<td style=\"width: 50%; text-align: center;\"><strong>Aliuminio profilis:<\/strong><\/td>\n<td style=\"width: 50%; text-align: center;\">30 x 30 mm<\/td>\n<\/tr>\n<tr>\n<td style=\"width: 50%; text-align: center;\"><strong>U\u017eraktai:<\/strong><\/td>\n<td style=\"width: 50%; text-align: center;\">2 &#8222;Butterfly&#8221; tipo<\/td>\n<\/tr>\n<tr>\n<td style=\"width: 50%; text-align: center;\"><strong>Rankenos:<\/strong><\/td>\n<td style=\"width: 50%; text-align: center;\">2 spyruoklin\u0117s<\/td>\n<\/tr>\n<tr>\n<td style=\"width: 50%; text-align: center;\"><strong>Kampai:<\/strong><\/td>\n<td style=\"width: 50%; text-align: center;\">8 rutuliniai<\/td>\n<\/tr>\n<tr>\n<td style=\"width: 50%; text-align: center;\"><strong>Vidiniai matmenys (PxGxA):<\/strong><\/td>\n<td style=\"width: 50%; text-align: center;\">920 x 410 x 380 mm<\/td>\n<\/tr>\n<tr>\n<td style=\"width: 50%; text-align: center;\"><strong>Svoris:<\/strong><\/td>\n<td style=\"width: 50%; text-align: center;\">Apytiksliai 14 kg<\/td>\n<\/tr>\n<\/tbody>\n<\/table>\n<p>[\/et_pb_text][\/et_pb_column][\/et_pb_row][\/et_pb_section][et_pb_section fb_built=&#8221;1&#8243; _builder_version=&#8221;4.27.4&#8243; background_color=&#8221;RGBA(255,255,255,0)&#8221; custom_margin=&#8221;0px||0px||false|false&#8221; custom_padding=&#8221;0px||0px||false|false&#8221; global_colors_info=&#8221;{}&#8221;][et_pb_row _builder_version=&#8221;4.27.4&#8243; background_color=&#8221;RGBA(255,255,255,0)&#8221; background_size=&#8221;initial&#8221; background_position=&#8221;top_left&#8221; background_repeat=&#8221;repeat&#8221; width=&#8221;90%&#8221; max_width=&#8221;100%&#8221; module_alignment=&#8221;center&#8221; global_colors_info=&#8221;{}&#8221;][et_pb_column type=&#8221;4_4&#8243; _builder_version=&#8221;4.16&#8243; custom_padding=&#8221;|||&#8221; global_colors_info=&#8221;{}&#8221; custom_padding__hover=&#8221;|||&#8221;][et_pb_text _builder_version=&#8221;4.27.4&#8243; _module_preset=&#8221;default&#8221; text_font=&#8221;|600|||||||&#8221; text_font_size=&#8221;24px&#8221; global_colors_info=&#8221;{}&#8221;]Papildoma informacija:[\/et_pb_text][\/et_pb_column][\/et_pb_row][et_pb_row use_custom_gutter=&#8221;on&#8221; gutter_width=&#8221;1&#8243; make_equal=&#8221;on&#8221; _builder_version=&#8221;4.27.4&#8243; _module_preset=&#8221;default&#8221; background_color=&#8221;RGBA(255,255,255,0)&#8221; width=&#8221;90%&#8221; max_width=&#8221;100%&#8221; module_alignment=&#8221;center&#8221; custom_margin=&#8221;0px||0px||false|false&#8221; custom_padding=&#8221;0px||0px||false|false&#8221; global_colors_info=&#8221;{}&#8221;][et_pb_column type=&#8221;4_4&#8243; _builder_version=&#8221;4.27.4&#8243; _module_preset=&#8221;default&#8221; global_colors_info=&#8221;{}&#8221;][et_pb_text _builder_version=&#8221;4.27.4&#8243; _module_preset=&#8221;default&#8221; text_font=&#8221;|300|||||||&#8221; text_text_color=&#8221;#000000&#8243; text_font_size=&#8221;17px&#8221; background_color=&#8221;#FFFFFF&#8221; text_orientation=&#8221;justified&#8221; custom_padding=&#8221;5px|5px|5px|5px|false|false&#8221; border_width_all=&#8221;1px&#8221; border_color_all=&#8221;#DBDBDB&#8221; global_colors_info=&#8221;{}&#8221;]<\/p>\n<p>Transportavimo d\u0117\u017e\u0117s vidus gali b\u016bti pritaikytas pagal individualius poreikius, \u012frengiant papildomus skyrius ar pamink\u0161tinimus, atsi\u017evelgiant \u012f transportuojam\u0173 daikt\u0173 specifik\u0105. D\u0117\u017e\u0117s tvirta konstrukcija ir kokybi\u0161kos med\u017eiagos u\u017etikrina ilgalaik\u012f naudojim\u0105 bei patikim\u0105 apsaug\u0105 nuo mechanini\u0173 pa\u017eeidim\u0173 ir aplinkos poveikio.<\/p>\n<p>[\/et_pb_text][\/et_pb_column][\/et_pb_row][et_pb_row _builder_version=&#8221;4.27.4&#8243; background_color=&#8221;RGBA(255,255,255,0)&#8221; background_size=&#8221;initial&#8221; background_position=&#8221;top_left&#8221; background_repeat=&#8221;repeat&#8221; width=&#8221;90%&#8221; max_width=&#8221;100%&#8221; module_alignment=&#8221;center&#8221; global_colors_info=&#8221;{}&#8221;][et_pb_column type=&#8221;4_4&#8243; _builder_version=&#8221;4.16&#8243; custom_padding=&#8221;|||&#8221; global_colors_info=&#8221;{}&#8221; custom_padding__hover=&#8221;|||&#8221;][et_pb_text _builder_version=&#8221;4.27.4&#8243; _module_preset=&#8221;default&#8221; text_font=&#8221;|600||on|||||&#8221; text_font_size=&#8221;24px&#8221; text_orientation=&#8221;center&#8221; custom_margin=&#8221;0px|0px|0px|0px|false|false&#8221; custom_padding=&#8221;0px|0px|15px|0px|false|false&#8221; text_orientation_phone=&#8221;center&#8221; text_orientation_last_edited=&#8221;off|desktop&#8221; global_colors_info=&#8221;{}&#8221;]<\/p>\n<p>Neradai ko ie\u0161kai?<\/p>\n<p>[\/et_pb_text][dsm_button button_two_text=&#8221;SUSIKURK SAVO D\u0116\u017d\u0118&#8221; button_two_url=&#8221;@ET-DC@eyJkeW5hbWljIjp0cnVlLCJjb250ZW50IjoicG9zdF9saW5rX3VybF9wYWdlIiwic2V0dGluZ3MiOnsicG9zdF9pZCI6IjY3ODMifX0=@&#8221; button_alignment=&#8221;center&#8221; button_alignment_tablet=&#8221;center&#8221; button_alignment_phone=&#8221;center&#8221; button_alignment_last_edited=&#8221;on|phone&#8221; _builder_version=&#8221;4.27.4&#8243; _dynamic_attributes=&#8221;button_two_url&#8221; _module_preset=&#8221;default&#8221; custom_button_one=&#8221;on&#8221; button_one_text_color=&#8221;#FFFFFF&#8221; button_one_bg_color=&#8221;#000000&#8243; button_one_border_width=&#8221;0px&#8221; button_one_border_radius=&#8221;3px&#8221; button_one_font=&#8221;|300|||||||&#8221; custom_button_two=&#8221;on&#8221; button_two_text_color=&#8221;#FFFFFF&#8221; button_two_bg_color=&#8221;#0C71C3&#8243; button_two_border_width=&#8221;0px&#8221; button_two_border_radius=&#8221;3px&#8221; button_two_font=&#8221;|300|||||||&#8221; button_two_custom_margin=&#8221;|0px||0px|false|false&#8221; custom_margin=&#8221;0px||||false|false&#8221; custom_padding=&#8221;0px|||||&#8221; button_two_text_size_tablet=&#8221;&#8221; button_two_text_size_phone=&#8221;18px&#8221; button_two_text_size_last_edited=&#8221;on|phone&#8221; button_two_text_shadow_style=&#8221;preset4&#8243; button_two_text_shadow_color=&#8221;#000000&#8243; box_shadow_style_button_one=&#8221;preset2&#8243; box_shadow_horizontal_button_one=&#8221;2px&#8221; box_shadow_vertical_button_one=&#8221;2px&#8221; box_shadow_blur_button_one=&#8221;3px&#8221; box_shadow_style_button_two=&#8221;preset2&#8243; box_shadow_horizontal_button_two=&#8221;2px&#8221; box_shadow_vertical_button_two=&#8221;2px&#8221; box_shadow_blur_button_two=&#8221;3px&#8221; global_module=&#8221;7791&#8243; saved_tabs=&#8221;all&#8221; locked=&#8221;off&#8221; global_colors_info=&#8221;{}&#8221;][\/dsm_button][\/et_pb_column][\/et_pb_row][\/et_pb_section]<\/p>\n","protected":false},"excerpt":{"rendered":"<p><strong>Universalios paskirties transportavimo d\u0117\u017e\u0117 \/ Flight Case SW<\/strong><span style=\"font-weight: 400;\"> yra sukurta siekiant u\u017etikrinti saug\u0173 \u012fvairi\u0173 \u012frengini\u0173 ir \u012frangos transportavim\u0105 bei saugojim\u0105. D\u0117l savo tvirtos konstrukcijos ir prakti\u0161ko dizaino, d\u0117\u017e\u0117 idealiai tinka muzikos instrumentams, garso ir ap\u0161vietimo \u012frangai, elektronikai, \u012frankiams bei kitiems jautriems ar vertingiems daiktams.<\/span><\/p>\n","protected":false},"featured_media":5027,"template":"","meta":{"_et_pb_use_builder":"on","_et_pb_old_content":"","_et_gb_content_width":"","inline_featured_image":false},"product_brand":[],"product_cat":[69],"product_tag":[],"class_list":{"0":"post-4951","1":"product","2":"type-product","3":"status-publish","4":"has-post-thumbnail","6":"product_cat-transportavimo-dezes","8":"first","9":"instock","10":"taxable","11":"shipping-taxable","12":"purchasable","13":"product-type-variable"},"yoast_head":"<!-- This site is optimized with the Yoast SEO plugin v27.5 - https:\/\/yoast.com\/product\/yoast-seo-wordpress\/ -->\n<title>Universalios paskirties transportavimo d\u0117\u017e\u0117 \/ Flight Case SW -<\/title>\n<meta name=\"description\" content=\"Universalio paskirties transportavimo deze flight case SW skirta muzikos instrumentams, muzikos irangai irankiams, smugiams jautriems daiktams, apsvietimo\" \/>\n<meta name=\"robots\" content=\"index, follow, max-snippet:-1, max-image-preview:large, max-video-preview:-1\" \/>\n<link rel=\"canonical\" href=\"https:\/\/hardflightcase.com\/lt\/produktas\/universalios-paskirties-transportavimo-deze-flight-case-sw\/\" \/>\n<meta property=\"og:locale\" content=\"lt_LT\" \/>\n<meta property=\"og:type\" content=\"article\" \/>\n<meta property=\"og:title\" content=\"Universalios paskirties transportavimo d\u0117\u017e\u0117 \/ Flight Case SW -\" \/>\n<meta property=\"og:description\" content=\"Universalio paskirties transportavimo deze flight case SW skirta muzikos instrumentams, muzikos irangai irankiams, smugiams jautriems daiktams, apsvietimo\" \/>\n<meta property=\"og:url\" content=\"https:\/\/hardflightcase.com\/lt\/produktas\/universalios-paskirties-transportavimo-deze-flight-case-sw\/\" \/>\n<meta property=\"article:modified_time\" content=\"2025-07-09T09:33:21+00:00\" \/>\n<meta property=\"og:image\" content=\"https:\/\/hardflightcase.com\/wp-content\/uploads\/2024\/03\/universali-transportavimo-deze-flight-case-sw-deziu-parduotuve-kaina-5.webp\" \/>\n\t<meta property=\"og:image:width\" content=\"1500\" \/>\n\t<meta property=\"og:image:height\" content=\"1500\" \/>\n\t<meta property=\"og:image:type\" content=\"image\/webp\" \/>\n<meta name=\"twitter:card\" content=\"summary_large_image\" \/>\n<meta name=\"twitter:label1\" content=\"Est. reading time\" \/>\n\t<meta name=\"twitter:data1\" content=\"1 minut\u0117\" \/>\n<script type=\"application\/ld+json\" class=\"yoast-schema-graph\">{\"@context\":\"https:\\\/\\\/schema.org\",\"@graph\":[{\"@type\":\"WebPage\",\"@id\":\"https:\\\/\\\/hardflightcase.com\\\/lt\\\/produktas\\\/universalios-paskirties-transportavimo-deze-flight-case-sw\\\/\",\"url\":\"https:\\\/\\\/hardflightcase.com\\\/lt\\\/produktas\\\/universalios-paskirties-transportavimo-deze-flight-case-sw\\\/\",\"name\":\"Universalios paskirties transportavimo d\u0117\u017e\u0117 \\\/ Flight Case SW -\",\"isPartOf\":{\"@id\":\"https:\\\/\\\/hardflightcase.com\\\/lt\\\/#website\"},\"primaryImageOfPage\":{\"@id\":\"https:\\\/\\\/hardflightcase.com\\\/lt\\\/produktas\\\/universalios-paskirties-transportavimo-deze-flight-case-sw\\\/#primaryimage\"},\"image\":{\"@id\":\"https:\\\/\\\/hardflightcase.com\\\/lt\\\/produktas\\\/universalios-paskirties-transportavimo-deze-flight-case-sw\\\/#primaryimage\"},\"thumbnailUrl\":\"https:\\\/\\\/hardflightcase.com\\\/wp-content\\\/uploads\\\/2024\\\/03\\\/universali-transportavimo-deze-flight-case-sw-deziu-parduotuve-kaina-5.webp\",\"datePublished\":\"2024-03-21T12:19:54+00:00\",\"dateModified\":\"2025-07-09T09:33:21+00:00\",\"description\":\"Universalio paskirties transportavimo deze flight case SW skirta muzikos instrumentams, muzikos irangai irankiams, smugiams jautriems daiktams, apsvietimo\",\"breadcrumb\":{\"@id\":\"https:\\\/\\\/hardflightcase.com\\\/lt\\\/produktas\\\/universalios-paskirties-transportavimo-deze-flight-case-sw\\\/#breadcrumb\"},\"inLanguage\":\"lt-LT\",\"potentialAction\":[{\"@type\":\"ReadAction\",\"target\":[\"https:\\\/\\\/hardflightcase.com\\\/lt\\\/produktas\\\/universalios-paskirties-transportavimo-deze-flight-case-sw\\\/\"]}]},{\"@type\":\"ImageObject\",\"inLanguage\":\"lt-LT\",\"@id\":\"https:\\\/\\\/hardflightcase.com\\\/lt\\\/produktas\\\/universalios-paskirties-transportavimo-deze-flight-case-sw\\\/#primaryimage\",\"url\":\"https:\\\/\\\/hardflightcase.com\\\/wp-content\\\/uploads\\\/2024\\\/03\\\/universali-transportavimo-deze-flight-case-sw-deziu-parduotuve-kaina-5.webp\",\"contentUrl\":\"https:\\\/\\\/hardflightcase.com\\\/wp-content\\\/uploads\\\/2024\\\/03\\\/universali-transportavimo-deze-flight-case-sw-deziu-parduotuve-kaina-5.webp\",\"width\":1500,\"height\":1500,\"caption\":\"Projektuojame ir gaminame universales transportavimo dezes, muzikos instrumentams, irangai, irankiams, elektronikai, apsvietimo, garso technikai 5\"},{\"@type\":\"BreadcrumbList\",\"@id\":\"https:\\\/\\\/hardflightcase.com\\\/lt\\\/produktas\\\/universalios-paskirties-transportavimo-deze-flight-case-sw\\\/#breadcrumb\",\"itemListElement\":[{\"@type\":\"ListItem\",\"position\":1,\"name\":\"Home\",\"item\":\"https:\\\/\\\/hardflightcase.com\\\/lt\\\/\"},{\"@type\":\"ListItem\",\"position\":2,\"name\":\"Parduotuv\u0117\",\"item\":\"https:\\\/\\\/hardflightcase.com\\\/shop\\\/\"},{\"@type\":\"ListItem\",\"position\":3,\"name\":\"Universalios paskirties transportavimo d\u0117\u017e\u0117 \\\/ Flight Case SW\"}]},{\"@type\":\"WebSite\",\"@id\":\"https:\\\/\\\/hardflightcase.com\\\/lt\\\/#website\",\"url\":\"https:\\\/\\\/hardflightcase.com\\\/lt\\\/\",\"name\":\"\",\"description\":\"DEV - Transportavimo d\u0117\u017ei\u0173 gamyba ir projektavimas\",\"publisher\":{\"@id\":\"https:\\\/\\\/hardflightcase.com\\\/lt\\\/#organization\"},\"potentialAction\":[{\"@type\":\"SearchAction\",\"target\":{\"@type\":\"EntryPoint\",\"urlTemplate\":\"https:\\\/\\\/hardflightcase.com\\\/lt\\\/?s={search_term_string}\"},\"query-input\":{\"@type\":\"PropertyValueSpecification\",\"valueRequired\":true,\"valueName\":\"search_term_string\"}}],\"inLanguage\":\"lt-LT\"},{\"@type\":\"Organization\",\"@id\":\"https:\\\/\\\/hardflightcase.com\\\/lt\\\/#organization\",\"name\":\"HardFlightCase\",\"url\":\"https:\\\/\\\/hardflightcase.com\\\/lt\\\/\",\"logo\":{\"@type\":\"ImageObject\",\"inLanguage\":\"lt-LT\",\"@id\":\"https:\\\/\\\/hardflightcase.com\\\/lt\\\/#\\\/schema\\\/logo\\\/image\\\/\",\"url\":\"https:\\\/\\\/hardflightcase.com\\\/wp-content\\\/uploads\\\/2023\\\/01\\\/Baltas-logo-paprastas.svg\",\"contentUrl\":\"https:\\\/\\\/hardflightcase.com\\\/wp-content\\\/uploads\\\/2023\\\/01\\\/Baltas-logo-paprastas.svg\",\"width\":2245,\"height\":1587,\"caption\":\"HardFlightCase\"},\"image\":{\"@id\":\"https:\\\/\\\/hardflightcase.com\\\/lt\\\/#\\\/schema\\\/logo\\\/image\\\/\"}}]}<\/script>\n<!-- \/ Yoast SEO plugin. -->","yoast_head_json":{"title":"Universalios paskirties transportavimo d\u0117\u017e\u0117 \/ Flight Case SW -","description":"Universalio paskirties transportavimo deze flight case SW skirta muzikos instrumentams, muzikos irangai irankiams, smugiams jautriems daiktams, apsvietimo","robots":{"index":"index","follow":"follow","max-snippet":"max-snippet:-1","max-image-preview":"max-image-preview:large","max-video-preview":"max-video-preview:-1"},"canonical":"https:\/\/hardflightcase.com\/lt\/produktas\/universalios-paskirties-transportavimo-deze-flight-case-sw\/","og_locale":"lt_LT","og_type":"article","og_title":"Universalios paskirties transportavimo d\u0117\u017e\u0117 \/ Flight Case SW -","og_description":"Universalio paskirties transportavimo deze flight case SW skirta muzikos instrumentams, muzikos irangai irankiams, smugiams jautriems daiktams, apsvietimo","og_url":"https:\/\/hardflightcase.com\/lt\/produktas\/universalios-paskirties-transportavimo-deze-flight-case-sw\/","article_modified_time":"2025-07-09T09:33:21+00:00","og_image":[{"width":1500,"height":1500,"url":"https:\/\/hardflightcase.com\/wp-content\/uploads\/2024\/03\/universali-transportavimo-deze-flight-case-sw-deziu-parduotuve-kaina-5.webp","type":"image\/webp"}],"twitter_card":"summary_large_image","twitter_misc":{"Est. reading time":"1 minut\u0117"},"schema":{"@context":"https:\/\/schema.org","@graph":[{"@type":"WebPage","@id":"https:\/\/hardflightcase.com\/lt\/produktas\/universalios-paskirties-transportavimo-deze-flight-case-sw\/","url":"https:\/\/hardflightcase.com\/lt\/produktas\/universalios-paskirties-transportavimo-deze-flight-case-sw\/","name":"Universalios paskirties transportavimo d\u0117\u017e\u0117 \/ Flight Case SW -","isPartOf":{"@id":"https:\/\/hardflightcase.com\/lt\/#website"},"primaryImageOfPage":{"@id":"https:\/\/hardflightcase.com\/lt\/produktas\/universalios-paskirties-transportavimo-deze-flight-case-sw\/#primaryimage"},"image":{"@id":"https:\/\/hardflightcase.com\/lt\/produktas\/universalios-paskirties-transportavimo-deze-flight-case-sw\/#primaryimage"},"thumbnailUrl":"https:\/\/hardflightcase.com\/wp-content\/uploads\/2024\/03\/universali-transportavimo-deze-flight-case-sw-deziu-parduotuve-kaina-5.webp","datePublished":"2024-03-21T12:19:54+00:00","dateModified":"2025-07-09T09:33:21+00:00","description":"Universalio paskirties transportavimo deze flight case SW skirta muzikos instrumentams, muzikos irangai irankiams, smugiams jautriems daiktams, apsvietimo","breadcrumb":{"@id":"https:\/\/hardflightcase.com\/lt\/produktas\/universalios-paskirties-transportavimo-deze-flight-case-sw\/#breadcrumb"},"inLanguage":"lt-LT","potentialAction":[{"@type":"ReadAction","target":["https:\/\/hardflightcase.com\/lt\/produktas\/universalios-paskirties-transportavimo-deze-flight-case-sw\/"]}]},{"@type":"ImageObject","inLanguage":"lt-LT","@id":"https:\/\/hardflightcase.com\/lt\/produktas\/universalios-paskirties-transportavimo-deze-flight-case-sw\/#primaryimage","url":"https:\/\/hardflightcase.com\/wp-content\/uploads\/2024\/03\/universali-transportavimo-deze-flight-case-sw-deziu-parduotuve-kaina-5.webp","contentUrl":"https:\/\/hardflightcase.com\/wp-content\/uploads\/2024\/03\/universali-transportavimo-deze-flight-case-sw-deziu-parduotuve-kaina-5.webp","width":1500,"height":1500,"caption":"Projektuojame ir gaminame universales transportavimo dezes, muzikos instrumentams, irangai, irankiams, elektronikai, apsvietimo, garso technikai 5"},{"@type":"BreadcrumbList","@id":"https:\/\/hardflightcase.com\/lt\/produktas\/universalios-paskirties-transportavimo-deze-flight-case-sw\/#breadcrumb","itemListElement":[{"@type":"ListItem","position":1,"name":"Home","item":"https:\/\/hardflightcase.com\/lt\/"},{"@type":"ListItem","position":2,"name":"Parduotuv\u0117","item":"https:\/\/hardflightcase.com\/shop\/"},{"@type":"ListItem","position":3,"name":"Universalios paskirties transportavimo d\u0117\u017e\u0117 \/ Flight Case SW"}]},{"@type":"WebSite","@id":"https:\/\/hardflightcase.com\/lt\/#website","url":"https:\/\/hardflightcase.com\/lt\/","name":"","description":"DEV - Transportavimo d\u0117\u017ei\u0173 gamyba ir projektavimas","publisher":{"@id":"https:\/\/hardflightcase.com\/lt\/#organization"},"potentialAction":[{"@type":"SearchAction","target":{"@type":"EntryPoint","urlTemplate":"https:\/\/hardflightcase.com\/lt\/?s={search_term_string}"},"query-input":{"@type":"PropertyValueSpecification","valueRequired":true,"valueName":"search_term_string"}}],"inLanguage":"lt-LT"},{"@type":"Organization","@id":"https:\/\/hardflightcase.com\/lt\/#organization","name":"HardFlightCase","url":"https:\/\/hardflightcase.com\/lt\/","logo":{"@type":"ImageObject","inLanguage":"lt-LT","@id":"https:\/\/hardflightcase.com\/lt\/#\/schema\/logo\/image\/","url":"https:\/\/hardflightcase.com\/wp-content\/uploads\/2023\/01\/Baltas-logo-paprastas.svg","contentUrl":"https:\/\/hardflightcase.com\/wp-content\/uploads\/2023\/01\/Baltas-logo-paprastas.svg","width":2245,"height":1587,"caption":"HardFlightCase"},"image":{"@id":"https:\/\/hardflightcase.com\/lt\/#\/schema\/logo\/image\/"}}]}},"_links":{"self":[{"href":"https:\/\/hardflightcase.com\/lt\/wp-json\/wp\/v2\/product\/4951","targetHints":{"allow":["GET"]}}],"collection":[{"href":"https:\/\/hardflightcase.com\/lt\/wp-json\/wp\/v2\/product"}],"about":[{"href":"https:\/\/hardflightcase.com\/lt\/wp-json\/wp\/v2\/types\/product"}],"wp:featuredmedia":[{"embeddable":true,"href":"https:\/\/hardflightcase.com\/lt\/wp-json\/wp\/v2\/media\/5027"}],"wp:attachment":[{"href":"https:\/\/hardflightcase.com\/lt\/wp-json\/wp\/v2\/media?parent=4951"}],"wp:term":[{"taxonomy":"product_brand","embeddable":true,"href":"https:\/\/hardflightcase.com\/lt\/wp-json\/wp\/v2\/product_brand?post=4951"},{"taxonomy":"product_cat","embeddable":true,"href":"https:\/\/hardflightcase.com\/lt\/wp-json\/wp\/v2\/product_cat?post=4951"},{"taxonomy":"product_tag","embeddable":true,"href":"https:\/\/hardflightcase.com\/lt\/wp-json\/wp\/v2\/product_tag?post=4951"}],"curies":[{"name":"wp","href":"https:\/\/api.w.org\/{rel}","templated":true}]}}