{"id":4339,"date":"2024-03-05T15:51:32","date_gmt":"2024-03-05T13:51:32","guid":{"rendered":"https:\/\/hardflightcase.lt\/?post_type=product&#038;p=4339"},"modified":"2025-07-09T12:17:47","modified_gmt":"2025-07-09T09:17:47","slug":"transportavimo-lagaminas-macbook-air","status":"publish","type":"product","link":"https:\/\/hardflightcase.com\/lt\/produktas\/transportavimo-lagaminas-macbook-air\/","title":{"rendered":"Transportavimo lagaminas MacBook Air"},"content":{"rendered":"<p>Jei ie\u0161kote patikimo ir stilingo b\u016bdo ne\u0161iotis savo Apple\u00a0 kompiuter\u012f, \u0161is tvirtas transportavimo lagaminas Mac Book Air yra puikus pasirinkimas. \u0160is lagaminas yra pagamintas i\u0161 kokybi\u0161kos ir atsparios med\u017eiagos, kuri apsaugo j\u016bs\u0173 kompiuter\u012f nuo dulki\u0173, dr\u0117gm\u0117s, sm\u016bgi\u0173 ir \u012fbr\u0117\u017eim\u0173. Lagaminas turi patogi\u0105 ir tvirt\u0105 ranken\u0105, kuri leid\u017eia lengvai ir patogiai ne\u0161iotis j\u012f bet kur. Viduje lagamino yra puta, kuri i\u0161pjauta tiksliai pagal j\u016bs\u0173 kompiuterio matmenis, kad jis b\u016bt\u0173 stabiliai ir saugiai laikomas. \u0160is transportavimo lagaminas yra suderinamas su J\u016bs\u0173 pasirinktu Apple Mac Book Air modeliu ir tinka tiek verslo, tiek laisvalaikio kelion\u0117ms.<\/p>\n<p>U\u017esisakykite \u0161\u012f tvirt\u0105 transportavimo lagamin\u0105 kompiuteriui Apple Mac Book Air jau dabar ir m\u0117gaukit\u0117s saugiu ir eleganti\u0161ku kompiuterio transportavimu.<\/p>\n","protected":false},"excerpt":{"rendered":"<p>Tvirtas transportavimo lagaminas MacBook Air kompiuteriui.<\/p>\n","protected":false},"featured_media":9188,"template":"","meta":{"_et_pb_use_builder":"","_et_pb_old_content":"","_et_gb_content_width":"","inline_featured_image":false},"product_brand":[],"product_cat":[33],"product_tag":[],"class_list":{"0":"post-4339","1":"product","2":"type-product","3":"status-publish","4":"has-post-thumbnail","6":"product_cat-apple-kompiuteriams","8":"first","9":"onbackorder","10":"taxable","11":"shipping-taxable","12":"purchasable","13":"product-type-variable"},"yoast_head":"<!-- This site is optimized with the Yoast SEO plugin v27.4 - https:\/\/yoast.com\/product\/yoast-seo-wordpress\/ -->\n<title>Transportavimo lagaminas MacBook Air -<\/title>\n<meta name=\"description\" content=\"Transportavimo lagaminas MacBook Air, pagamintas idealiai pagal j\u016bs\u0173 kompiuterio i\u0161matavimus. Tvirtas korpusas, mink\u0161ta, frezuota puta - puki apsauga.\" \/>\n<meta name=\"robots\" content=\"index, follow, max-snippet:-1, max-image-preview:large, max-video-preview:-1\" \/>\n<link rel=\"canonical\" href=\"https:\/\/hardflightcase.com\/lt\/produktas\/transportavimo-lagaminas-macbook-air\/\" \/>\n<meta property=\"og:locale\" content=\"lt_LT\" \/>\n<meta property=\"og:type\" content=\"article\" \/>\n<meta property=\"og:title\" content=\"Transportavimo lagaminas MacBook Air -\" \/>\n<meta property=\"og:description\" content=\"Transportavimo lagaminas MacBook Air, pagamintas idealiai pagal j\u016bs\u0173 kompiuterio i\u0161matavimus. Tvirtas korpusas, mink\u0161ta, frezuota puta - puki apsauga.\" \/>\n<meta property=\"og:url\" content=\"https:\/\/hardflightcase.com\/lt\/produktas\/transportavimo-lagaminas-macbook-air\/\" \/>\n<meta property=\"article:modified_time\" content=\"2025-07-09T09:17:47+00:00\" \/>\n<meta property=\"og:image\" content=\"https:\/\/hardflightcase.com\/wp-content\/uploads\/2024\/03\/transportavimo-lagaminas-deze-kompiuteriui-apple-macbook-air-9.webp\" \/>\n\t<meta property=\"og:image:width\" content=\"600\" \/>\n\t<meta property=\"og:image:height\" content=\"600\" \/>\n\t<meta property=\"og:image:type\" content=\"image\/webp\" \/>\n<meta name=\"twitter:card\" content=\"summary_large_image\" \/>\n<meta name=\"twitter:label1\" content=\"Est. reading time\" \/>\n\t<meta name=\"twitter:data1\" content=\"1 minut\u0117\" \/>\n<script type=\"application\/ld+json\" class=\"yoast-schema-graph\">{\"@context\":\"https:\\\/\\\/schema.org\",\"@graph\":[{\"@type\":\"WebPage\",\"@id\":\"https:\\\/\\\/hardflightcase.com\\\/lt\\\/produktas\\\/transportavimo-lagaminas-macbook-air\\\/\",\"url\":\"https:\\\/\\\/hardflightcase.com\\\/lt\\\/produktas\\\/transportavimo-lagaminas-macbook-air\\\/\",\"name\":\"Transportavimo lagaminas MacBook Air -\",\"isPartOf\":{\"@id\":\"https:\\\/\\\/hardflightcase.com\\\/lt\\\/#website\"},\"primaryImageOfPage\":{\"@id\":\"https:\\\/\\\/hardflightcase.com\\\/lt\\\/produktas\\\/transportavimo-lagaminas-macbook-air\\\/#primaryimage\"},\"image\":{\"@id\":\"https:\\\/\\\/hardflightcase.com\\\/lt\\\/produktas\\\/transportavimo-lagaminas-macbook-air\\\/#primaryimage\"},\"thumbnailUrl\":\"https:\\\/\\\/hardflightcase.com\\\/wp-content\\\/uploads\\\/2024\\\/03\\\/transportavimo-lagaminas-deze-kompiuteriui-apple-macbook-air-9.webp\",\"datePublished\":\"2024-03-05T13:51:32+00:00\",\"dateModified\":\"2025-07-09T09:17:47+00:00\",\"description\":\"Transportavimo lagaminas MacBook Air, pagamintas idealiai pagal j\u016bs\u0173 kompiuterio i\u0161matavimus. Tvirtas korpusas, mink\u0161ta, frezuota puta - puki apsauga.\",\"breadcrumb\":{\"@id\":\"https:\\\/\\\/hardflightcase.com\\\/lt\\\/produktas\\\/transportavimo-lagaminas-macbook-air\\\/#breadcrumb\"},\"inLanguage\":\"lt-LT\",\"potentialAction\":[{\"@type\":\"ReadAction\",\"target\":[\"https:\\\/\\\/hardflightcase.com\\\/lt\\\/produktas\\\/transportavimo-lagaminas-macbook-air\\\/\"]}]},{\"@type\":\"ImageObject\",\"inLanguage\":\"lt-LT\",\"@id\":\"https:\\\/\\\/hardflightcase.com\\\/lt\\\/produktas\\\/transportavimo-lagaminas-macbook-air\\\/#primaryimage\",\"url\":\"https:\\\/\\\/hardflightcase.com\\\/wp-content\\\/uploads\\\/2024\\\/03\\\/transportavimo-lagaminas-deze-kompiuteriui-apple-macbook-air-9.webp\",\"contentUrl\":\"https:\\\/\\\/hardflightcase.com\\\/wp-content\\\/uploads\\\/2024\\\/03\\\/transportavimo-lagaminas-deze-kompiuteriui-apple-macbook-air-9.webp\",\"width\":600,\"height\":600,\"caption\":\"Projektuojame, gaminame pagal individualius uzsakymus, transportavimo lagaminus ir dezes apsaugan\u010dias kompiuterius apple macbook air nuo smugiu, kaina, parduotuv\u0117 9\"},{\"@type\":\"BreadcrumbList\",\"@id\":\"https:\\\/\\\/hardflightcase.com\\\/lt\\\/produktas\\\/transportavimo-lagaminas-macbook-air\\\/#breadcrumb\",\"itemListElement\":[{\"@type\":\"ListItem\",\"position\":1,\"name\":\"Home\",\"item\":\"https:\\\/\\\/hardflightcase.com\\\/lt\\\/\"},{\"@type\":\"ListItem\",\"position\":2,\"name\":\"Parduotuv\u0117\",\"item\":\"https:\\\/\\\/hardflightcase.com\\\/shop\\\/\"},{\"@type\":\"ListItem\",\"position\":3,\"name\":\"Transportavimo lagaminas MacBook Air\"}]},{\"@type\":\"WebSite\",\"@id\":\"https:\\\/\\\/hardflightcase.com\\\/lt\\\/#website\",\"url\":\"https:\\\/\\\/hardflightcase.com\\\/lt\\\/\",\"name\":\"\",\"description\":\"DEV - Transportavimo d\u0117\u017ei\u0173 gamyba ir projektavimas\",\"publisher\":{\"@id\":\"https:\\\/\\\/hardflightcase.com\\\/lt\\\/#organization\"},\"potentialAction\":[{\"@type\":\"SearchAction\",\"target\":{\"@type\":\"EntryPoint\",\"urlTemplate\":\"https:\\\/\\\/hardflightcase.com\\\/lt\\\/?s={search_term_string}\"},\"query-input\":{\"@type\":\"PropertyValueSpecification\",\"valueRequired\":true,\"valueName\":\"search_term_string\"}}],\"inLanguage\":\"lt-LT\"},{\"@type\":\"Organization\",\"@id\":\"https:\\\/\\\/hardflightcase.com\\\/lt\\\/#organization\",\"name\":\"HardFlightCase\",\"url\":\"https:\\\/\\\/hardflightcase.com\\\/lt\\\/\",\"logo\":{\"@type\":\"ImageObject\",\"inLanguage\":\"lt-LT\",\"@id\":\"https:\\\/\\\/hardflightcase.com\\\/lt\\\/#\\\/schema\\\/logo\\\/image\\\/\",\"url\":\"https:\\\/\\\/hardflightcase.com\\\/wp-content\\\/uploads\\\/2023\\\/01\\\/Baltas-logo-paprastas.svg\",\"contentUrl\":\"https:\\\/\\\/hardflightcase.com\\\/wp-content\\\/uploads\\\/2023\\\/01\\\/Baltas-logo-paprastas.svg\",\"width\":2245,\"height\":1587,\"caption\":\"HardFlightCase\"},\"image\":{\"@id\":\"https:\\\/\\\/hardflightcase.com\\\/lt\\\/#\\\/schema\\\/logo\\\/image\\\/\"}}]}<\/script>\n<!-- \/ Yoast SEO plugin. -->","yoast_head_json":{"title":"Transportavimo lagaminas MacBook Air -","description":"Transportavimo lagaminas MacBook Air, pagamintas idealiai pagal j\u016bs\u0173 kompiuterio i\u0161matavimus. Tvirtas korpusas, mink\u0161ta, frezuota puta - puki apsauga.","robots":{"index":"index","follow":"follow","max-snippet":"max-snippet:-1","max-image-preview":"max-image-preview:large","max-video-preview":"max-video-preview:-1"},"canonical":"https:\/\/hardflightcase.com\/lt\/produktas\/transportavimo-lagaminas-macbook-air\/","og_locale":"lt_LT","og_type":"article","og_title":"Transportavimo lagaminas MacBook Air -","og_description":"Transportavimo lagaminas MacBook Air, pagamintas idealiai pagal j\u016bs\u0173 kompiuterio i\u0161matavimus. Tvirtas korpusas, mink\u0161ta, frezuota puta - puki apsauga.","og_url":"https:\/\/hardflightcase.com\/lt\/produktas\/transportavimo-lagaminas-macbook-air\/","article_modified_time":"2025-07-09T09:17:47+00:00","og_image":[{"width":600,"height":600,"url":"https:\/\/hardflightcase.com\/wp-content\/uploads\/2024\/03\/transportavimo-lagaminas-deze-kompiuteriui-apple-macbook-air-9.webp","type":"image\/webp"}],"twitter_card":"summary_large_image","twitter_misc":{"Est. reading time":"1 minut\u0117"},"schema":{"@context":"https:\/\/schema.org","@graph":[{"@type":"WebPage","@id":"https:\/\/hardflightcase.com\/lt\/produktas\/transportavimo-lagaminas-macbook-air\/","url":"https:\/\/hardflightcase.com\/lt\/produktas\/transportavimo-lagaminas-macbook-air\/","name":"Transportavimo lagaminas MacBook Air -","isPartOf":{"@id":"https:\/\/hardflightcase.com\/lt\/#website"},"primaryImageOfPage":{"@id":"https:\/\/hardflightcase.com\/lt\/produktas\/transportavimo-lagaminas-macbook-air\/#primaryimage"},"image":{"@id":"https:\/\/hardflightcase.com\/lt\/produktas\/transportavimo-lagaminas-macbook-air\/#primaryimage"},"thumbnailUrl":"https:\/\/hardflightcase.com\/wp-content\/uploads\/2024\/03\/transportavimo-lagaminas-deze-kompiuteriui-apple-macbook-air-9.webp","datePublished":"2024-03-05T13:51:32+00:00","dateModified":"2025-07-09T09:17:47+00:00","description":"Transportavimo lagaminas MacBook Air, pagamintas idealiai pagal j\u016bs\u0173 kompiuterio i\u0161matavimus. Tvirtas korpusas, mink\u0161ta, frezuota puta - puki apsauga.","breadcrumb":{"@id":"https:\/\/hardflightcase.com\/lt\/produktas\/transportavimo-lagaminas-macbook-air\/#breadcrumb"},"inLanguage":"lt-LT","potentialAction":[{"@type":"ReadAction","target":["https:\/\/hardflightcase.com\/lt\/produktas\/transportavimo-lagaminas-macbook-air\/"]}]},{"@type":"ImageObject","inLanguage":"lt-LT","@id":"https:\/\/hardflightcase.com\/lt\/produktas\/transportavimo-lagaminas-macbook-air\/#primaryimage","url":"https:\/\/hardflightcase.com\/wp-content\/uploads\/2024\/03\/transportavimo-lagaminas-deze-kompiuteriui-apple-macbook-air-9.webp","contentUrl":"https:\/\/hardflightcase.com\/wp-content\/uploads\/2024\/03\/transportavimo-lagaminas-deze-kompiuteriui-apple-macbook-air-9.webp","width":600,"height":600,"caption":"Projektuojame, gaminame pagal individualius uzsakymus, transportavimo lagaminus ir dezes apsaugan\u010dias kompiuterius apple macbook air nuo smugiu, kaina, parduotuv\u0117 9"},{"@type":"BreadcrumbList","@id":"https:\/\/hardflightcase.com\/lt\/produktas\/transportavimo-lagaminas-macbook-air\/#breadcrumb","itemListElement":[{"@type":"ListItem","position":1,"name":"Home","item":"https:\/\/hardflightcase.com\/lt\/"},{"@type":"ListItem","position":2,"name":"Parduotuv\u0117","item":"https:\/\/hardflightcase.com\/shop\/"},{"@type":"ListItem","position":3,"name":"Transportavimo lagaminas MacBook Air"}]},{"@type":"WebSite","@id":"https:\/\/hardflightcase.com\/lt\/#website","url":"https:\/\/hardflightcase.com\/lt\/","name":"","description":"DEV - Transportavimo d\u0117\u017ei\u0173 gamyba ir projektavimas","publisher":{"@id":"https:\/\/hardflightcase.com\/lt\/#organization"},"potentialAction":[{"@type":"SearchAction","target":{"@type":"EntryPoint","urlTemplate":"https:\/\/hardflightcase.com\/lt\/?s={search_term_string}"},"query-input":{"@type":"PropertyValueSpecification","valueRequired":true,"valueName":"search_term_string"}}],"inLanguage":"lt-LT"},{"@type":"Organization","@id":"https:\/\/hardflightcase.com\/lt\/#organization","name":"HardFlightCase","url":"https:\/\/hardflightcase.com\/lt\/","logo":{"@type":"ImageObject","inLanguage":"lt-LT","@id":"https:\/\/hardflightcase.com\/lt\/#\/schema\/logo\/image\/","url":"https:\/\/hardflightcase.com\/wp-content\/uploads\/2023\/01\/Baltas-logo-paprastas.svg","contentUrl":"https:\/\/hardflightcase.com\/wp-content\/uploads\/2023\/01\/Baltas-logo-paprastas.svg","width":2245,"height":1587,"caption":"HardFlightCase"},"image":{"@id":"https:\/\/hardflightcase.com\/lt\/#\/schema\/logo\/image\/"}}]}},"_links":{"self":[{"href":"https:\/\/hardflightcase.com\/lt\/wp-json\/wp\/v2\/product\/4339","targetHints":{"allow":["GET"]}}],"collection":[{"href":"https:\/\/hardflightcase.com\/lt\/wp-json\/wp\/v2\/product"}],"about":[{"href":"https:\/\/hardflightcase.com\/lt\/wp-json\/wp\/v2\/types\/product"}],"wp:featuredmedia":[{"embeddable":true,"href":"https:\/\/hardflightcase.com\/lt\/wp-json\/wp\/v2\/media\/9188"}],"wp:attachment":[{"href":"https:\/\/hardflightcase.com\/lt\/wp-json\/wp\/v2\/media?parent=4339"}],"wp:term":[{"taxonomy":"product_brand","embeddable":true,"href":"https:\/\/hardflightcase.com\/lt\/wp-json\/wp\/v2\/product_brand?post=4339"},{"taxonomy":"product_cat","embeddable":true,"href":"https:\/\/hardflightcase.com\/lt\/wp-json\/wp\/v2\/product_cat?post=4339"},{"taxonomy":"product_tag","embeddable":true,"href":"https:\/\/hardflightcase.com\/lt\/wp-json\/wp\/v2\/product_tag?post=4339"}],"curies":[{"name":"wp","href":"https:\/\/api.w.org\/{rel}","templated":true}]}}