{"id":7337,"date":"2025-02-07T11:17:16","date_gmt":"2025-02-07T09:17:16","guid":{"rendered":"https:\/\/hardflightcase.lt\/?page_id=7337"},"modified":"2025-03-24T23:45:21","modified_gmt":"2025-03-24T21:45:21","slug":"transportavimo-deze-flight-case-irankiams-pdr","status":"publish","type":"page","link":"https:\/\/hardflightcase.com\/lt\/transportavimo-deze-flight-case-irankiams-pdr\/","title":{"rendered":"Transportavimo d\u0117\u017e\u0117 \/ Flight Case \u012frankiams PDR"},"content":{"rendered":"<p>[et_pb_section fb_built=&#8221;1&#8243; custom_padding_last_edited=&#8221;on|phone&#8221; module_id=&#8221;1section&#8221; _builder_version=&#8221;4.20.0&#8243; background_enable_image=&#8221;off&#8221; parallax=&#8221;on&#8221; background_enable_mask_style=&#8221;on&#8221; background_mask_style=&#8221;square-stripes&#8221; background_mask_color=&#8221;#ededed&#8221; custom_padding_tablet=&#8221;&#8221; custom_padding_phone=&#8221;0px||||false|false&#8221; locked=&#8221;off&#8221; global_colors_info=&#8221;{}&#8221;][et_pb_row make_equal=&#8221;on&#8221; _builder_version=&#8221;4.27.3&#8243; _module_preset=&#8221;default&#8221; background_color=&#8221;#FFFFFF&#8221; width=&#8221;94%&#8221; max_width=&#8221;100%&#8221; custom_margin=&#8221;||15px||false|false&#8221; custom_margin_tablet=&#8221;||||false|false&#8221; custom_margin_phone=&#8221;||||false|false&#8221; custom_margin_last_edited=&#8221;off|desktop&#8221; custom_padding=&#8221;0px||0px||false|false&#8221; box_shadow_style=&#8221;preset1&#8243; global_colors_info=&#8221;{}&#8221;][et_pb_column type=&#8221;4_4&#8243; _builder_version=&#8221;4.20.0&#8243; _module_preset=&#8221;default&#8221; background_enable_color=&#8221;off&#8221; custom_padding=&#8221;50px|50px|50px|50px|false|false&#8221; animation_direction=&#8221;left&#8221; scroll_horizontal_motion=&#8221;0|50|50|100|-4|0|0&#8243; custom_css_main_element=&#8221;align-self: center;&#8221; border_radii=&#8221;off||10px|10px|&#8221; border_color_all=&#8221;#c9c9c9&#8243; global_colors_info=&#8221;{}&#8221;][dsm_block_reveal_text block_reveal_text=&#8221;Transportavimo d\u0117\u017e\u0117 \/ Flight Case \u012frankiams PDR&#8221; block_reveal_color=&#8221;#0C71C3&#8243; _builder_version=&#8221;4.27.4&#8243; _module_preset=&#8221;default&#8221; header_font=&#8221;|300|||||||&#8221; header_text_align=&#8221;left&#8221; header_text_color=&#8221;#000000&#8243; header_font_size=&#8221;35px&#8221; header_line_height=&#8221;1.6em&#8221; custom_margin=&#8221;||10px||false|false&#8221; header_text_align_tablet=&#8221;center&#8221; header_text_align_phone=&#8221;center&#8221; header_text_align_last_edited=&#8221;on|phone&#8221; header_font_size_tablet=&#8221;47px&#8221; header_font_size_phone=&#8221;36px&#8221; header_font_size_last_edited=&#8221;on|phone&#8221; header_line_height_tablet=&#8221;1.2em&#8221; header_line_height_phone=&#8221;1.3em&#8221; header_line_height_last_edited=&#8221;on|phone&#8221; header_text_shadow_style=&#8221;preset5&#8243; header_text_shadow_horizontal_length=&#8221;0.02em&#8221; header_text_shadow_vertical_length=&#8221;0.02em&#8221; header_text_shadow_blur_strength=&#8221;0.02em&#8221; header_text_shadow_color=&#8221;#FFFFFF&#8221; global_colors_info=&#8221;{}&#8221;][\/dsm_block_reveal_text][dsm_icon_divider use_icon=&#8221;on&#8221; font_icon=&#8221;&#xf0c8;||fa||900&#8243; icon_color=&#8221;#000000&#8243; use_icon_font_size=&#8221;on&#8221; icon_font_size=&#8221;6px&#8221; color=&#8221;#000000&#8243; _builder_version=&#8221;4.19.5&#8243; _module_preset=&#8221;default&#8221; custom_margin=&#8221;||0px||false|false&#8221; global_colors_info=&#8221;{}&#8221;][\/dsm_icon_divider][et_pb_text _builder_version=&#8221;4.27.4&#8243; _module_preset=&#8221;default&#8221; text_font=&#8221;|300|||||||&#8221; text_text_color=&#8221;#000000&#8243; text_font_size=&#8221;18px&#8221; text_orientation=&#8221;justified&#8221; custom_padding=&#8221;48px|0px||||&#8221; text_font_size_tablet=&#8221;22px&#8221; text_font_size_phone=&#8221;17px&#8221; text_font_size_last_edited=&#8221;on|phone&#8221; global_colors_info=&#8221;{}&#8221;]<\/p>\n<h5><strong>PDR \u012franki\u0173 transportavimo d\u0117\u017e\u0117s \u2013 ve\u017eim\u0117liai meniniam k\u0117bul\u0173 lyginimui<\/strong><\/h5>\n<p>Gaminame auk\u0161tos kokyb\u0117s transportavimo d\u0117\u017ees PDR \u012frankiams (Paintless Dent Repair), kurios u\u017etikrina patikim\u0105 j\u016bs\u0173 \u012franki\u0173 apsaug\u0105 ir patog\u0173 transportavim\u0105. M\u016bs\u0173 d\u0117\u017e\u0117s pagamintos i\u0161 itin patvari\u0173, auk\u0161tos kokyb\u0117s med\u017eiag\u0173, garantuojan\u010di\u0173 ilgaam\u017ei\u0161kum\u0105 ir atsparum\u0105 sm\u016bgiams net ir ekstremaliomis s\u0105lygomis.<\/p>\n<h5><strong><\/strong><\/h5>\n<h5><strong>PDR \u012franki\u0173 transportavimo d\u0117\u017e\u0117s ypatyb\u0117s:<\/strong><\/h5>\n<ul>\n<li>\n<p>Tvirta konstrukcija \u2013 d\u0117\u017e\u0117s pagamintos i\u0161 auk\u0161tos kokyb\u0117s med\u017eiag\u0173, u\u017etikrinan\u010di\u0173 ilgaam\u017ei\u0161kum\u0105 ir atsparum\u0105 sm\u016bgiams, net ir sunkiomis s\u0105lygomis.<\/p>\n<\/li>\n<li>\n<p>Lankstus vidaus i\u0161d\u0117stymas \u2013 skyreliai leid\u017eia optimaliai organizuoti \u012frankius pagal individualius poreikius, u\u017etikrinant greit\u0105 prieig\u0105 ir tvark\u0105.<\/p>\n<\/li>\n<li>\n<p>Integruota \u012franki\u0173 juosta \u2013 skirta da\u017eniausiai naudojamiems \u012frankiams, leid\u017eianti lengvai pasiekti juos darbo metu.<\/p>\n<\/li>\n<li>\n<p>Saugus smulki\u0173 pried\u0173 laikymas \u2013 keturi skyriai saugo ma\u017eesnius komponentus, palaikydami tvark\u0105 d\u0117\u017e\u0117s viduje.<\/p>\n<\/li>\n<li>\n<p>Patikimas u\u017eraktas \u2013 metalinis u\u017eraktas u\u017etikrina \u012franki\u0173 saugum\u0105 transportavimo metu.<\/p>\n<\/li>\n<\/ul>\n<p>M\u016bs\u0173 PDR \u012franki\u0173 transportavimo d\u0117\u017e\u0117 yra nepakei\u010diamas pasirinkimas meistrams, norintiems i\u0161laikyti savo \u012frankius tvarkingus ir saugius tiek darbo vietoje, tiek kelion\u0117se. Pasirinkite kokyb\u0119 ir patikimum\u0105 su m\u016bs\u0173 PDR \u012franki\u0173 d\u0117\u017ee!<\/p>\n<p>&nbsp;<\/p>\n<h5><strong>\ud83d\udcde Turite specifinius poreikius? Susisiekite su mumis ir gaukite pritaikyt\u0105 sprendim\u0105!<\/strong><\/h5>\n<p>[\/et_pb_text][et_pb_button button_url=&#8221;@ET-DC@eyJkeW5hbWljIjp0cnVlLCJjb250ZW50IjoicG9zdF9saW5rX3VybF9wcm9kdWN0Iiwic2V0dGluZ3MiOnsicG9zdF9pZCI6IjU0MTMifX0=@&#8221; button_text=&#8221;U\u017dSAKYTI&#8221; button_alignment=&#8221;center&#8221; _builder_version=&#8221;4.27.4&#8243; _dynamic_attributes=&#8221;button_url&#8221; _module_preset=&#8221;default&#8221; custom_button=&#8221;on&#8221; button_text_color=&#8221;#FFFFFF&#8221; button_bg_color=&#8221;#0C71C3&#8243; background_layout=&#8221;dark&#8221; global_colors_info=&#8221;{}&#8221;][\/et_pb_button][dsm_image_carousel gallery_ids=&#8221;7347,7349,7351,7353,7345,7343&#8243; sizes=&#8221;medium_large&#8221; lazyload=&#8221;on&#8221; centered_slides=&#8221;on&#8221; slide_to_show=&#8221;5&#8243; pause_on_hover=&#8221;on&#8221; arrows=&#8221;off&#8221; dots=&#8221;off&#8221; show_lightbox=&#8221;on&#8221; _builder_version=&#8221;4.27.4&#8243; _module_preset=&#8221;default&#8221; custom_margin=&#8221;||0px||false|false&#8221; custom_padding=&#8221;||0px||false|false&#8221; border_width_all_image=&#8221;1px&#8221; border_color_all_image=&#8221;#efefef&#8221; global_colors_info=&#8221;{}&#8221;][\/dsm_image_carousel][\/et_pb_column][\/et_pb_row][\/et_pb_section][et_pb_section fb_built=&#8221;1&#8243; custom_padding_last_edited=&#8221;off|desktop&#8221; module_id=&#8221;2section&#8221; _builder_version=&#8221;4.20.0&#8243; _module_preset=&#8221;default&#8221; background_enable_color=&#8221;off&#8221; use_background_color_gradient=&#8221;on&#8221; background_color_gradient_stops=&#8221;rgba(10,10,10,0.95) 0%|rgba(12,12,12,0.66) 97%&#8221; background_color_gradient_overlays_image=&#8221;on&#8221; background_image=&#8221;https:\/\/hardflightcase.com\/wp-content\/uploads\/2023\/02\/IMG_8395-Flight-Case-details.jpg&#8221; parallax=&#8221;on&#8221; parallax_method=&#8221;off&#8221; custom_padding=&#8221;||||false|false&#8221; custom_padding_phone=&#8221;0px||||false|false&#8221; top_divider_color=&#8221;#e8e8e8&#8243; top_divider_height=&#8221;500px&#8221; global_module=&#8221;3329&#8243; saved_tabs=&#8221;all&#8221; locked=&#8221;off&#8221; global_colors_info=&#8221;{}&#8221;][et_pb_row _builder_version=&#8221;4.19.5&#8243; _module_preset=&#8221;default&#8221; width=&#8221;90%&#8221; max_width=&#8221;100%&#8221; module_alignment=&#8221;center&#8221; custom_padding=&#8221;||0px||false|false&#8221; global_colors_info=&#8221;{}&#8221;][et_pb_column type=&#8221;4_4&#8243; _builder_version=&#8221;4.19.4&#8243; _module_preset=&#8221;default&#8221; global_colors_info=&#8221;{}&#8221;][dsm_block_reveal_text block_reveal_text=&#8221;Transportavimo d\u0117\u017e\u0117s ir lagaminai \u012fvairiai \u012frangai&#8221; block_reveal_animation=&#8221;tb&#8221; block_reveal_color=&#8221;#0C71C3&#8243; _builder_version=&#8221;4.27.4&#8243; _module_preset=&#8221;default&#8221; header_font=&#8221;|300|||||||&#8221; header_text_align=&#8221;center&#8221; header_text_color=&#8221;#FFFFFF&#8221; header_font_size=&#8221;50px&#8221; header_line_height=&#8221;1.6em&#8221; background_enable_color=&#8221;off&#8221; custom_margin=&#8221;||10px|40px|false|false&#8221; custom_padding=&#8221;|50px|||false|false&#8221; header_text_align_tablet=&#8221;center&#8221; header_text_align_phone=&#8221;center&#8221; header_text_align_last_edited=&#8221;on|desktop&#8221; header_font_size_tablet=&#8221;47px&#8221; header_font_size_phone=&#8221;26px&#8221; header_font_size_last_edited=&#8221;on|phone&#8221; header_line_height_tablet=&#8221;1.2em&#8221; header_line_height_phone=&#8221;1.3em&#8221; header_line_height_last_edited=&#8221;on|phone&#8221; header_text_shadow_style=&#8221;preset5&#8243; header_text_shadow_horizontal_length=&#8221;0.02em&#8221; header_text_shadow_vertical_length=&#8221;0.02em&#8221; header_text_shadow_blur_strength=&#8221;0.02em&#8221; header_text_shadow_color=&#8221;#000000&#8243; border_radii=&#8221;on|10px|10px|10px|10px&#8221; global_colors_info=&#8221;{}&#8221;][\/dsm_block_reveal_text][dsm_icon_divider use_icon=&#8221;on&#8221; font_icon=&#8221;&#xf0c8;||fa||900&#8243; icon_color=&#8221;#FFFFFF&#8221; use_icon_font_size=&#8221;on&#8221; icon_font_size=&#8221;6px&#8221; color=&#8221;#FFFFFF&#8221; _builder_version=&#8221;4.20.0&#8243; _module_preset=&#8221;default&#8221; custom_margin=&#8221;|||5px|false|false&#8221; custom_padding=&#8221;||||false|false&#8221; global_colors_info=&#8221;{}&#8221;][\/dsm_icon_divider][\/et_pb_column][\/et_pb_row][et_pb_row use_custom_gutter=&#8221;on&#8221; gutter_width=&#8221;2&#8243; _builder_version=&#8221;4.23.4&#8243; _module_preset=&#8221;default&#8221; max_width=&#8221;100%&#8221; custom_padding=&#8221;0px||0px|0px|false|false&#8221; global_colors_info=&#8221;{}&#8221;][et_pb_column type=&#8221;4_4&#8243; _builder_version=&#8221;4.20.0&#8243; _module_preset=&#8221;default&#8221; custom_padding=&#8221;50px|50px|50px||false|false&#8221; custom_padding_tablet=&#8221;0px||0px||false|false&#8221; custom_padding_phone=&#8221;0px||0px||false|false&#8221; custom_padding_last_edited=&#8221;on|desktop&#8221; global_colors_info=&#8221;{}&#8221;][et_pb_text admin_label=&#8221;Text&#8221; _builder_version=&#8221;4.27.4&#8243; _module_preset=&#8221;default&#8221; text_font=&#8221;|300|||||||&#8221; text_text_color=&#8221;#FFFFFF&#8221; text_font_size=&#8221;16px&#8221; text_line_height=&#8221;2em&#8221; link_font=&#8221;||||||||&#8221; link_text_color=&#8221;#FFFFFF&#8221; text_orientation=&#8221;center&#8221; global_colors_info=&#8221;{}&#8221; text_font_size__hover_enabled=&#8221;off|desktop&#8221;]<\/p>\n<p><a href=\"\/transportavimo-dezes-karinei-irangai\/\">D\u0117\u017e\u0117s karinei \u012frangai<\/a> | <a href=\"\/transportavimo-dezes-ginklams\/\">D\u0117\u017e\u0117s ginklams<\/a> | <a href=\"\/transportavimo-dezes-muzikos-irangai\/\">D\u0117\u017e\u0117s muzikos \u012frangai<\/a> | <a href=\"\/transportavimo-dezes-muzikos-instrumentams\/\">D\u0117\u017e\u0117s muzikos instrumentams<\/a> | <a href=\"\/transportavimo-dezes-garso-kolonelems\/\">D\u0117\u017e\u0117s garso kolon\u0117l\u0117ms<\/a> | <a href=\"\/transportavimo-dezes-duztantiems-daiktams\/\">D\u0117\u017e\u0117s d\u016b\u017etantiems daiktams<\/a> | <a href=\"\/transportavimo-dezes-dronams-ir-uav\/\">D\u0117\u017e\u0117s dronams ir UAV<\/a> | <a href=\"\/transportavimo-dezes-lcd-televizoriams\/\">D\u0117\u017e\u0117s LCD televizoriams<\/a> | <a href=\"\/transportavimo-dezes-ir-lagaminai-irankiams\/\">D\u0117\u017e\u0117s ir lagaminai \u012frankiams<\/a> | <a href=\"\/?page_id=3415\">D\u0117\u017e\u0117s fototechnikai<\/a> | <a href=\"\/transportavimo-dezes-kompiuterinei-irangai\/\">D\u0117\u017e\u0117s kompiuterinei \u012frangai<\/a> | <a href=\"\/transportavimo-dezes-medicinos-irangai-ir-priemonems\/\">D\u0117\u017e\u0117s medicinos \u012frangai ir priemon\u0117ms<\/a> | <a href=\"\/transportavimo-dezes-sunkiems-daiktams\/\">D\u0117\u017e\u0117s sunkiems daiktams<\/a> | <a href=\"\/transportavimo-dezes-kitai-irangai-ir-daiktams\/\">D\u0117\u017e\u0117s kitai \u012frangai ir daiktams<\/a><\/p>\n<p>[\/et_pb_text][\/et_pb_column][\/et_pb_row][\/et_pb_section]<\/p>\n","protected":false},"excerpt":{"rendered":"<p><div class=\"et_pb_module dsm_block_reveal_text dsm_block_reveal_text_0\">\n\t\t\t\t\n\t\t\t\t\n\t\t\t\t\n\t\t\t\t\n\t\t\t\t\n\t\t\t\t\n\t\t\t\t<div class=\"et_pb_module_inner\">\n\t\t\t\t\t<div class=\"dsm_block_reveal_text_wrapper\" data-dsm-block-reveal-animation=\"lr\" data-dsm-block-reveal-color=\"#0C71C3\" data-dsm-block-reveal-delay=\"0.1\" data-dsm-block-reveal-viewport=\"80%\"><h2 class=\"dsm_block_reveal_text_header et_pb_module_header\">Transportavimo d\u0117\u017e\u0117 \/ Flight Case \u012frankiams PDR<\/h2><\/div>\n\t\t\t\t<\/div>\n\t\t\t<\/div><div class=\"et_pb_module dsm_icon_divider dsm_icon_divider_0\">\n\t\t\t\t\n\t\t\t\t\n\t\t\t\t\n\t\t\t\t\n\t\t\t\t\n\t\t\t\t\n\t\t\t\t<div class=\"et_pb_module_inner\">\n\t\t\t\t\t<div class=\"dsm-icon-divider-wrapper dsm-icon-divider-align-center\">\n\t\t\t\t\n\t\t\t\t\n\t\t\t\t<div class=\"dsm-icon-divider-before dsm-divider\"><\/div>\n\t\t\t\t<div class=\"dsm-icon-divider-image\"><span class=\"dsm-icon-divider-image-wrap\"><span class=\"et-pb-icon\" style=\"color: #000000;\">&#xf0c8;<\/span><\/span><\/div>\n\t\t\t\t<div class=\"dsm-icon-divider-after dsm-divider\"><\/div>\n\t\t\t<\/div>\n\t\t\t\t<\/div>\n\t\t\t<\/div>PDR \u012franki\u0173 transportavimo d\u0117\u017e\u0117s \u2013 ve\u017eim\u0117liai meniniam k\u0117bul\u0173 lyginimui Gaminame auk\u0161tos kokyb\u0117s transportavimo d\u0117\u017ees PDR \u012frankiams (Paintless Dent Repair), kurios u\u017etikrina patikim\u0105 j\u016bs\u0173 \u012franki\u0173 apsaug\u0105 ir patog\u0173 transportavim\u0105. M\u016bs\u0173 d\u0117\u017e\u0117s pagamintos i\u0161 itin patvari\u0173, auk\u0161tos kokyb\u0117s med\u017eiag\u0173, garantuojan\u010di\u0173 ilgaam\u017ei\u0161kum\u0105 ir atsparum\u0105 sm\u016bgiams net ir ekstremaliomis s\u0105lygomis. PDR \u012franki\u0173 transportavimo d\u0117\u017e\u0117s ypatyb\u0117s: Tvirta konstrukcija \u2013 d\u0117\u017e\u0117s pagamintos i\u0161 auk\u0161tos kokyb\u0117s med\u017eiag\u0173, u\u017etikrinan\u010di\u0173 ilgaam\u017ei\u0161kum\u0105 ir atsparum\u0105 sm\u016bgiams, net ir sunkiomis s\u0105lygomis. Lankstus vidaus i\u0161d\u0117stymas \u2013 skyreliai leid\u017eia optimaliai organizuoti \u012frankius pagal individualius poreikius, u\u017etikrinant greit\u0105 prieig\u0105 ir tvark\u0105. Integruota \u012franki\u0173 juosta \u2013 skirta da\u017eniausiai naudojamiems \u012frankiams, leid\u017eianti lengvai pasiekti juos darbo metu. Saugus smulki\u0173 pried\u0173 laikymas \u2013 keturi skyriai saugo ma\u017eesnius komponentus, palaikydami tvark\u0105 d\u0117\u017e\u0117s viduje. Patikimas u\u017eraktas \u2013 metalinis u\u017eraktas u\u017etikrina \u012franki\u0173 saugum\u0105 transportavimo metu. M\u016bs\u0173 PDR \u012franki\u0173 transportavimo d\u0117\u017e\u0117 yra nepakei\u010diamas pasirinkimas meistrams, norintiems i\u0161laikyti savo \u012frankius tvarkingus ir saugius tiek darbo vietoje, tiek kelion\u0117se. Pasirinkite kokyb\u0119 ir patikimum\u0105 su m\u016bs\u0173 PDR \u012franki\u0173 d\u0117\u017ee! &nbsp; \ud83d\udcde Turite specifinius poreikius? [&hellip;]<\/p>\n","protected":false},"author":8,"featured_media":0,"parent":0,"menu_order":0,"comment_status":"closed","ping_status":"closed","template":"","meta":{"_et_pb_use_builder":"on","_et_pb_old_content":"","_et_gb_content_width":"","inline_featured_image":false,"footnotes":""},"class_list":["post-7337","page","type-page","status-publish","hentry"],"yoast_head":"<!-- This site is optimized with the Yoast SEO plugin v27.5 - https:\/\/yoast.com\/product\/yoast-seo-wordpress\/ -->\n<title>Transportavimo d\u0117\u017e\u0117 \/ Flight Case \u012frankiams PDR -<\/title>\n<meta name=\"description\" content=\"Transportavimo d\u0117\u017e\u0117 \/ Flight Case \u012frankiams PDR. Transportavimo d\u0117\u017ei\u0173 gamyba \u012fvairiai \u012frangai pagal individual\u0173 u\u017esakym\u0105.\" \/>\n<meta name=\"robots\" content=\"index, follow, max-snippet:-1, max-image-preview:large, max-video-preview:-1\" \/>\n<link rel=\"canonical\" href=\"https:\/\/hardflightcase.com\/lt\/transportavimo-deze-flight-case-irankiams-pdr\/\" \/>\n<meta property=\"og:locale\" content=\"lt_LT\" \/>\n<meta property=\"og:type\" content=\"article\" \/>\n<meta property=\"og:title\" content=\"Transportavimo d\u0117\u017e\u0117 \/ Flight Case \u012frankiams PDR -\" \/>\n<meta property=\"og:description\" content=\"Transportavimo d\u0117\u017e\u0117 \/ Flight Case \u012frankiams PDR. Transportavimo d\u0117\u017ei\u0173 gamyba \u012fvairiai \u012frangai pagal individual\u0173 u\u017esakym\u0105.\" \/>\n<meta property=\"og:url\" content=\"https:\/\/hardflightcase.com\/lt\/transportavimo-deze-flight-case-irankiams-pdr\/\" \/>\n<meta property=\"article:modified_time\" content=\"2025-03-24T21:45:21+00:00\" \/>\n<meta property=\"og:image\" content=\"https:\/\/hardflightcase.com\/wp-content\/uploads\/2024\/03\/transportavimo-lagaminas-kompiuteriui-04.webp\" \/>\n\t<meta property=\"og:image:width\" content=\"1500\" \/>\n\t<meta property=\"og:image:height\" content=\"1500\" \/>\n\t<meta property=\"og:image:type\" content=\"image\/webp\" \/>\n<meta name=\"twitter:card\" content=\"summary_large_image\" \/>\n<meta name=\"twitter:label1\" content=\"Est. reading time\" \/>\n\t<meta name=\"twitter:data1\" content=\"3 minut\u0117s\" \/>\n<script type=\"application\/ld+json\" class=\"yoast-schema-graph\">{\"@context\":\"https:\\\/\\\/schema.org\",\"@graph\":[{\"@type\":\"WebPage\",\"@id\":\"https:\\\/\\\/hardflightcase.com\\\/lt\\\/transportavimo-deze-flight-case-irankiams-pdr\\\/\",\"url\":\"https:\\\/\\\/hardflightcase.com\\\/lt\\\/transportavimo-deze-flight-case-irankiams-pdr\\\/\",\"name\":\"Transportavimo d\u0117\u017e\u0117 \\\/ Flight Case \u012frankiams PDR -\",\"isPartOf\":{\"@id\":\"https:\\\/\\\/hardflightcase.com\\\/lt\\\/#website\"},\"datePublished\":\"2025-02-07T09:17:16+00:00\",\"dateModified\":\"2025-03-24T21:45:21+00:00\",\"description\":\"Transportavimo d\u0117\u017e\u0117 \\\/ Flight Case \u012frankiams PDR. Transportavimo d\u0117\u017ei\u0173 gamyba \u012fvairiai \u012frangai pagal individual\u0173 u\u017esakym\u0105.\",\"breadcrumb\":{\"@id\":\"https:\\\/\\\/hardflightcase.com\\\/lt\\\/transportavimo-deze-flight-case-irankiams-pdr\\\/#breadcrumb\"},\"inLanguage\":\"lt-LT\",\"potentialAction\":[{\"@type\":\"ReadAction\",\"target\":[\"https:\\\/\\\/hardflightcase.com\\\/lt\\\/transportavimo-deze-flight-case-irankiams-pdr\\\/\"]}]},{\"@type\":\"BreadcrumbList\",\"@id\":\"https:\\\/\\\/hardflightcase.com\\\/lt\\\/transportavimo-deze-flight-case-irankiams-pdr\\\/#breadcrumb\",\"itemListElement\":[{\"@type\":\"ListItem\",\"position\":1,\"name\":\"Home\",\"item\":\"https:\\\/\\\/hardflightcase.com\\\/lt\\\/\"},{\"@type\":\"ListItem\",\"position\":2,\"name\":\"Transportavimo d\u0117\u017e\u0117 \\\/ Flight Case \u012frankiams PDR\"}]},{\"@type\":\"WebSite\",\"@id\":\"https:\\\/\\\/hardflightcase.com\\\/lt\\\/#website\",\"url\":\"https:\\\/\\\/hardflightcase.com\\\/lt\\\/\",\"name\":\"\",\"description\":\"DEV - Transportavimo d\u0117\u017ei\u0173 gamyba ir projektavimas\",\"publisher\":{\"@id\":\"https:\\\/\\\/hardflightcase.com\\\/lt\\\/#organization\"},\"potentialAction\":[{\"@type\":\"SearchAction\",\"target\":{\"@type\":\"EntryPoint\",\"urlTemplate\":\"https:\\\/\\\/hardflightcase.com\\\/lt\\\/?s={search_term_string}\"},\"query-input\":{\"@type\":\"PropertyValueSpecification\",\"valueRequired\":true,\"valueName\":\"search_term_string\"}}],\"inLanguage\":\"lt-LT\"},{\"@type\":\"Organization\",\"@id\":\"https:\\\/\\\/hardflightcase.com\\\/lt\\\/#organization\",\"name\":\"HardFlightCase\",\"url\":\"https:\\\/\\\/hardflightcase.com\\\/lt\\\/\",\"logo\":{\"@type\":\"ImageObject\",\"inLanguage\":\"lt-LT\",\"@id\":\"https:\\\/\\\/hardflightcase.com\\\/lt\\\/#\\\/schema\\\/logo\\\/image\\\/\",\"url\":\"https:\\\/\\\/hardflightcase.com\\\/wp-content\\\/uploads\\\/2023\\\/01\\\/Baltas-logo-paprastas.svg\",\"contentUrl\":\"https:\\\/\\\/hardflightcase.com\\\/wp-content\\\/uploads\\\/2023\\\/01\\\/Baltas-logo-paprastas.svg\",\"width\":2245,\"height\":1587,\"caption\":\"HardFlightCase\"},\"image\":{\"@id\":\"https:\\\/\\\/hardflightcase.com\\\/lt\\\/#\\\/schema\\\/logo\\\/image\\\/\"}}]}<\/script>\n<!-- \/ Yoast SEO plugin. -->","yoast_head_json":{"title":"Transportavimo d\u0117\u017e\u0117 \/ Flight Case \u012frankiams PDR -","description":"Transportavimo d\u0117\u017e\u0117 \/ Flight Case \u012frankiams PDR. Transportavimo d\u0117\u017ei\u0173 gamyba \u012fvairiai \u012frangai pagal individual\u0173 u\u017esakym\u0105.","robots":{"index":"index","follow":"follow","max-snippet":"max-snippet:-1","max-image-preview":"max-image-preview:large","max-video-preview":"max-video-preview:-1"},"canonical":"https:\/\/hardflightcase.com\/lt\/transportavimo-deze-flight-case-irankiams-pdr\/","og_locale":"lt_LT","og_type":"article","og_title":"Transportavimo d\u0117\u017e\u0117 \/ Flight Case \u012frankiams PDR -","og_description":"Transportavimo d\u0117\u017e\u0117 \/ Flight Case \u012frankiams PDR. Transportavimo d\u0117\u017ei\u0173 gamyba \u012fvairiai \u012frangai pagal individual\u0173 u\u017esakym\u0105.","og_url":"https:\/\/hardflightcase.com\/lt\/transportavimo-deze-flight-case-irankiams-pdr\/","article_modified_time":"2025-03-24T21:45:21+00:00","og_image":[{"width":1500,"height":1500,"url":"https:\/\/hardflightcase.com\/wp-content\/uploads\/2024\/03\/transportavimo-lagaminas-kompiuteriui-04.webp","type":"image\/webp"}],"twitter_card":"summary_large_image","twitter_misc":{"Est. reading time":"3 minut\u0117s"},"schema":{"@context":"https:\/\/schema.org","@graph":[{"@type":"WebPage","@id":"https:\/\/hardflightcase.com\/lt\/transportavimo-deze-flight-case-irankiams-pdr\/","url":"https:\/\/hardflightcase.com\/lt\/transportavimo-deze-flight-case-irankiams-pdr\/","name":"Transportavimo d\u0117\u017e\u0117 \/ Flight Case \u012frankiams PDR -","isPartOf":{"@id":"https:\/\/hardflightcase.com\/lt\/#website"},"datePublished":"2025-02-07T09:17:16+00:00","dateModified":"2025-03-24T21:45:21+00:00","description":"Transportavimo d\u0117\u017e\u0117 \/ Flight Case \u012frankiams PDR. Transportavimo d\u0117\u017ei\u0173 gamyba \u012fvairiai \u012frangai pagal individual\u0173 u\u017esakym\u0105.","breadcrumb":{"@id":"https:\/\/hardflightcase.com\/lt\/transportavimo-deze-flight-case-irankiams-pdr\/#breadcrumb"},"inLanguage":"lt-LT","potentialAction":[{"@type":"ReadAction","target":["https:\/\/hardflightcase.com\/lt\/transportavimo-deze-flight-case-irankiams-pdr\/"]}]},{"@type":"BreadcrumbList","@id":"https:\/\/hardflightcase.com\/lt\/transportavimo-deze-flight-case-irankiams-pdr\/#breadcrumb","itemListElement":[{"@type":"ListItem","position":1,"name":"Home","item":"https:\/\/hardflightcase.com\/lt\/"},{"@type":"ListItem","position":2,"name":"Transportavimo d\u0117\u017e\u0117 \/ Flight Case \u012frankiams PDR"}]},{"@type":"WebSite","@id":"https:\/\/hardflightcase.com\/lt\/#website","url":"https:\/\/hardflightcase.com\/lt\/","name":"","description":"DEV - Transportavimo d\u0117\u017ei\u0173 gamyba ir projektavimas","publisher":{"@id":"https:\/\/hardflightcase.com\/lt\/#organization"},"potentialAction":[{"@type":"SearchAction","target":{"@type":"EntryPoint","urlTemplate":"https:\/\/hardflightcase.com\/lt\/?s={search_term_string}"},"query-input":{"@type":"PropertyValueSpecification","valueRequired":true,"valueName":"search_term_string"}}],"inLanguage":"lt-LT"},{"@type":"Organization","@id":"https:\/\/hardflightcase.com\/lt\/#organization","name":"HardFlightCase","url":"https:\/\/hardflightcase.com\/lt\/","logo":{"@type":"ImageObject","inLanguage":"lt-LT","@id":"https:\/\/hardflightcase.com\/lt\/#\/schema\/logo\/image\/","url":"https:\/\/hardflightcase.com\/wp-content\/uploads\/2023\/01\/Baltas-logo-paprastas.svg","contentUrl":"https:\/\/hardflightcase.com\/wp-content\/uploads\/2023\/01\/Baltas-logo-paprastas.svg","width":2245,"height":1587,"caption":"HardFlightCase"},"image":{"@id":"https:\/\/hardflightcase.com\/lt\/#\/schema\/logo\/image\/"}}]}},"_links":{"self":[{"href":"https:\/\/hardflightcase.com\/lt\/wp-json\/wp\/v2\/pages\/7337","targetHints":{"allow":["GET"]}}],"collection":[{"href":"https:\/\/hardflightcase.com\/lt\/wp-json\/wp\/v2\/pages"}],"about":[{"href":"https:\/\/hardflightcase.com\/lt\/wp-json\/wp\/v2\/types\/page"}],"author":[{"embeddable":true,"href":"https:\/\/hardflightcase.com\/lt\/wp-json\/wp\/v2\/users\/8"}],"replies":[{"embeddable":true,"href":"https:\/\/hardflightcase.com\/lt\/wp-json\/wp\/v2\/comments?post=7337"}],"version-history":[{"count":14,"href":"https:\/\/hardflightcase.com\/lt\/wp-json\/wp\/v2\/pages\/7337\/revisions"}],"predecessor-version":[{"id":9395,"href":"https:\/\/hardflightcase.com\/lt\/wp-json\/wp\/v2\/pages\/7337\/revisions\/9395"}],"wp:attachment":[{"href":"https:\/\/hardflightcase.com\/lt\/wp-json\/wp\/v2\/media?parent=7337"}],"curies":[{"name":"wp","href":"https:\/\/api.w.org\/{rel}","templated":true}]}}