{"id":4143,"date":"2024-02-12T14:14:25","date_gmt":"2024-02-12T12:14:25","guid":{"rendered":"https:\/\/hardflightcase.lt\/?page_id=4143"},"modified":"2025-01-10T16:25:15","modified_gmt":"2025-01-10T14:25:15","slug":"transportavimo-lagaminai-kompiuteriams-duk","status":"publish","type":"page","link":"https:\/\/hardflightcase.com\/lt\/transportavimo-lagaminai-kompiuteriams-duk\/","title":{"rendered":"Transportavimo lagaminai kompiuteriams &#8211; DUK"},"content":{"rendered":"<p>[et_pb_section fb_built=&#8221;1&#8243; admin_label=&#8221;Product&#8221; module_id=&#8221;1section&#8221; _builder_version=&#8221;4.24.0&#8243; _module_preset=&#8221;default&#8221; background_color=&#8221;#FFFFFF&#8221; background_enable_image=&#8221;off&#8221; parallax=&#8221;on&#8221; custom_padding=&#8221;0px||||false|false&#8221; locked=&#8221;off&#8221; collapsed=&#8221;off&#8221; global_colors_info=&#8221;{%22gcid-c67e4c14-9f9a-4541-bcfb-a3dbe227e267%22:%91%22background_color_gradient_stops%22%93,%22gcid-1533f4f9-5025-42ee-9c5e-1191f3d68cd0%22:%91%22background_color_gradient_stops%22%93,%22gcid-b7f06a10-4d36-4163-b049-62314b9050fc%22:%91%22background_color_gradient_stops%22,%22background_pattern_color%22%93}&#8221;][et_pb_row _builder_version=&#8221;4.24.0&#8243; _module_preset=&#8221;default&#8221; width=&#8221;90%&#8221; max_width=&#8221;100%&#8221; module_alignment=&#8221;center&#8221; custom_padding=&#8221;||0px||false|false&#8221; global_colors_info=&#8221;{}&#8221;][et_pb_column type=&#8221;4_4&#8243; _builder_version=&#8221;4.24.0&#8243; _module_preset=&#8221;default&#8221; global_colors_info=&#8221;{}&#8221;][et_pb_wc_breadcrumb breadcrumb_home_text=&#8221;Prad\u017eia&#8221; breadcrumb_separator=&#8221;|&#8221; _builder_version=&#8221;4.24.0&#8243; _module_preset=&#8221;default&#8221; body_font=&#8221;|300|||||||&#8221; body_text_color=&#8221;#000000&#8243; background_color=&#8221;#f4f4f4&#8243; custom_padding=&#8221;|||15px|false|false&#8221; body_font_size_tablet=&#8221;15px&#8221; body_font_size_phone=&#8221;14px&#8221; body_font_size_last_edited=&#8221;off|desktop&#8221; border_radii=&#8221;on|10px|10px|10px|10px&#8221; border_color_all=&#8221;#000000&#8243; global_colors_info=&#8221;{}&#8221;][\/et_pb_wc_breadcrumb][\/et_pb_column][\/et_pb_row][et_pb_row use_custom_gutter=&#8221;on&#8221; gutter_width=&#8221;2&#8243; _builder_version=&#8221;4.24.0&#8243; _module_preset=&#8221;default&#8221; width=&#8221;90%&#8221; max_width=&#8221;100%&#8221; module_alignment=&#8221;center&#8221; global_colors_info=&#8221;{}&#8221;][et_pb_column type=&#8221;4_4&#8243; _builder_version=&#8221;4.24.0&#8243; _module_preset=&#8221;default&#8221; background_enable_color=&#8221;off&#8221; sticky_limit_bottom=&#8221;section&#8221; sticky_position_tablet=&#8221;none&#8221; sticky_position_phone=&#8221;none&#8221; sticky_position_last_edited=&#8221;off|desktop&#8221; global_colors_info=&#8221;{}&#8221;][dsm_block_reveal_text block_reveal_text=&#8221;@ET-DC@eyJkeW5hbWljIjp0cnVlLCJjb250ZW50IjoicG9zdF90aXRsZSIsInNldHRpbmdzIjp7ImJlZm9yZSI6IiIsImFmdGVyIjoiIn19@&#8221; heading_html_tag=&#8221;h1&#8243; block_reveal_color=&#8221;#0C71C3&#8243; _builder_version=&#8221;4.24.2&#8243; _dynamic_attributes=&#8221;block_reveal_text&#8221; _module_preset=&#8221;default&#8221; header_font=&#8221;|300|||||||&#8221; header_text_align=&#8221;center&#8221; header_text_color=&#8221;#000000&#8243; header_font_size=&#8221;25px&#8221; header_line_height=&#8221;1.6em&#8221; custom_margin=&#8221;0px||5px||false|false&#8221; custom_padding=&#8221;0px||||false|false&#8221; header_text_align_tablet=&#8221;center&#8221; header_text_align_phone=&#8221;center&#8221; header_text_align_last_edited=&#8221;on|phone&#8221; header_line_height_tablet=&#8221;1.2em&#8221; header_line_height_phone=&#8221;1.3em&#8221; header_line_height_last_edited=&#8221;on|phone&#8221; header_text_shadow_style=&#8221;preset5&#8243; header_text_shadow_horizontal_length=&#8221;0.02em&#8221; header_text_shadow_vertical_length=&#8221;0.02em&#8221; header_text_shadow_blur_strength=&#8221;0.02em&#8221; header_text_shadow_color=&#8221;#FFFFFF&#8221; border_width_bottom=&#8221;1px&#8221; border_color_bottom=&#8221;#DBDBDB&#8221; locked=&#8221;off&#8221; global_colors_info=&#8221;{}&#8221;][\/dsm_block_reveal_text][\/et_pb_column][\/et_pb_row][et_pb_row use_custom_gutter=&#8221;on&#8221; gutter_width=&#8221;2&#8243; _builder_version=&#8221;4.24.0&#8243; _module_preset=&#8221;default&#8221; width=&#8221;90%&#8221; max_width=&#8221;100%&#8221; module_alignment=&#8221;center&#8221; custom_padding=&#8221;10px||0px||false|false&#8221; global_colors_info=&#8221;{}&#8221;][et_pb_column type=&#8221;4_4&#8243; _builder_version=&#8221;4.24.0&#8243; _module_preset=&#8221;default&#8221; global_colors_info=&#8221;{}&#8221;][dsm_faq dsm_make_accordion_toggle=&#8221;on&#8221; dsm_enable_schema_markup=&#8221;on&#8221; dsm_open_bg_color=&#8221;#FFFFFF&#8221; dsm_close_bg_color=&#8221;#DBDBDB&#8221; dsm_animate_icon=&#8221;on&#8221; dsm_content_padding=&#8221;15px||||false|false&#8221; _builder_version=&#8221;4.27.2&#8243; _module_preset=&#8221;default&#8221; header_font=&#8221;|300|||||||&#8221; header_text_align=&#8221;justify&#8221; header_font_size=&#8221;22px&#8221; closed_header_font=&#8221;|300|||||||&#8221; closed_header_font_size=&#8221;17px&#8221; content_font=&#8221;|300|||||||&#8221; content_font_size=&#8221;17px&#8221; border_radii_dsm_toggle_open_border=&#8221;on|5px|5px|5px|5px&#8221; border_color_all_dsm_toggle_open_border=&#8221;#DBDBDB&#8221; border_radii_dsm_toggle_closed_border=&#8221;on|5px|5px|5px|5px&#8221; border_color_all_dsm_toggle_closed_border=&#8221;#DBDBDB&#8221; global_colors_info=&#8221;{}&#8221;][dsm_faq_child dsm_title=&#8221;Ar brang\u016bs ne\u0161iojamojo kompiuterio transportavimo lagaminai?&#8221; dsm_content=&#8221;<\/p>\n<p>\u201eHardFlightCase.com\u201c transportavimo lagamino kaina priklauso nuo konkretaus J\u016bs\u0173 poreikio, kokio dyd\u017eio transportavimo lagamin\u0105 pasirinksite ir kokius priedus nor\u0117site \u012fsigyti.<\/p>\n<p>Ant kiekvieno m\u016bs\u0173 gaminamo transportavimo lagamino gali b\u016bti atvaizduotas j\u016bs\u0173 \u012fmon\u0117s prekinis \u017eenklas, o pats lagaminas gali b\u016bti tokios spalvos, kokios konkre\u010dioje situacijoje pageidauja u\u017esakovas.<\/p>\n<p>Jeigu norite gauti individual\u0173 pasi\u016blym\u0105, susiekite su mumis. Susisiekdami d\u0117l individualaus pasi\u016blymo, pasistenkite u\u017eklausoje pateikti kuo daugiau informacijos, k\u0105 norite laikyti ne\u0161iojamojo kompiuterio transportavimo lagamine, pageidaujami matmenys, ar yra poreikis papildomai individualizuoti pat\u012f transportavimo lagamin\u0105. Tur\u0117dami kuo pilnesn\u0119 informacij\u0105 gal\u0117sime Jums rekomenduoti optimaliausi\u0105 sprendim\u0105, kuris atitiks J\u016bs\u0173 biud\u017eet\u0105.<\/p>\n<p>&#8221; _builder_version=&#8221;4.27.2&#8243; _module_preset=&#8221;default&#8221; global_colors_info=&#8221;{}&#8221;][\/dsm_faq_child][dsm_faq_child dsm_title=&#8221;Kaip u\u017esisakyti ne\u0161iojamojo kompiuterio transportavimo lagamin\u0105?&#8221; dsm_content=&#8221;<\/p>\n<p>U\u017esisakyti transportavimo lagamin\u0105 negali b\u016bti lengviau nei naudojant u\u017esakymo form\u0105 svetain\u0117je. M\u016bs\u0173 komanda visada pasiruo\u0161usi atsakyti \u012f visus klausimus ir patarti \u012fsigyjant nauj\u0105 ne\u0161iojamojo kompiuterio transportavimo lagamin\u0105.<\/p>\n<p>Kiekvienas m\u016bs\u0173 klientas yra skirtingas ir jam reikia ne\u0161iojamojo kompiuterio transportavimo lagamino skirtingai paskir\u010diai. Tai gali b\u016bti ne\u0161iojamojo kompiuterio saugus laikymas jo nenaudojant ar da\u017enos kelion\u0117s. Nepriklausomai nuo j\u016bs\u0173 poreiki\u0173 ir reikaling\u0173 specifikacij\u0173, esame \u012fsitikin\u0119, kad turime Jums tinkamiausi\u0105 sprendim\u0105.<\/p>\n<p>Pirmasis j\u016bs\u0173 \u017eingsnis yra susisiekti.<\/p>\n<p>Nor\u0117dami prad\u0117ti savo u\u017esakym\u0105, atsi\u0173skite savo poreikius adresu info@hardflightcase.com ir mes kiek \u012fmanoma grei\u010diau susisieksime su Jumis ir pateiksime preliminari\u0105 kain\u0105 pagal j\u016bs\u0173 poreikius.<\/p>\n<p>&#8221; _builder_version=&#8221;4.27.2&#8243; _module_preset=&#8221;default&#8221; global_colors_info=&#8221;{}&#8221;][\/dsm_faq_child][dsm_faq_child dsm_title=&#8221;Kod\u0117l ne\u0161iojamojo kompiuterio transportavimo lagamin\u0105 tur\u0117\u010diau rinktis i\u0161 \u201eHardFlightCase.com\u201c?&#8221; dsm_content=&#8221;<\/p>\n<p>\u201eHardFlightCase.com\u201c yra saugi\u0173 transportavimo lagamin\u0173 ir d\u0117\u017ei\u0173 gamintojas. Mes galime suprojektuoti visk\u0105, nuo ne\u0161iojamojo kompiuterio transportavimo lagamino iki ginkl\u0173 transportavimo d\u0117\u017e\u0117s ar saugaus paveikslo perve\u017eimo d\u0117\u017e\u0117s. Visada atsi\u017evelgdami \u012f kiekvieno kliento unikalius poreikius.<\/p>\n<p>M\u016bs\u0173 gaminami lagaminai pagal u\u017esakym\u0105, leid\u017eia sukurti transportavimo lagamin\u0105 ne\u0161iojamajam kompiuteriui, kuris atitinka J\u016bs\u0173 gyvenimo b\u016bd\u0105. Nesvarbu, ar J\u016bs norite apsaugoti savo kompiuter\u012f kelyje, ar tiesiog reikia palikti kompiuter\u012f saugioje vietoje savaitgaliui. Garantuojame, kad toks sprendimas tikrai bus naudingas, apsaugant savo kompiuter\u012f, transportavimo lagamino pagalba.<\/p>\n<p>Kiekvieno u\u017esakymo metu siekiame, kad kiekvienas klientas b\u016bt\u0173 patenkintas. Kad tai pasiektume, dirbsime, kad J\u016bs gautum\u0117te nauj\u0105 prakti\u0161k\u0105 ir patikim\u0105 kelion\u0117s kompanion\u0105.<\/p>\n<p>Jei turite daugiau klausim\u0173 arba norite su\u017einoti daugiau apie m\u016bs\u0173 ne\u0161iojamojo kompiuterio skryd\u017eio d\u0117klus, nedvejodami skambinkite mums +370 670 24494 \u2013 mes mielai Jums pad\u0117sime.<\/p>\n<p>&#8221; _builder_version=&#8221;4.27.2&#8243; _module_preset=&#8221;default&#8221; global_colors_info=&#8221;{}&#8221;][\/dsm_faq_child][dsm_faq_child dsm_title=&#8221;Ar galiu suasmeninti ne\u0161iojamojo kompiuterio transportavimo lagamin\u0105?&#8221; dsm_content=&#8221;<\/p>\n<p>\u201eHardFlightCase.com\u201c komanda d\u017eiaugiasi, gal\u0117dama asmeni\u0161kai Jums, pritaikyti transportavimo lagamin\u0105.<\/p>\n<p>Naudodami plastazot\u0105 kuris u\u017etikrina, kad j\u016bs\u0173 ne\u0161iojamasis kompiuteris visada b\u016bt\u0173 saugus, galime suprojektuoti papildomas ertmes, kuriose saugiai tilps visi reikalingi ne\u0161iojamo kompiuterio priedai, krovimo laidas, jungtys, kietas diskas&#8230;.<\/p>\n<p>Gamindami individualiai, galime pritaikyti prie J\u016bs\u0173 ne tiktai vid\u0173.<\/p>\n<p>Patvarumas yra svarbiausias faktorius, kai kalbame apie ne\u0161iojamojo kompiuterio transportavimo lagamin\u0105, bet mes taip pat \u017einome, kokia svarbi yra jo i\u0161vaizda.<\/p>\n<p>Tod\u0117l mes si\u016blome \u012fvairius pritaikymo variantus \u2013 nuo \u012fvairi\u0173 spalv\u0173 med\u017eiag\u0173 iki oda aptraukto i\u0161orinio korpuso.<\/p>\n<p>Pavyzd\u017eiui, galb\u016bt j\u016bs\u0173 ne\u0161iojamojo kompiuterio skryd\u017eio d\u0117klas prisijungs prie j\u016bs\u0173, kol lankysite klientus visame pasaulyje? \u0160ilkografijos d\u0117ka j\u016bs\u0173 prek\u0117s \u017eenklas gali b\u016bti atspausdintas ant J\u016bs\u0173 lagamino, tod\u0117l j\u016bs\u0173 \u012fmon\u0117 nebus pamir\u0161ta.<\/p>\n<p>&#8221; _builder_version=&#8221;4.27.2&#8243; _module_preset=&#8221;default&#8221; global_colors_info=&#8221;{}&#8221;][\/dsm_faq_child][dsm_faq_child dsm_title=&#8221;Nematau savo turimo ne\u0161iojamojo kompiuterio transportavimo lagamino. Ar galite  pagaminti vienetin\u012f model\u012f?&#8221; dsm_content=&#8221;<\/p>\n<p>Mums b\u016bt\u0173 ne\u012fmanoma tur\u0117ti absoliu\u010diai vis\u0173 ne\u0161iojam\u0173j\u0173 kompiuteri\u0173 gamintoj\u0173 ir modeli\u0173 transportavimo lagamin\u0173, tod\u0117l m\u016bs\u0173 svetain\u0117je galite ir nerasti savojo.<\/p>\n<p>Nesijaudinkite \u2013 galime suprojektuoti pagal u\u017esakym\u0105, ne\u0161iojamojo kompiuterio transportavimo lagamin\u0105, kuris tikt\u0173 j\u016bs\u0173 turimam konkre\u010diam ne\u0161iojamam kompiuteriui.<\/p>\n<p>\u017dinome, koks yra svarbus ne\u0161iojamojo kompiuterio transportavimo lagaminas, kai reikia apsaugoti j\u016bs\u0173 \u012frang\u0105 nuo sm\u016bgi\u0173 ar sugadinimo. Nesvarbu, koksai J\u016bs\u0173 turimo kompiuterio dydis, svoris ar prekinis \u017eenklas, visada pasiruo\u0161\u0119 pad\u0117ti.<\/p>\n<p>Tiesiog susisiekite su mumis ir mes aptarsime su Jumis, kaip ir per kok\u012f laiko trap\u0105 mes galime Jums.<\/p>\n<p>&#8221; _builder_version=&#8221;4.27.2&#8243; _module_preset=&#8221;default&#8221; global_colors_info=&#8221;{}&#8221;][\/dsm_faq_child][dsm_faq_child dsm_title=&#8221;Kod\u0117l man reikia ne\u0161iojamojo kompiuterio transportavimo lagamino?&#8221; dsm_content=&#8221;<\/p>\n<p>Atsakymas yra paprastas, SAUGUS ne\u0161iojamojo kompiuterio transportavimas, bet kokiomis s\u0105lygomis.<\/p>\n<p>N\u0117ra svarbu, ar J\u016bs daug keliaujate darbo reikalais, ar tiesiog norite ramyb\u0117s, kad keliaujant J\u016bs\u0173 ne\u0161iojamas kompiuteris bus apsaugotas nuo sm\u016bgi\u0173 ir pa\u017eeidim\u0173. Ne\u0161iojamojo kompiuterio transportavimo lagaminas i\u0161 \u201eHardFlightCase.com\u201c parduotuv\u0117s yra atsakymas.<\/p>\n<p>Transportavimo lagaminai sukurti atsi\u017evelgiant \u012f m\u016bs\u0173 klient\u0173 poreikius ir pagaminti i\u0161 tvirt\u0173 ir laiko patikrint\u0173 med\u017eiag\u0173, ne\u0161iojamojo kompiuterio transportavimo lagaminas i\u0161 \u201eHardFlightCase.com\u201c u\u017etikrina auk\u0161\u010diausi\u0105 apsaug\u0105 bet kuriuo gyvenimo atveju.<\/p>\n<p>Nuo ilg\u0173 skryd\u017ei\u0173 l\u0117ktuvu iki sud\u0117ting\u0173 kelioni\u0173 su pers\u0117dimais traukiniu, net kai J\u016bs keliaujate automobiliu, ne\u0161iojamojo kompiuterio lagaminas apsaugos J\u016bs\u0173 ne\u0161iojam\u0105j\u012f kompiuter\u012f nuo \u012fvairios galimos \u017ealos.<\/p>\n<p>Ne\u0161iojamojo kompiuterio transportavimo lagaminas taipogi u\u017etikrina, kad J\u016bs\u0173 ne\u0161iojamas kompiuteris b\u016bt\u0173 laikomas saugioje aplinkoje, kai J\u016bs jo nenaudojate \u2013 pavyzd\u017eiui, savaitgaliais.<\/p>\n<p>Visi m\u016bs\u0173 ne\u0161iojam\u0173j\u0173 kompiuteri\u0173 transportavimo lagaminai, papildomoje komplektacijoje, gali tur\u0117ti \u012fvairi\u0173 saugos funkcij\u0173, o tai rei\u0161kia, kad tik j\u016bs galite atidaryti ne\u0161iojamojo kompiuterio lagamin\u0105. Sud\u0117jus visus galimus saugumo faktorius, J\u016bs galite keliauti ramiai ir be papildomo streso, \u017einant, kad ne\u0161iojamasis kompiuteris yra visi\u0161kai saugus, transportavimo lagamine.<\/p>\n<p>&#8221; _builder_version=&#8221;4.27.2&#8243; _module_preset=&#8221;default&#8221; global_colors_info=&#8221;{}&#8221;][\/dsm_faq_child][\/dsm_faq][\/et_pb_column][\/et_pb_row][\/et_pb_section]<\/p>\n","protected":false},"excerpt":{"rendered":"<p><div class=\"et_pb_with_border et_pb_module dsm_block_reveal_text dsm_block_reveal_text_0\">\n\t\t\t\t\n\t\t\t\t\n\t\t\t\t\n\t\t\t\t\n\t\t\t\t\n\t\t\t\t\n\t\t\t\t<div class=\"et_pb_module_inner\">\n\t\t\t\t\t<div class=\"dsm_block_reveal_text_wrapper\" data-dsm-block-reveal-animation=\"lr\" data-dsm-block-reveal-color=\"#0C71C3\" data-dsm-block-reveal-delay=\"0.1\" data-dsm-block-reveal-viewport=\"80%\"><\/div>\n\t\t\t\t<\/div>\n\t\t\t<\/div><div class=\"et_pb_with_border et_pb_module dsm_faq dsm_faq_0\">\n\t\t\t\t\n\t\t\t\t\n\t\t\t\t\n\t\t\t\t\n\t\t\t\t\n\t\t\t\t\n\t\t\t\t<div class=\"et_pb_module_inner\">\n\t\t\t\t\t<div class=\"dsm-faq-container dsm-front\" data-accordion=\"on\" data-open_first_item=\"off\">\n\t\t\t\t\n\t\t\t <\/div>\n\t\t\t \n\t\t\t\n\t\t\t\t<\/div>\n\t\t\t<\/div><div class=\"dsm_faq_child_0 dsm-faq-item-wrapper\">\n\t\t\t\t<div class=\"dsm-title-wrapper\">\n\t\t\t\t <div class=\"dsm-title-inner-wrapper\">\n\t\t\t\t   <div class=\"dsm_open_icon\"><span>K<\/span><\/div>\n\t\t\t\t   <div class=\"dsm_close_icon\"><span>L<\/span><\/div>\n\t\t\t\t   \n\t\t\t\t   \n\t\t\t\t   <h5 class=\"dsm-faq-title\">Ar brang\u016bs ne\u0161iojamojo kompiuterio transportavimo lagaminai?<\/h5>\n\t\t\t\t <\/div> \n\t\t\t\t <div class=\"dsm-faq-item-inner-wrapper\">\n\t\t\t\t   \n\t\t\t\t   \n\t\t\t\t   \n\t\t\t\t   \n\t\t\t\t <\/div>\n\t\t\t\t<\/div>\n\t\t\t\t<div class=\"dsm-faq-content\">\u201eHardFlightCase.com\u201c transportavimo lagamino kaina priklauso nuo konkretaus J\u016bs\u0173 poreikio, kokio dyd\u017eio transportavimo lagamin\u0105 pasirinksite ir kokius priedus nor\u0117site \u012fsigyti. Ant kiekvieno m\u016bs\u0173 gaminamo transportavimo lagamino gali b\u016bti atvaizduotas j\u016bs\u0173 \u012fmon\u0117s prekinis \u017eenklas, o pats lagaminas gali b\u016bti tokios spalvos, kokios konkre\u010dioje situacijoje pageidauja u\u017esakovas. Jeigu norite gauti individual\u0173 pasi\u016blym\u0105, susiekite su mumis. Susisiekdami d\u0117l individualaus pasi\u016blymo, pasistenkite u\u017eklausoje pateikti kuo daugiau informacijos, k\u0105 norite laikyti ne\u0161iojamojo kompiuterio transportavimo lagamine, pageidaujami matmenys, ar yra poreikis papildomai individualizuoti pat\u012f transportavimo lagamin\u0105. Tur\u0117dami kuo pilnesn\u0119 informacij\u0105 gal\u0117sime Jums rekomenduoti optimaliausi\u0105 sprendim\u0105, kuris atitiks J\u016bs\u0173 biud\u017eet\u0105.<\/div>\n\t\t\t <\/div>\n\t\t\t<div class=\"dsm_faq_child_1 dsm-faq-item-wrapper\">\n\t\t\t\t<div class=\"dsm-title-wrapper\">\n\t\t\t\t <div class=\"dsm-title-inner-wrapper\">\n\t\t\t\t   <div class=\"dsm_open_icon\"><span>K<\/span><\/div>\n\t\t\t\t   <div class=\"dsm_close_icon\"><span>L<\/span><\/div>\n\t\t\t\t   \n\t\t\t\t   \n\t\t\t\t   <h5 class=\"dsm-faq-title\">&#8221;Kaip<\/h5>\n\t\t\t\t <\/div> \n\t\t\t\t <div class=\"dsm-faq-item-inner-wrapper\">\n\t\t\t\t   \n\t\t\t\t   \n\t\t\t\t   \n\t\t\t\t   \n\t\t\t\t <\/div>\n\t\t\t\t<\/div>\n\t\t\t\t<div class=\"dsm-faq-content\">&#8221;U\u017esisakyti<\/div>\n\t\t\t <\/div>\n\t\t\t<\/p>\n","protected":false},"author":1,"featured_media":0,"parent":0,"menu_order":0,"comment_status":"closed","ping_status":"closed","template":"","meta":{"_et_pb_use_builder":"on","_et_pb_old_content":"","_et_gb_content_width":"","inline_featured_image":false,"footnotes":""},"class_list":["post-4143","page","type-page","status-publish","hentry"],"yoast_head":"<!-- This site is optimized with the Yoast SEO plugin v27.5 - https:\/\/yoast.com\/product\/yoast-seo-wordpress\/ -->\n<title>Transportavimo lagaminai kompiuteriams - DUK -<\/title>\n<meta name=\"description\" content=\"Transportavimo lagaminai kompiuteriams - DUK. Atsakome \u012f da\u017eniausiai u\u017eduodamus klausimus. Gaminame \u012fvairias d\u0117\u017ees transportavimui.\" \/>\n<meta name=\"robots\" content=\"index, follow, max-snippet:-1, max-image-preview:large, max-video-preview:-1\" \/>\n<link rel=\"canonical\" href=\"https:\/\/hardflightcase.com\/lt\/transportavimo-lagaminai-kompiuteriams-duk\/\" \/>\n<meta property=\"og:locale\" content=\"lt_LT\" \/>\n<meta property=\"og:type\" content=\"article\" \/>\n<meta property=\"og:title\" content=\"Transportavimo lagaminai kompiuteriams - DUK -\" \/>\n<meta property=\"og:description\" content=\"Transportavimo lagaminai kompiuteriams - DUK. Atsakome \u012f da\u017eniausiai u\u017eduodamus klausimus. Gaminame \u012fvairias d\u0117\u017ees transportavimui.\" \/>\n<meta property=\"og:url\" content=\"https:\/\/hardflightcase.com\/lt\/transportavimo-lagaminai-kompiuteriams-duk\/\" \/>\n<meta property=\"article:modified_time\" content=\"2025-01-10T14:25:15+00:00\" \/>\n<meta property=\"og:image\" content=\"https:\/\/hardflightcase.com\/wp-content\/uploads\/2024\/03\/transportavimo-lagaminas-kompiuteriui-04.webp\" \/>\n\t<meta property=\"og:image:width\" content=\"1500\" \/>\n\t<meta property=\"og:image:height\" content=\"1500\" \/>\n\t<meta property=\"og:image:type\" content=\"image\/webp\" \/>\n<meta name=\"twitter:card\" content=\"summary_large_image\" \/>\n<meta name=\"twitter:label1\" content=\"Est. reading time\" \/>\n\t<meta name=\"twitter:data1\" content=\"5 minut\u0117s\" \/>\n<script type=\"application\/ld+json\" class=\"yoast-schema-graph\">{\"@context\":\"https:\\\/\\\/schema.org\",\"@graph\":[{\"@type\":\"WebPage\",\"@id\":\"https:\\\/\\\/hardflightcase.com\\\/lt\\\/transportavimo-lagaminai-kompiuteriams-duk\\\/\",\"url\":\"https:\\\/\\\/hardflightcase.com\\\/lt\\\/transportavimo-lagaminai-kompiuteriams-duk\\\/\",\"name\":\"Transportavimo lagaminai kompiuteriams - DUK -\",\"isPartOf\":{\"@id\":\"https:\\\/\\\/hardflightcase.com\\\/lt\\\/#website\"},\"datePublished\":\"2024-02-12T12:14:25+00:00\",\"dateModified\":\"2025-01-10T14:25:15+00:00\",\"description\":\"Transportavimo lagaminai kompiuteriams - DUK. Atsakome \u012f da\u017eniausiai u\u017eduodamus klausimus. Gaminame \u012fvairias d\u0117\u017ees transportavimui.\",\"breadcrumb\":{\"@id\":\"https:\\\/\\\/hardflightcase.com\\\/lt\\\/transportavimo-lagaminai-kompiuteriams-duk\\\/#breadcrumb\"},\"inLanguage\":\"lt-LT\",\"potentialAction\":[{\"@type\":\"ReadAction\",\"target\":[\"https:\\\/\\\/hardflightcase.com\\\/lt\\\/transportavimo-lagaminai-kompiuteriams-duk\\\/\"]}]},{\"@type\":\"BreadcrumbList\",\"@id\":\"https:\\\/\\\/hardflightcase.com\\\/lt\\\/transportavimo-lagaminai-kompiuteriams-duk\\\/#breadcrumb\",\"itemListElement\":[{\"@type\":\"ListItem\",\"position\":1,\"name\":\"Home\",\"item\":\"https:\\\/\\\/hardflightcase.com\\\/lt\\\/\"},{\"@type\":\"ListItem\",\"position\":2,\"name\":\"Transportavimo lagaminai kompiuteriams &#8211; DUK\"}]},{\"@type\":\"WebSite\",\"@id\":\"https:\\\/\\\/hardflightcase.com\\\/lt\\\/#website\",\"url\":\"https:\\\/\\\/hardflightcase.com\\\/lt\\\/\",\"name\":\"\",\"description\":\"DEV - Transportavimo d\u0117\u017ei\u0173 gamyba ir projektavimas\",\"publisher\":{\"@id\":\"https:\\\/\\\/hardflightcase.com\\\/lt\\\/#organization\"},\"potentialAction\":[{\"@type\":\"SearchAction\",\"target\":{\"@type\":\"EntryPoint\",\"urlTemplate\":\"https:\\\/\\\/hardflightcase.com\\\/lt\\\/?s={search_term_string}\"},\"query-input\":{\"@type\":\"PropertyValueSpecification\",\"valueRequired\":true,\"valueName\":\"search_term_string\"}}],\"inLanguage\":\"lt-LT\"},{\"@type\":\"Organization\",\"@id\":\"https:\\\/\\\/hardflightcase.com\\\/lt\\\/#organization\",\"name\":\"HardFlightCase\",\"url\":\"https:\\\/\\\/hardflightcase.com\\\/lt\\\/\",\"logo\":{\"@type\":\"ImageObject\",\"inLanguage\":\"lt-LT\",\"@id\":\"https:\\\/\\\/hardflightcase.com\\\/lt\\\/#\\\/schema\\\/logo\\\/image\\\/\",\"url\":\"https:\\\/\\\/hardflightcase.com\\\/wp-content\\\/uploads\\\/2023\\\/01\\\/Baltas-logo-paprastas.svg\",\"contentUrl\":\"https:\\\/\\\/hardflightcase.com\\\/wp-content\\\/uploads\\\/2023\\\/01\\\/Baltas-logo-paprastas.svg\",\"width\":2245,\"height\":1587,\"caption\":\"HardFlightCase\"},\"image\":{\"@id\":\"https:\\\/\\\/hardflightcase.com\\\/lt\\\/#\\\/schema\\\/logo\\\/image\\\/\"}}]}<\/script>\n<!-- \/ Yoast SEO plugin. -->","yoast_head_json":{"title":"Transportavimo lagaminai kompiuteriams - DUK -","description":"Transportavimo lagaminai kompiuteriams - DUK. Atsakome \u012f da\u017eniausiai u\u017eduodamus klausimus. Gaminame \u012fvairias d\u0117\u017ees transportavimui.","robots":{"index":"index","follow":"follow","max-snippet":"max-snippet:-1","max-image-preview":"max-image-preview:large","max-video-preview":"max-video-preview:-1"},"canonical":"https:\/\/hardflightcase.com\/lt\/transportavimo-lagaminai-kompiuteriams-duk\/","og_locale":"lt_LT","og_type":"article","og_title":"Transportavimo lagaminai kompiuteriams - DUK -","og_description":"Transportavimo lagaminai kompiuteriams - DUK. Atsakome \u012f da\u017eniausiai u\u017eduodamus klausimus. Gaminame \u012fvairias d\u0117\u017ees transportavimui.","og_url":"https:\/\/hardflightcase.com\/lt\/transportavimo-lagaminai-kompiuteriams-duk\/","article_modified_time":"2025-01-10T14:25:15+00:00","og_image":[{"width":1500,"height":1500,"url":"https:\/\/hardflightcase.com\/wp-content\/uploads\/2024\/03\/transportavimo-lagaminas-kompiuteriui-04.webp","type":"image\/webp"}],"twitter_card":"summary_large_image","twitter_misc":{"Est. reading time":"5 minut\u0117s"},"schema":{"@context":"https:\/\/schema.org","@graph":[{"@type":"WebPage","@id":"https:\/\/hardflightcase.com\/lt\/transportavimo-lagaminai-kompiuteriams-duk\/","url":"https:\/\/hardflightcase.com\/lt\/transportavimo-lagaminai-kompiuteriams-duk\/","name":"Transportavimo lagaminai kompiuteriams - DUK -","isPartOf":{"@id":"https:\/\/hardflightcase.com\/lt\/#website"},"datePublished":"2024-02-12T12:14:25+00:00","dateModified":"2025-01-10T14:25:15+00:00","description":"Transportavimo lagaminai kompiuteriams - DUK. Atsakome \u012f da\u017eniausiai u\u017eduodamus klausimus. Gaminame \u012fvairias d\u0117\u017ees transportavimui.","breadcrumb":{"@id":"https:\/\/hardflightcase.com\/lt\/transportavimo-lagaminai-kompiuteriams-duk\/#breadcrumb"},"inLanguage":"lt-LT","potentialAction":[{"@type":"ReadAction","target":["https:\/\/hardflightcase.com\/lt\/transportavimo-lagaminai-kompiuteriams-duk\/"]}]},{"@type":"BreadcrumbList","@id":"https:\/\/hardflightcase.com\/lt\/transportavimo-lagaminai-kompiuteriams-duk\/#breadcrumb","itemListElement":[{"@type":"ListItem","position":1,"name":"Home","item":"https:\/\/hardflightcase.com\/lt\/"},{"@type":"ListItem","position":2,"name":"Transportavimo lagaminai kompiuteriams &#8211; DUK"}]},{"@type":"WebSite","@id":"https:\/\/hardflightcase.com\/lt\/#website","url":"https:\/\/hardflightcase.com\/lt\/","name":"","description":"DEV - Transportavimo d\u0117\u017ei\u0173 gamyba ir projektavimas","publisher":{"@id":"https:\/\/hardflightcase.com\/lt\/#organization"},"potentialAction":[{"@type":"SearchAction","target":{"@type":"EntryPoint","urlTemplate":"https:\/\/hardflightcase.com\/lt\/?s={search_term_string}"},"query-input":{"@type":"PropertyValueSpecification","valueRequired":true,"valueName":"search_term_string"}}],"inLanguage":"lt-LT"},{"@type":"Organization","@id":"https:\/\/hardflightcase.com\/lt\/#organization","name":"HardFlightCase","url":"https:\/\/hardflightcase.com\/lt\/","logo":{"@type":"ImageObject","inLanguage":"lt-LT","@id":"https:\/\/hardflightcase.com\/lt\/#\/schema\/logo\/image\/","url":"https:\/\/hardflightcase.com\/wp-content\/uploads\/2023\/01\/Baltas-logo-paprastas.svg","contentUrl":"https:\/\/hardflightcase.com\/wp-content\/uploads\/2023\/01\/Baltas-logo-paprastas.svg","width":2245,"height":1587,"caption":"HardFlightCase"},"image":{"@id":"https:\/\/hardflightcase.com\/lt\/#\/schema\/logo\/image\/"}}]}},"_links":{"self":[{"href":"https:\/\/hardflightcase.com\/lt\/wp-json\/wp\/v2\/pages\/4143","targetHints":{"allow":["GET"]}}],"collection":[{"href":"https:\/\/hardflightcase.com\/lt\/wp-json\/wp\/v2\/pages"}],"about":[{"href":"https:\/\/hardflightcase.com\/lt\/wp-json\/wp\/v2\/types\/page"}],"author":[{"embeddable":true,"href":"https:\/\/hardflightcase.com\/lt\/wp-json\/wp\/v2\/users\/1"}],"replies":[{"embeddable":true,"href":"https:\/\/hardflightcase.com\/lt\/wp-json\/wp\/v2\/comments?post=4143"}],"version-history":[{"count":7,"href":"https:\/\/hardflightcase.com\/lt\/wp-json\/wp\/v2\/pages\/4143\/revisions"}],"predecessor-version":[{"id":6643,"href":"https:\/\/hardflightcase.com\/lt\/wp-json\/wp\/v2\/pages\/4143\/revisions\/6643"}],"wp:attachment":[{"href":"https:\/\/hardflightcase.com\/lt\/wp-json\/wp\/v2\/media?parent=4143"}],"curies":[{"name":"wp","href":"https:\/\/api.w.org\/{rel}","templated":true}]}}